{"id":1992,"date":"2024-11-19T05:52:10","date_gmt":"2024-11-19T04:52:10","guid":{"rendered":"http:\/\/cavagiro.com\/?page_id=1992"},"modified":"2025-01-09T11:51:34","modified_gmt":"2025-01-09T10:51:34","slug":"rechtlicher-hinweis","status":"publish","type":"page","link":"https:\/\/cavagiro.com\/de\/avis-legal\/","title":{"rendered":"Rechtlicher Hinweis"},"content":{"rendered":"<div data-elementor-type=\"wp-page\" data-elementor-id=\"1992\" class=\"elementor elementor-1992\" data-elementor-post-type=\"page\">\n\t\t\t\t<div class=\"elementor-element elementor-element-1633d87 e-flex e-con-boxed e-con e-parent\" data-id=\"1633d87\" data-element_type=\"container\" data-e-type=\"container\" data-settings=\"{&quot;jet_parallax_layout_list&quot;:[]}\">\n\t\t\t\t\t<div class=\"e-con-inner\">\n\t\t\t\t<div class=\"elementor-element elementor-element-0f63d83 elementor-widget elementor-widget-text-editor\" data-id=\"0f63d83\" data-element_type=\"widget\" data-e-type=\"widget\" data-widget_type=\"text-editor.default\">\n\t\t\t\t<div class=\"elementor-widget-container\">\n\t\t\t\t\t\t\t\t\t<p id=\"6pv1ke\" data-toc-id=\"6pv1ke\"><strong>IDENTIT\u00c4T DES WEBSITE-EIGENT\u00dcMERS<\/strong><\/p><p><strong>Handelsname: CAVA GIR\u00d3<\/strong><\/p><p><strong>Firmenname: JAUME GIR\u00d3 I GIR\u00d3, SL <\/strong>(ab sofort DER EIGENT\u00dcMER DER WEBSITE)\u00a0<\/p><p><strong>NIF: B59121277<\/strong><\/p><p><strong>Adresse: Montaner i Oller, 5 Chamfr\u00e0 mit Ctra. de Martorell, 13, 08770, <\/strong><span style=\"font-size: 16px;\">Sant Sadurn\u00ed d&#039;Anoia<\/span><\/p><div class=\"col-md-6\"><div class=\"c-valueinput\"><strong style=\"font-size: 16px;\">Telefon: <span data-copy-to-clipboard-content=\"\">+34 93 891 01 65<\/span>\u00a0<\/strong><\/div><\/div><p><strong>E-Mail: cavagiro@cavagiro.com<\/strong><\/p><p id=\"v1o883\" data-toc-id=\"v1o883\"><strong>RECHTLICHE GESCH\u00c4FTSBEDINGUNGEN<\/strong><\/p><p>Durch die Nutzung dieser Website werden dem Browser die Bedingungen des Benutzers der Website zugeschrieben, was die Einhaltung der vorliegenden Bedingungen in der zum Zeitpunkt der Zugangserlaubnis ver\u00f6ffentlichten Fassung voraussetzt. Aus diesem Grund empfiehlt DER EIGENT\u00dcMER DER WEBSITE dem Benutzer, diese bei jedem Zugriff auf die Website sorgf\u00e4ltig zu lesen. Der Zugriff auf bestimmte \u00fcber diese Website angebotene Inhalte kann bestimmten spezifischen Bedingungen unterliegen, die je nach Fall diese Allgemeinen Gesch\u00e4ftsbedingungen ersetzen, erg\u00e4nzen und\/oder modifizieren. Daher muss der Nutzer vor dem Zugriff und\/oder der Nutzung dieser Inhalte auch die entsprechenden besonderen Bedingungen sorgf\u00e4ltig lesen. DER EIGENT\u00dcMER DER WEBSITE kann jederzeit und ohne Vorank\u00fcndigung das Design, die Pr\u00e4sentation und\/oder die Konfiguration der Website sowie einige oder alle Inhalte \u00e4ndern und die allgemeinen Bedingungen und\/oder besonderen Bedingungen, die f\u00fcr deren Nutzung erforderlich sind, \u00e4ndern .<\/p><p id=\"e9yizi\" data-toc-id=\"e9yizi\"><strong>VERANTWORTUNG UND GARANTIE DES WEBSITE-EIGENT\u00dcMERS<\/strong><\/p><p id=\"d1br09\" data-toc-id=\"d1br09\"><strong>ZUGANG<\/strong><\/p><p>Der Zugang zur Website ist f\u00fcr die Nutzer grunds\u00e4tzlich frei und kostenfrei m\u00f6glich. Der EIGENT\u00dcMER DER WEBSITE beh\u00e4lt sich jedoch gem\u00e4\u00df der geltenden Gesetzgebung das Recht vor, den Zugriff auf bestimmte Bereiche der Website einzuschr\u00e4nken. In diesen F\u00e4llen muss sich der Benutzer als Voraussetzung f\u00fcr den Zugriff auf den Dienst registrieren und alle angeforderten Informationen in aktueller und wahrer Form angeben (siehe Datenschutzrichtlinie). Die Nutzung des Passwortes ist personenbezogen und nicht \u00fcbertragbar, es darf nicht, auch nicht vor\u00fcbergehend, an Dritte weitergegeben werden. In diesem Sinne verpflichtet sich der Nutzer, sorgf\u00e4ltig vorzugehen und diese geheim zu halten, wobei er die volle Verantwortung f\u00fcr die Folgen seiner Offenlegung gegen\u00fcber Dritten \u00fcbernimmt.<\/p><p id=\"zt38us\" data-toc-id=\"zt38us\"><strong>INHALT<\/strong><\/p><p>DER EIGENT\u00dcMER DER WEBSITE beh\u00e4lt sich das Recht vor, den Zugriff auf seine Website sowie die Bereitstellung einiger oder aller \u00fcber sie bereitgestellten Inhalte jederzeit und ohne vorherige Ank\u00fcndigung zu unterbrechen, sei es aus technischen Gr\u00fcnden, aus Sicherheits-, Kontroll-, Wartungs- oder Stromgr\u00fcnden Versorgungsausf\u00e4lle oder aus anderen Gr\u00fcnden. Diese Unterbrechung kann vor\u00fcbergehend oder dauerhaft sein. In diesem Fall wird dieser Umstand den Benutzern mitgeteilt, die ggf. den Verlust der in den verschiedenen Diensten gespeicherten Informationen erleiden k\u00f6nnen. Folglich garantiert DER EIGENT\u00dcMER DER WEBSITE nicht die Zuverl\u00e4ssigkeit, Verf\u00fcgbarkeit oder Kontinuit\u00e4t seiner Website oder der Inhalte, sowohl seiner eigenen als auch der anderer Websites, auf die \u00fcber Links zugegriffen werden kann, so dass die Nutzung derselben durch den Benutzer zul\u00e4ssig ist erfolgt auf eigene Kosten und Gefahr, ohne dass vom EIGENT\u00dcMER DER WEBSITE diesbez\u00fcglich zu irgendeinem Zeitpunkt eine Haftung verlangt werden kann. DER EIGENT\u00dcMER DER WEBSITE ist nicht verantwortlich f\u00fcr Sch\u00e4den, Verluste, Anspr\u00fcche oder Ausgaben jeglicher Art, f\u00fcr die von der Website erfassten oder abgerufenen Informationen, f\u00fcr Computerviren, Betriebsausf\u00e4lle oder Unterbrechungen des Dienstes oder der \u00dcbertragung, oder Leitungsausf\u00e4lle. Es ist verboten, \u00fcber die Website illegale oder unerlaubte Inhalte, Computerviren oder Nachrichten zu \u00fcbertragen oder zu versenden, die im Allgemeinen die Rechte des WEBSITE-EIGENT\u00dcMERS oder Dritter beeintr\u00e4chtigen oder verletzen.<\/p><p id=\"vlh1q9\" data-toc-id=\"vlh1q9\"><strong>INDUSTRIELLES UND GEISTIGES EIGENTUM<\/strong><\/p><p>Diese Website ist Eigentum DES WEBSITE-EIGENT\u00dcMERS. Die geistigen Eigentumsrechte sowie die Verwertungs- und Vervielf\u00e4ltigungsrechte dieser Website, ihrer Seiten, Bildschirme, der darin enthaltenen Informationen, ihres Erscheinungsbilds und Designs sowie der von ihr zu anderen Seiten hergestellten Links sind ausschlie\u00dfliches Eigentum dieser Website, sofern nicht anders angegeben. Alle Namen, Designs und\/oder Logos, aus denen diese Seite besteht, sind ordnungsgem\u00e4\u00df eingetragene Marken. Wer von einer anderen Person als seinem rechtm\u00e4\u00dfigen Eigent\u00fcmer ein Unrecht begeht, kann nach geltendem Recht strafrechtlich verfolgt werden. Die geistigen Eigentumsrechte und Markenzeichen Dritter werden ausdr\u00fccklich hervorgehoben und m\u00fcssen von jedem, der auf die Website zugreift, respektiert werden. Das Herunterladen des Inhalts sowie das Kopieren oder Ausdrucken jeglicher Seiten dieser Website ist nur f\u00fcr den pers\u00f6nlichen und privaten Gebrauch gestattet. Es ist verboten, die Informationen, Inhalte oder Warnungen dieser Website ohne vorherige schriftliche Genehmigung des EIGENT\u00dcMERS DER WEBSITE zu reproduzieren, zu \u00fcbertragen, zu \u00e4ndern oder zu l\u00f6schen.<\/p><p id=\"z3uy78\" data-toc-id=\"z3uy78\"><strong>ANWENDBARE RECHTSVORSCHRIFTEN<\/strong><\/p><p>Diese Allgemeinen Gesch\u00e4ftsbedingungen unterliegen der spanischen Gesetzgebung.<\/p><p id=\"9cb09b\" data-toc-id=\"9cb09b\"><strong>DATENSCHUTZRICHTLINIE<\/strong><\/p><p>Im Sinne der geltenden Vorschriften zum Schutz personenbezogener Daten teilt DER EIGENT\u00dcMER DER WEBSITE mit, dass die personenbezogenen Daten, die Sie beim Surfen auf unserer Website angeben, in die Datenverarbeitungsverantwortung des EIGENT\u00dcMERS DER WEBSITE fallen Einziger Zweck, Ihre Anfrage bearbeiten zu k\u00f6nnen. Nur f\u00fcr den Fall, dass der Nutzer seine ausdr\u00fcckliche Zustimmung gegeben hat, wird ihm DER EIGENT\u00dcMER DER WEBSITE Informationen zusenden; technisch, operativ und kommerziell, mit allen Mitteln, einschlie\u00dflich E-Mail und\/oder gleichwertigen Mitteln, zu Produkten, Dienstleistungen, Angeboten und Neuigkeiten, die wir f\u00fcr den Benutzer als interessant erachten. Der EIGENT\u00dcMER DER WEBSITE verpflichtet sich, seiner Verpflichtung zur Vertraulichkeit personenbezogener Daten und seiner Aufbewahrungspflicht nachzukommen und wird unter Ber\u00fccksichtigung des aktuellen Stands der Technik die erforderlichen Ma\u00dfnahmen ergreifen, um deren \u00c4nderung, Verlust, Behandlung oder unbefugten Zugriff zu verhindern unter Einhaltung technischer und organisatorischer Sicherheitsma\u00dfnahmen. Abschlie\u00dfend informieren wir Sie \u00fcber die M\u00f6glichkeit, die Rechte auf Zugang, Berichtigung, L\u00f6schung und Widerspruch \u00fcber ein an den Systemadministrator gerichtetes Formular auszu\u00fcben.<\/p>\t\t\t\t\t\t\t\t<\/div>\n\t\t\t\t<\/div>\n\t\t\t\t\t<\/div>\n\t\t\t\t<\/div>\n\t\t\t\t<\/div>","protected":false},"excerpt":{"rendered":"<p>IDENTITAT DEL TITULAR DEL LLOC WEB Nom comercial: CAVA GIR\u00d3 Denominaci\u00f3 social: JAUME GIR\u00d3 I GIR\u00d3, S.L. (des d\u2019ara EL TITULAR DEL WEB)\u00a0 NIF: B59121277 Adre\u00e7a: Montaner i Oller, 5 xamfr\u00e0 amb Ctra. de Martorell, 13, 08770, Sant Sadurn\u00ed d&#8217;Anoia Tel\u00e8fon: +34 93 891 01 65\u00a0 eMail: cavagiro@cavagiro.com TERMES LEGALS I CONDICIONS La utilitzaci\u00f3 d\u2019aquest [&hellip;]<\/p>\n","protected":false},"author":1,"featured_media":0,"parent":0,"menu_order":7,"comment_status":"closed","ping_status":"closed","template":"","meta":{"site-sidebar-layout":"no-sidebar","site-content-layout":"page-builder","ast-site-content-layout":"full-width-container","site-content-style":"default","site-sidebar-style":"default","ast-global-header-display":"","ast-banner-title-visibility":"","ast-main-header-display":"","ast-hfb-above-header-display":"","ast-hfb-below-header-display":"","ast-hfb-mobile-header-display":"","site-post-title":"disabled","ast-breadcrumbs-content":"","ast-featured-img":"disabled","footer-sml-layout":"","ast-disable-related-posts":"","theme-transparent-header-meta":"","adv-header-id-meta":"","stick-header-meta":"","header-above-stick-meta":"","header-main-stick-meta":"","header-below-stick-meta":"","astra-migrate-meta-layouts":"set","ast-page-background-enabled":"default","ast-page-background-meta":{"desktop":{"background-color":"var(--ast-global-color-4)","background-image":"","background-repeat":"repeat","background-position":"center center","background-size":"auto","background-attachment":"scroll","background-type":"","background-media":"","overlay-type":"","overlay-color":"","overlay-opacity":"","overlay-gradient":""},"tablet":{"background-color":"","background-image":"","background-repeat":"repeat","background-position":"center center","background-size":"auto","background-attachment":"scroll","background-type":"","background-media":"","overlay-type":"","overlay-color":"","overlay-opacity":"","overlay-gradient":""},"mobile":{"background-color":"","background-image":"","background-repeat":"repeat","background-position":"center center","background-size":"auto","background-attachment":"scroll","background-type":"","background-media":"","overlay-type":"","overlay-color":"","overlay-opacity":"","overlay-gradient":""}},"ast-content-background-meta":{"desktop":{"background-color":"var(--ast-global-color-5)","background-image":"","background-repeat":"repeat","background-position":"center center","background-size":"auto","background-attachment":"scroll","background-type":"","background-media":"","overlay-type":"","overlay-color":"","overlay-opacity":"","overlay-gradient":""},"tablet":{"background-color":"var(--ast-global-color-5)","background-image":"","background-repeat":"repeat","background-position":"center center","background-size":"auto","background-attachment":"scroll","background-type":"","background-media":"","overlay-type":"","overlay-color":"","overlay-opacity":"","overlay-gradient":""},"mobile":{"background-color":"var(--ast-global-color-5)","background-image":"","background-repeat":"repeat","background-position":"center center","background-size":"auto","background-attachment":"scroll","background-type":"","background-media":"","overlay-type":"","overlay-color":"","overlay-opacity":"","overlay-gradient":""}},"footnotes":""},"class_list":["post-1992","page","type-page","status-publish","hentry"],"_links":{"self":[{"href":"https:\/\/cavagiro.com\/de\/wp-json\/wp\/v2\/pages\/1992","targetHints":{"allow":["GET"]}}],"collection":[{"href":"https:\/\/cavagiro.com\/de\/wp-json\/wp\/v2\/pages"}],"about":[{"href":"https:\/\/cavagiro.com\/de\/wp-json\/wp\/v2\/types\/page"}],"author":[{"embeddable":true,"href":"https:\/\/cavagiro.com\/de\/wp-json\/wp\/v2\/users\/1"}],"replies":[{"embeddable":true,"href":"https:\/\/cavagiro.com\/de\/wp-json\/wp\/v2\/comments?post=1992"}],"version-history":[{"count":8,"href":"https:\/\/cavagiro.com\/de\/wp-json\/wp\/v2\/pages\/1992\/revisions"}],"predecessor-version":[{"id":2788,"href":"https:\/\/cavagiro.com\/de\/wp-json\/wp\/v2\/pages\/1992\/revisions\/2788"}],"wp:attachment":[{"href":"https:\/\/cavagiro.com\/de\/wp-json\/wp\/v2\/media?parent=1992"}],"curies":[{"name":"wp","href":"https:\/\/api.w.org\/{rel}","templated":true}]}}