{"id":2007,"date":"2024-11-19T06:00:13","date_gmt":"2024-11-19T05:00:13","guid":{"rendered":"http:\/\/cavagiro.com\/?page_id=2007"},"modified":"2024-11-19T07:05:17","modified_gmt":"2024-11-19T06:05:17","slug":"datenschutzrichtlinie","status":"publish","type":"page","link":"https:\/\/cavagiro.com\/de\/politica-de-privacitat\/","title":{"rendered":"Datenschutzrichtlinie"},"content":{"rendered":"<div data-elementor-type=\"wp-page\" data-elementor-id=\"2007\" class=\"elementor elementor-2007\" data-elementor-post-type=\"page\">\n\t\t\t\t<div class=\"elementor-element elementor-element-1633d87 e-flex e-con-boxed e-con e-parent\" data-id=\"1633d87\" data-element_type=\"container\" data-e-type=\"container\" data-settings=\"{&quot;jet_parallax_layout_list&quot;:[]}\">\n\t\t\t\t\t<div class=\"e-con-inner\">\n\t\t\t\t<div class=\"elementor-element elementor-element-0f63d83 elementor-widget elementor-widget-text-editor\" data-id=\"0f63d83\" data-element_type=\"widget\" data-e-type=\"widget\" data-widget_type=\"text-editor.default\">\n\t\t\t\t<div class=\"elementor-widget-container\">\n\t\t\t\t\t\t\t\t\t<p data-pm-slice=\"1 1 []\">Diese Datenschutzerkl\u00e4rung stellt zusammen mit den Teilnahmebedingungen und dem Impressum den rechtlichen Rahmen dar, der die Nutzung der Website http:\/\/cavagiro.com\/ regelt. Diese Datenschutzrichtlinie regelt insbesondere die Nutzung und Behandlung Ihrer personenbezogenen Daten durch das UNTERNEHMEN als Nutzer der Website, da Sie durch den Zugriff auf diese Website zum Nutzer dieser Website werden (im Folgenden \u201eder Nutzer\u201c).<\/p><p>Diese Website ist Eigentum von:<\/p><p>JAUME GIR\u00d3 I GIR\u00d3, mit Sitz in Montaner i Oller, 5 chamfr\u00e0 mit Ctra. de Martorell, 13 08770 Sant Sadurn\u00ed d&#039;Anoia Barcelona und CIF: XXXXX, im Folgenden DAS UNTERNEHMEN.<\/p><p>Auf der Website finden Sie diese Datenschutzrichtlinie auf Katalanisch, sodass Sie sie jederzeit einsehen, archivieren oder ausdrucken k\u00f6nnen. Es ist m\u00f6glich, dass sie sich im Laufe der Zeit aufgrund von \u00c4nderungen auf der Website, gesetzgeberischen oder rechtswissenschaftlichen Entwicklungen oder aufgrund des Erscheinens neuer Kriterien der spanischen Datenschutzbeh\u00f6rde oder neuer europ\u00e4ischer Vorschriften, die uns zu k\u00fcnftigen \u00c4nderungen verpflichten, \u00e4ndern. Aus diesem Grund beh\u00e4lt sich DAS UNTERNEHMEN das Recht vor, diese Datenschutzrichtlinie zu \u00e4ndern und empfiehlt, sie bei jedem Zugriff auf die Website sorgf\u00e4ltig zu lesen.<\/p><p><strong>Vertraulichkeit<\/strong><\/p><p>Das UNTERNEHMEN verpflichtet sich, seiner Verpflichtung zur Vertraulichkeit personenbezogener Daten und ihrer Geheimhaltungspflicht nachzukommen und die erforderlichen Ma\u00dfnahmen zu ergreifen, um deren \u00c4nderung, Verlust, Behandlung oder unbefugten Zugriff zu verhindern, wobei stets der Stand der Technik zu ber\u00fccksichtigen ist.<\/p><p><strong>Datensicherheit<\/strong><\/p><p>Das UNTERNEHMEN garantiert die Ergreifung geeigneter Ma\u00dfnahmen, um die vertrauliche Behandlung dieser Daten sicherzustellen. Aus diesem Grund hat es alle notwendigen technischen und organisatorischen Sicherheitsma\u00dfnahmen umgesetzt, die die Integrit\u00e4t, Vertraulichkeit und Verf\u00fcgbarkeit der vom Nutzer bereitgestellten personenbezogenen Daten gew\u00e4hrleisten, insbesondere die in der DSGVO (Datenschutz-Grundverordnung \u2013 EU 2016\/679) vorgesehenen. vom 27. April), wodurch der Anwendungsbereich des Organgesetzes 15\/1999 vom 13. Dezember zum Schutz personenbezogener Daten erweitert wurde (LOPD) und seiner Entwicklungsverordnung RD 1720\/2007.<\/p><p><strong>Schutz personenbezogener Daten<\/strong><\/p><p>Die freiwillig zur Verf\u00fcgung gestellten personenbezogenen Daten werden gem\u00e4\u00df den in der geltenden Verordnung enthaltenen Schutzma\u00dfnahmen und Spezifikationen vertraulich behandelt und in einer ordnungsgem\u00e4\u00df bei der Datenschutzbeh\u00f6rde registrierten Datei gesammelt, deren Verantwortung das UNTERNEHMEN ist und deren Zweck die Verwaltung der Benutzer ist und Abonnenten sowie der Online-Verkauf von Produkten und die Bearbeitung von Anfragen.<\/p><p>Rechtsgrundlage f\u00fcr die Datenverarbeitung ist die Einwilligung des Abonnenten. Wir verarbeiten die personenbezogenen Daten der Newsletter-Registrierten ausschlie\u00dflich zu dem Zweck, ihnen unseren Newsletter zuzusenden. Wir verarbeiten die personenbezogenen Daten registrierter Benutzer und zahlender Abonnenten ausschlie\u00dflich zum Zweck der Verwaltung ihrer Verbindung mit DEM UNTERNEHMEN, der Erhebung von Geb\u00fchren (falls zutreffend), der Organisation von Aktivit\u00e4ten und Kampagnen und dem Versand informativer und kommerzieller Mitteilungen (auch auf elektronischem Weg). bedeutet).<\/p><p>Personenbezogene Daten werden nicht an Dritte weitergegeben (au\u00dfer aufgrund einer gesetzlichen Verpflichtung) und gem\u00e4\u00df den geltenden Rechnungslegungsvorschriften f\u00fcr einen Zeitraum von sechs (6) Jahren und gegebenenfalls f\u00fcr einen Zeitraum von zehn (10) Jahren gem\u00e4\u00df den Vorschriften f\u00fcr aufbewahrt die Verhinderung von Geldw\u00e4sche<\/p><p>Der Nutzer kann auf seine personenbezogenen Daten zugreifen und die Berichtigung unrichtiger Daten oder gegebenenfalls die L\u00f6schung oder L\u00f6schung verlangen, wenn die Daten f\u00fcr die erhobenen Zwecke nicht mehr erforderlich sind. Unter bestimmten Umst\u00e4nden und aus Gr\u00fcnden, die mit Ihrer besonderen Situation zusammenh\u00e4ngen, k\u00f6nnen Sie auch die Einschr\u00e4nkung, \u00dcbertragbarkeit und den Widerspruch der Verarbeitung Ihrer Daten verlangen.<\/p><p>Sie k\u00f6nnen Ihre Einwilligung zum Versand kommerzieller Mitteilungen widerrufen und die oben genannten Rechte aus\u00fcben, indem Sie eine E-Mail an senden <a href=\"mailto:cavagiro@cavagiro.com\">cavagiro@cavagiro.com<\/a>\u00a0 oder per Post an den Aktenverwalter am Firmensitz des UNTERNEHMENS, in beiden F\u00e4llen mit dem Betreff \u201eDatenschutz\u201c, mittels eines zu diesem Zweck unterschriebenen Briefes und unter Beif\u00fcgung einer Kopie Ihres Personalausweises.<\/p><p><strong>Informationen zu Cookies<\/strong><\/p><p>Die Website verwendet w\u00e4hrend der Navigation des Benutzers Cookies, um die Personalisierung und den Navigationskomfort zu erleichtern.<\/p><p>Ein Cookie ist eine Information, die von einem Webseitenserver an einen Browser gesendet wird und von diesem bei sp\u00e4teren Zugriffen auf diesen Server zur\u00fcckgegeben werden kann. Die \u201eCookies\u201c sind mit dem anonymen Benutzer und seinem Computer verkn\u00fcpft und geben nicht allein den Vor- oder Nachnamen des Benutzers bekannt.<\/p><p>Auf dieser Website werden Google-Cookies verwendet, um Werbung basierend auf fr\u00fcheren Besuchen auf der Website oder anderen Websites, die ebenfalls Google-Werbung anzeigen, anzuzeigen. Benutzer k\u00f6nnen sich daf\u00fcr entscheiden, das Tracking durch Werbe-Cookies nicht zu akzeptieren, indem sie auf Folgendes zugreifen: <a href=\"https:\/\/www.google.com\/settings\/ads\" target=\"_blank\" rel=\"noopener noreferrer nofollow\">https:\/\/www.google.com\/settings\/ads<\/a><\/p><p><strong>Arten von Cookies<\/strong><\/p><p>\u2013 Registrierungscookies: Zur Identifizierung des angemeldeten Benutzers.<\/p><p>- Werbe-Cookies: Um Werbeinhalte im Zusammenhang mit den Interessen des Benutzers anbieten zu k\u00f6nnen, entweder direkt oder \u00fcber Dritte, sogenannte Adserver.<\/p><p>\u2013 Analytische Cookies: Um Informationen im Zusammenhang mit der Zielgruppenmessung zu erhalten.<\/p><p>- Geolocation-Cookies: Sie liefern Informationen \u00fcber den geografischen Standort des Benutzers.<\/p><p>Der Benutzer hat die M\u00f6glichkeit, seinen Browser so zu konfigurieren, dass er \u00fcber den Empfang von \u201eCookies\u201c informiert wird, mit der M\u00f6glichkeit, auf Wunsch zu verhindern, dass diese auf seiner Festplatte installiert werden. F\u00fcr den Zugriff auf die Website ist die Installation von Cookies jedoch nicht zwingend erforderlich.<\/p><p>Abh\u00e4ngig vom verwendeten Browsertyp kann der Benutzer die Verwendung von Cookies deaktivieren in:<\/p><p>\u2013 Chrome: Einstellungen &gt; Erweiterte Einstellungen &gt; Datenschutz und Sicherheit &gt; Inhaltseinstellungen<\/p><p>\u2013 Firefox: Optionen &gt; Datenschutz und Sicherheit<\/p><p>\u2013 Edge: Einstellungen &gt; Erweiterte Einstellungen &gt; Datenschutz und Dienste<\/p><p>\u2013 Safari: Einstellungen &gt; Datenschutz<\/p><p><strong>LSSICE<\/strong><\/p><p>Ebenso weisen wir Sie darauf hin, dass wir diese Daten gem\u00e4\u00df den Bestimmungen des LSSICE nicht f\u00fcr den Versand kommerzieller Mitteilungen per E-Mail verwenden, die nicht angefordert oder nicht ausdr\u00fccklich und zuvor von der betroffenen Partei genehmigt wurden.<\/p><p><strong>Kommunikation<\/strong><\/p><p>F\u00fcr die Durchf\u00fchrung jeglicher Benachrichtigungen im Zusammenhang mit diesem Vertrag gibt das UNTERNEHMEN ausdr\u00fccklich die in diesem Text angegebene Adresse und der Benutzer ausdr\u00fccklich die im Antragsformular angegebene Adresse an. Um die Einstellung durchzuf\u00fchren, verpflichten Sie sich, die f\u00fcr die Kommunikation mit DEM UNTERNEHMEN angegebene E-Mail-Adresse (E-Mail) betriebsbereit, aktiv und aktuell zu halten, da dies das bevorzugte Kommunikationsmittel (wenn auch nicht das \u201eeinzigartige\u201c) darstellt. Generell verpflichtet und verpflichtet sich der Nutzer, seine pers\u00f6nlichen Daten und Kontaktdaten st\u00e4ndig auf dem neuesten Stand zu halten; und muss jede \u00c4nderung zuverl\u00e4ssig kommunizieren. Das Fehlen dieser Mitteilung bedeutet, dass die Mitteilungen an die auf dem Formular angegebene Adresse als g\u00fcltig gelten.<\/p><p><strong>Nichtigkeit und Unwirksamkeit von Klauseln<\/strong><\/p><p>Sollte eine Klausel dieser Datenschutzrichtlinie zusammen mit der Datenschutzrichtlinie und der Cookie-Richtlinie ganz oder teilweise f\u00fcr nichtig oder unwirksam erkl\u00e4rt werden, hat dies nur Auswirkungen auf diese Bestimmung oder einen Teil davon, der nichtig oder unwirksam ist, und beh\u00e4lt im \u00dcbrigen den Rest des Allgemeinen bei Bedingungen und unter Ber\u00fccksichtigung dieser Bestimmung oder des Teils davon, der betroffen ist, als nicht gesetzt, mit der Ausnahme, dass sie, wenn sie in den vorliegenden Allgemeinen Gesch\u00e4ftsbedingungen wesentlich ist, gilt um sie umfassend zu beeinflussen.<\/p><p><strong>Anwendbares Recht und Gerichtsstand<\/strong><\/p><p>Zur L\u00f6sung aller Streitigkeiten oder Angelegenheiten im Zusammenhang mit<\/p><p>Diese Website oder die durchgef\u00fchrten Aktivit\u00e4ten unterliegen in allen F\u00e4llen der spanischen Gesetzgebung, der sich die Parteien ausdr\u00fccklich unterwerfen. Die blo\u00dfe Tatsache, dass Sie die Dienste dieser Website nutzen, setzt die ausdr\u00fcckliche Annahme dieser Annahme der spanischen Gerichtsbarkeit voraus.<\/p><p>Ebenso und mit Ausnahme dessen, was im folgenden Absatz zum Ausdruck gebracht wird, stimmen die beteiligten Parteien zu, dass alle Rechtsstreitigkeiten, Unstimmigkeiten, Fragen oder Anspr\u00fcche, die sich aus der Ausf\u00fchrung oder Auslegung dieser Bedingungen oder verwandter oder anderer Texte, die m\u00f6glicherweise auf der Website vorhanden sind, ergeben, wird endg\u00fcltig durch Vorlage an die Gerichte von Barcelona unter ausdr\u00fccklichem Verzicht auf jede andere Zust\u00e4ndigkeit oder Zust\u00e4ndigkeitsabgrenzung, die m\u00f6glicherweise zust\u00e4ndig ist, gel\u00f6st.<\/p><p>Der vorstehende Absatz gilt nicht f\u00fcr den Fall, dass eine der Parteien ein Verbraucher oder Benutzer gem\u00e4\u00df der Definition der Vorschriften zum Schutz von Verbrauchern und Benutzern ist (K\u00f6nigliches Gesetzesdekret 1\/2007 vom 16. November, mit dem der \u00fcberarbeitete Text genehmigt wird). des Allgemeinen Gesetzes zum Schutz der Verbraucher und Nutzer und anderer erg\u00e4nzender Gesetze), in diesem Fall (und f\u00fcr einen Konflikt, der mit dem Gesetz in Zusammenhang steht und durch das Gesetz gesch\u00fctzt wird) die vorgesehene Stelle in dieser Gesetzgebung.<\/p>\t\t\t\t\t\t\t\t<\/div>\n\t\t\t\t<\/div>\n\t\t\t\t\t<\/div>\n\t\t\t\t<\/div>\n\t\t\t\t<\/div>","protected":false},"excerpt":{"rendered":"<p>La present Pol\u00edtica de Privacitat constitueix, juntament amb les Normes de participaci\u00f3 i l\u2019av\u00eds legal, el marc jur\u00eddic que regula l\u2019\u00fas del lloc web http:\/\/cavagiro.com\/ . Aquesta Pol\u00edtica de Privacitat regula espec\u00edficament l\u2019\u00fas i el tractament que L\u2019EMPRESA fa de les seves dades de car\u00e0cter personal com a usuari del lloc web, ja que en [&hellip;]<\/p>\n","protected":false},"author":1,"featured_media":0,"parent":0,"menu_order":21,"comment_status":"closed","ping_status":"closed","template":"","meta":{"site-sidebar-layout":"no-sidebar","site-content-layout":"page-builder","ast-site-content-layout":"full-width-container","site-content-style":"default","site-sidebar-style":"default","ast-global-header-display":"","ast-banner-title-visibility":"","ast-main-header-display":"","ast-hfb-above-header-display":"","ast-hfb-below-header-display":"","ast-hfb-mobile-header-display":"","site-post-title":"disabled","ast-breadcrumbs-content":"","ast-featured-img":"disabled","footer-sml-layout":"","ast-disable-related-posts":"","theme-transparent-header-meta":"","adv-header-id-meta":"","stick-header-meta":"","header-above-stick-meta":"","header-main-stick-meta":"","header-below-stick-meta":"","astra-migrate-meta-layouts":"set","ast-page-background-enabled":"default","ast-page-background-meta":{"desktop":{"background-color":"var(--ast-global-color-4)","background-image":"","background-repeat":"repeat","background-position":"center center","background-size":"auto","background-attachment":"scroll","background-type":"","background-media":"","overlay-type":"","overlay-color":"","overlay-opacity":"","overlay-gradient":""},"tablet":{"background-color":"","background-image":"","background-repeat":"repeat","background-position":"center center","background-size":"auto","background-attachment":"scroll","background-type":"","background-media":"","overlay-type":"","overlay-color":"","overlay-opacity":"","overlay-gradient":""},"mobile":{"background-color":"","background-image":"","background-repeat":"repeat","background-position":"center center","background-size":"auto","background-attachment":"scroll","background-type":"","background-media":"","overlay-type":"","overlay-color":"","overlay-opacity":"","overlay-gradient":""}},"ast-content-background-meta":{"desktop":{"background-color":"var(--ast-global-color-5)","background-image":"","background-repeat":"repeat","background-position":"center center","background-size":"auto","background-attachment":"scroll","background-type":"","background-media":"","overlay-type":"","overlay-color":"","overlay-opacity":"","overlay-gradient":""},"tablet":{"background-color":"var(--ast-global-color-5)","background-image":"","background-repeat":"repeat","background-position":"center center","background-size":"auto","background-attachment":"scroll","background-type":"","background-media":"","overlay-type":"","overlay-color":"","overlay-opacity":"","overlay-gradient":""},"mobile":{"background-color":"var(--ast-global-color-5)","background-image":"","background-repeat":"repeat","background-position":"center center","background-size":"auto","background-attachment":"scroll","background-type":"","background-media":"","overlay-type":"","overlay-color":"","overlay-opacity":"","overlay-gradient":""}},"footnotes":""},"class_list":["post-2007","page","type-page","status-publish","hentry"],"_links":{"self":[{"href":"https:\/\/cavagiro.com\/de\/wp-json\/wp\/v2\/pages\/2007","targetHints":{"allow":["GET"]}}],"collection":[{"href":"https:\/\/cavagiro.com\/de\/wp-json\/wp\/v2\/pages"}],"about":[{"href":"https:\/\/cavagiro.com\/de\/wp-json\/wp\/v2\/types\/page"}],"author":[{"embeddable":true,"href":"https:\/\/cavagiro.com\/de\/wp-json\/wp\/v2\/users\/1"}],"replies":[{"embeddable":true,"href":"https:\/\/cavagiro.com\/de\/wp-json\/wp\/v2\/comments?post=2007"}],"version-history":[{"count":5,"href":"https:\/\/cavagiro.com\/de\/wp-json\/wp\/v2\/pages\/2007\/revisions"}],"predecessor-version":[{"id":2132,"href":"https:\/\/cavagiro.com\/de\/wp-json\/wp\/v2\/pages\/2007\/revisions\/2132"}],"wp:attachment":[{"href":"https:\/\/cavagiro.com\/de\/wp-json\/wp\/v2\/media?parent=2007"}],"curies":[{"name":"wp","href":"https:\/\/api.w.org\/{rel}","templated":true}]}}