{"id":2012,"date":"2024-11-19T06:03:15","date_gmt":"2024-11-19T05:03:15","guid":{"rendered":"http:\/\/cavagiro.com\/?page_id=2012"},"modified":"2024-11-19T07:05:27","modified_gmt":"2024-11-19T06:05:27","slug":"erklarung-zur-barrierefreiheit","status":"publish","type":"page","link":"https:\/\/cavagiro.com\/de\/declaracio-daccessibilitat\/","title":{"rendered":"Erkl\u00e4rung zur Barrierefreiheit"},"content":{"rendered":"<div data-elementor-type=\"wp-page\" data-elementor-id=\"2012\" class=\"elementor elementor-2012\" data-elementor-post-type=\"page\">\n\t\t\t\t<div class=\"elementor-element elementor-element-1633d87 e-flex e-con-boxed e-con e-parent\" data-id=\"1633d87\" data-element_type=\"container\" data-e-type=\"container\" data-settings=\"{&quot;jet_parallax_layout_list&quot;:[]}\">\n\t\t\t\t\t<div class=\"e-con-inner\">\n\t\t\t\t<div class=\"elementor-element elementor-element-0f63d83 elementor-widget elementor-widget-text-editor\" data-id=\"0f63d83\" data-element_type=\"widget\" data-e-type=\"widget\" data-widget_type=\"text-editor.default\">\n\t\t\t\t<div class=\"elementor-widget-container\">\n\t\t\t\t\t\t\t\t\t<p data-pm-slice=\"1 1 []\">Wir verpflichten uns, unsere Website gem\u00e4\u00df dem K\u00f6niglichen Erlass 1112\/2018 vom 7. September \u00fcber die Barrierefreiheit von Websites und Anwendungen f\u00fcr mobile Ger\u00e4te im \u00f6ffentlichen Sektor (im Folgenden: K\u00f6niglicher Erlass 1112\/2018 vom 7. September) zug\u00e4nglich zu machen.<\/p><p><strong>Compliance-Status<\/strong><\/p><p>Diese Website entspricht teilweise dem K\u00f6niglichen Erlass 1112\/2018 vom 7. September, da die unten aufgef\u00fchrten Aspekte nicht eingehalten werden.<\/p><p><strong>Inhalt nicht zug\u00e4nglich<\/strong><\/p><p>Der folgende Inhalt ist aus folgenden Gr\u00fcnden nicht zug\u00e4nglich:<\/p><ul><li><p>Unverh\u00e4ltnism\u00e4\u00dfige Belastung: Nicht anwendbar.<\/p><\/li><\/ul><p><strong>Erstellung dieser Erkl\u00e4rung zur Barrierefreiheit<\/strong><\/p><p>Diese Stellungnahme wurde am 19. November 2024 erstellt. Als Methode zur Erstellung der Stellungnahme diente eine von der Stelle selbst durchgef\u00fchrte Selbsteinsch\u00e4tzung.<\/p><p><strong>Beobachtungen und Kontaktdaten<\/strong><\/p><p>Sie k\u00f6nnen Mitteilungen \u00fcber die Barrierefreiheitsanforderungen (Artikel 10.2.a) des K\u00f6niglichen Dekrets 1112\/2018 vom 7. September) machen, wie zum Beispiel:<\/p><ul><li><p>Melden Sie jeden m\u00f6glichen Versto\u00df auf dieser Website.<\/p><\/li><li><p>Vermitteln Sie andere Schwierigkeiten beim Zugriff auf Inhalte.<\/p><\/li><li><p>Stellen Sie sonstige Fragen oder Verbesserungsvorschl\u00e4ge zur Barrierefreiheit der Website.<\/p><\/li><\/ul><p>Auf folgende Weise:<\/p><ul><li><p>E-Mail: <a href=\"mailto:cavagiro@cavagiro.com\">cavagiro@cavagiro.com<\/a><\/p><\/li><li><p>Telefon: +34 93 891 01 65<\/p><\/li><\/ul><p>Die Mitteilungen werden von der Unternehmensleitung als der f\u00fcr den Inhalt dieser Website verantwortlichen Einheit entgegengenommen und behandelt.<\/p><p><strong>Optionaler Inhalt<\/strong><\/p><p>Die aktuell sichtbare Version dieser Website stammt vom November 2024 und wurde zu diesem Zeitpunkt auf den aktuellen Stand der Barrierefreiheit \u00fcberarbeitet. Ab diesem Datum werden t\u00e4glich Teil\u00fcberpr\u00fcfungen neuer oder ge\u00e4nderter Webinhalte, sowohl der Vorlagen als auch der endg\u00fcltig ver\u00f6ffentlichten Seiten und Dokumente, durchgef\u00fchrt, um die Einhaltung der Barrierefreiheitsanforderungen der UNE-Norm -EN 301549:2019 unter Ber\u00fccksichtigung der Ausnahmen sicherzustellen des K\u00f6niglichen Erlasses 1112\/2018 vom 7. September.<\/p><p>Zur Erleichterung der Barrierefreiheit werden unter anderem folgende Ma\u00dfnahmen ergriffen:<\/p><ul><li><p>Verwendung von alternativem Text auf Bildern.<\/p><\/li><li><p>Links liefern Details zur Funktion oder zum Ziel des Hyperlinks.<\/p><\/li><li><p>Verwendung von W3C-Standards: XHTML 1.0, CSS 3.0, WAI AA.<\/p><\/li><\/ul>\t\t\t\t\t\t\t\t<\/div>\n\t\t\t\t<\/div>\n\t\t\t\t\t<\/div>\n\t\t\t\t<\/div>\n\t\t\t\t<\/div>","protected":false},"excerpt":{"rendered":"<p>Estem compromesos a fer accessible el nostre lloc web de conformitat amb el Reial decret 1112\/2018, de 7 de setembre, sobre l\u2019accessibilitat dels llocs web i aplicacions per a dispositius m\u00f2bils del sector p\u00fablic (en endavant, Reial decret 1112\/2018, de 7 de setembre). Situaci\u00f3 de compliment Aquest lloc web \u00e9s parcialment conforme amb el Reial [&hellip;]<\/p>\n","protected":false},"author":1,"featured_media":0,"parent":0,"menu_order":13,"comment_status":"closed","ping_status":"closed","template":"","meta":{"site-sidebar-layout":"no-sidebar","site-content-layout":"page-builder","ast-site-content-layout":"full-width-container","site-content-style":"default","site-sidebar-style":"default","ast-global-header-display":"","ast-banner-title-visibility":"","ast-main-header-display":"","ast-hfb-above-header-display":"","ast-hfb-below-header-display":"","ast-hfb-mobile-header-display":"","site-post-title":"disabled","ast-breadcrumbs-content":"","ast-featured-img":"disabled","footer-sml-layout":"","ast-disable-related-posts":"","theme-transparent-header-meta":"","adv-header-id-meta":"","stick-header-meta":"","header-above-stick-meta":"","header-main-stick-meta":"","header-below-stick-meta":"","astra-migrate-meta-layouts":"set","ast-page-background-enabled":"default","ast-page-background-meta":{"desktop":{"background-color":"var(--ast-global-color-4)","background-image":"","background-repeat":"repeat","background-position":"center center","background-size":"auto","background-attachment":"scroll","background-type":"","background-media":"","overlay-type":"","overlay-color":"","overlay-opacity":"","overlay-gradient":""},"tablet":{"background-color":"","background-image":"","background-repeat":"repeat","background-position":"center center","background-size":"auto","background-attachment":"scroll","background-type":"","background-media":"","overlay-type":"","overlay-color":"","overlay-opacity":"","overlay-gradient":""},"mobile":{"background-color":"","background-image":"","background-repeat":"repeat","background-position":"center center","background-size":"auto","background-attachment":"scroll","background-type":"","background-media":"","overlay-type":"","overlay-color":"","overlay-opacity":"","overlay-gradient":""}},"ast-content-background-meta":{"desktop":{"background-color":"var(--ast-global-color-5)","background-image":"","background-repeat":"repeat","background-position":"center center","background-size":"auto","background-attachment":"scroll","background-type":"","background-media":"","overlay-type":"","overlay-color":"","overlay-opacity":"","overlay-gradient":""},"tablet":{"background-color":"var(--ast-global-color-5)","background-image":"","background-repeat":"repeat","background-position":"center center","background-size":"auto","background-attachment":"scroll","background-type":"","background-media":"","overlay-type":"","overlay-color":"","overlay-opacity":"","overlay-gradient":""},"mobile":{"background-color":"var(--ast-global-color-5)","background-image":"","background-repeat":"repeat","background-position":"center center","background-size":"auto","background-attachment":"scroll","background-type":"","background-media":"","overlay-type":"","overlay-color":"","overlay-opacity":"","overlay-gradient":""}},"footnotes":""},"class_list":["post-2012","page","type-page","status-publish","hentry"],"_links":{"self":[{"href":"https:\/\/cavagiro.com\/de\/wp-json\/wp\/v2\/pages\/2012","targetHints":{"allow":["GET"]}}],"collection":[{"href":"https:\/\/cavagiro.com\/de\/wp-json\/wp\/v2\/pages"}],"about":[{"href":"https:\/\/cavagiro.com\/de\/wp-json\/wp\/v2\/types\/page"}],"author":[{"embeddable":true,"href":"https:\/\/cavagiro.com\/de\/wp-json\/wp\/v2\/users\/1"}],"replies":[{"embeddable":true,"href":"https:\/\/cavagiro.com\/de\/wp-json\/wp\/v2\/comments?post=2012"}],"version-history":[{"count":5,"href":"https:\/\/cavagiro.com\/de\/wp-json\/wp\/v2\/pages\/2012\/revisions"}],"predecessor-version":[{"id":2138,"href":"https:\/\/cavagiro.com\/de\/wp-json\/wp\/v2\/pages\/2012\/revisions\/2138"}],"wp:attachment":[{"href":"https:\/\/cavagiro.com\/de\/wp-json\/wp\/v2\/media?parent=2012"}],"curies":[{"name":"wp","href":"https:\/\/api.w.org\/{rel}","templated":true}]}}