{"id":2215,"date":"2024-11-19T08:50:04","date_gmt":"2024-11-19T07:50:04","guid":{"rendered":"http:\/\/cavagiro.com\/?page_id=2215"},"modified":"2025-02-27T17:02:56","modified_gmt":"2025-02-27T16:02:56","slug":"erfahrungen","status":"publish","type":"page","link":"https:\/\/cavagiro.com\/de\/experiencies\/","title":{"rendered":"Erlebnisse"},"content":{"rendered":"<div data-elementor-type=\"wp-page\" data-elementor-id=\"2215\" class=\"elementor elementor-2215\" data-elementor-post-type=\"page\">\n\t\t\t\t<div class=\"elementor-element elementor-element-wxec5s7 e-flex e-con-boxed e-con e-parent\" data-id=\"wxec5s7\" data-element_type=\"container\" data-e-type=\"container\" data-settings=\"{&quot;background_background&quot;:&quot;classic&quot;,&quot;jet_parallax_layout_list&quot;:[]}\">\n\t\t\t\t\t<div class=\"e-con-inner\">\n\t\t<div class=\"elementor-element elementor-element-92627de e-con-full e-flex e-con e-child\" data-id=\"92627de\" data-element_type=\"container\" data-e-type=\"container\" data-settings=\"{&quot;jet_parallax_layout_list&quot;:[]}\">\n\t\t\t\t<div class=\"elementor-element elementor-element-a795c74 elementor-widget elementor-widget-heading\" data-id=\"a795c74\" data-element_type=\"widget\" data-e-type=\"widget\" data-widget_type=\"heading.default\">\n\t\t\t\t<div class=\"elementor-widget-container\">\n\t\t\t\t\t<h5 class=\"elementor-heading-title elementor-size-default\">Entdecken Sie Cava Jaume Gir\u00f3 i Gir\u00f3<\/h5>\t\t\t\t<\/div>\n\t\t\t\t<\/div>\n\t\t\t\t<div class=\"elementor-element elementor-element-267f342 elementor-invisible elementor-widget elementor-widget-heading\" data-id=\"267f342\" data-element_type=\"widget\" data-e-type=\"widget\" data-settings=\"{&quot;_animation&quot;:&quot;fadeInUp&quot;}\" data-widget_type=\"heading.default\">\n\t\t\t\t<div class=\"elementor-widget-container\">\n\t\t\t\t\t<h1 class=\"elementor-heading-title elementor-size-default\">Erlebnisse<\/h1>\t\t\t\t<\/div>\n\t\t\t\t<\/div>\n\t\t\t\t<div class=\"elementor-element elementor-element-faf266f animated-slow elementor-invisible elementor-widget elementor-widget-text-editor\" data-id=\"faf266f\" data-element_type=\"widget\" data-e-type=\"widget\" data-settings=\"{&quot;_animation&quot;:&quot;fadeInUp&quot;}\" data-widget_type=\"text-editor.default\">\n\t\t\t\t<div class=\"elementor-widget-container\">\n\t\t\t\t\t\t\t\t\t<p>Erleben Sie unser Weingut im Herzen von Sant Sadurn\u00ed d&#039;Anoia, sowohl bei weintouristischen Besuchen als auch beim Genie\u00dfen der Weite des Pati de Cal Rei.<\/p>\t\t\t\t\t\t\t\t<\/div>\n\t\t\t\t<\/div>\n\t\t\t\t<\/div>\n\t\t\t\t\t<\/div>\n\t\t\t\t<\/div>\n\t\t<div class=\"elementor-element elementor-element-y7ny8nm e-flex e-con-boxed e-con e-parent\" data-id=\"y7ny8nm\" data-element_type=\"container\" data-e-type=\"container\" data-settings=\"{&quot;background_background&quot;:&quot;classic&quot;,&quot;jet_parallax_layout_list&quot;:[]}\">\n\t\t\t\t\t<div class=\"e-con-inner\">\n\t\t<div class=\"elementor-element elementor-element-e6b7fcb e-con-full e-flex elementor-invisible e-con e-child\" data-id=\"e6b7fcb\" data-element_type=\"container\" data-e-type=\"container\" data-settings=\"{&quot;animation&quot;:&quot;fadeInLeft&quot;,&quot;jet_parallax_layout_list&quot;:[]}\">\n\t\t\t\t<div class=\"elementor-element elementor-element-3e944f7 elementor-widget elementor-widget-heading\" data-id=\"3e944f7\" data-element_type=\"widget\" data-e-type=\"widget\" data-widget_type=\"heading.default\">\n\t\t\t\t<div class=\"elementor-widget-container\">\n\t\t\t\t\t<h2 class=\"elementor-heading-title elementor-size-default\">M\u00f6gen Sie prickelnden Wein oder bevorzugen Sie stillen Wein? <\/h2>\t\t\t\t<\/div>\n\t\t\t\t<\/div>\n\t\t\t\t<div class=\"elementor-element elementor-element-55dd6a1 elementor-widget-divider--view-line elementor-widget elementor-widget-divider\" data-id=\"55dd6a1\" data-element_type=\"widget\" data-e-type=\"widget\" data-widget_type=\"divider.default\">\n\t\t\t\t<div class=\"elementor-widget-container\">\n\t\t\t\t\t\t\t<div class=\"elementor-divider\">\n\t\t\t<span class=\"elementor-divider-separator\">\n\t\t\t\t\t\t<\/span>\n\t\t<\/div>\n\t\t\t\t\t\t<\/div>\n\t\t\t\t<\/div>\n\t\t\t\t<div class=\"elementor-element elementor-element-165272f elementor-widget elementor-widget-text-editor\" data-id=\"165272f\" data-element_type=\"widget\" data-e-type=\"widget\" data-widget_type=\"text-editor.default\">\n\t\t\t\t<div class=\"elementor-widget-container\">\n\t\t\t\t\t\t\t\t\t<p>Tauchen Sie ein in die aufregende Welt von Wein und Cava durch unser Erbe, unsere Kunst und unsere Geschichte, die uns ausmachen.<\/p><p><strong>Entdecken Sie unser Engagement f\u00fcr \u00d6kologie und Tradition:<\/strong> Gehen Sie durch die Geheimnisse des \u00f6kologischen Landbaus und lernen Sie den Herstellungsprozess unserer Cavas und Weine kennen, bei dem traditionelle Techniken mit modernster Innovation verschmolzen werden.<\/p><p><strong>Lassen Sie sich von den Aromen begleiten:<\/strong> Genie\u00dfen Sie eine gef\u00fchrte Verkostung, die Ihre Sinne wecken wird, w\u00e4hrend Sie die reiche Palette an Aromen und Geschmacksrichtungen entdecken, die unsere Produkte ausmachen.<\/p><p><strong>Eine einzigartige Umgebung:<\/strong> Erleben Sie den Zauber unseres Weinguts, umgeben von Weinbergen, die die Leidenschaft f\u00fcr das Terroir und die Geschichte unserer Familie ausstrahlen.<\/p><p><strong>Unvergessliche Momente:<\/strong> Wir haben Erlebnisse vorbereitet, die Ihre Emotionen wecken und Sie mit den Sinnen verbinden, sodass Erinnerungen garantiert sind, die f\u00fcr immer in Ihrem Ged\u00e4chtnis bleiben.<\/p><p>Lassen Sie sich von der Essenz unseres Terroirs verf\u00fchren und entdecken Sie alles, was Wein und Cava zu bieten haben.<\/p><p><em>Die Kellerr\u00e4ume sind mit Sicherheits-, Hygiene- und Pr\u00e4ventionsma\u00dfnahmen ausgestattet, um einen sicheren Besuch zu gew\u00e4hrleisten.<\/em><\/p>\t\t\t\t\t\t\t\t<\/div>\n\t\t\t\t<\/div>\n\t\t\t\t<\/div>\n\t\t<div class=\"elementor-element elementor-element-dada9f6 e-con-full e-flex elementor-invisible e-con e-child\" data-id=\"dada9f6\" data-element_type=\"container\" data-e-type=\"container\" data-settings=\"{&quot;animation&quot;:&quot;fadeInLeft&quot;,&quot;jet_parallax_layout_list&quot;:[]}\">\n\t\t<a class=\"elementor-element elementor-element-7803e49 e-con-full e-flex elementor-invisible e-con e-child\" data-id=\"7803e49\" data-element_type=\"container\" data-e-type=\"container\" data-settings=\"{&quot;background_background&quot;:&quot;classic&quot;,&quot;animation&quot;:&quot;fadeInRight&quot;,&quot;jet_parallax_layout_list&quot;:[]}\" href=\"https:\/\/cavagiro.com\/de\/weintourismus\/\">\n\t\t\t\t<div class=\"elementor-element elementor-element-22e60df elementor-widget elementor-widget-heading\" data-id=\"22e60df\" data-element_type=\"widget\" data-e-type=\"widget\" data-widget_type=\"heading.default\">\n\t\t\t\t<div class=\"elementor-widget-container\">\n\t\t\t\t\t<h3 class=\"elementor-heading-title elementor-size-default\">Weintourismus<\/h3>\t\t\t\t<\/div>\n\t\t\t\t<\/div>\n\t\t\t\t<\/a>\n\t\t<a class=\"elementor-element elementor-element-eb0b675 e-con-full e-flex elementor-invisible e-con e-child\" data-id=\"eb0b675\" data-element_type=\"container\" data-e-type=\"container\" data-settings=\"{&quot;background_background&quot;:&quot;classic&quot;,&quot;animation&quot;:&quot;fadeInRight&quot;,&quot;jet_parallax_layout_list&quot;:[]}\" href=\"https:\/\/cavagiro.com\/de\/innenhof-von-cal-rei\/\">\n\t\t\t\t<div class=\"elementor-element elementor-element-f3389fc elementor-widget elementor-widget-heading\" data-id=\"f3389fc\" data-element_type=\"widget\" data-e-type=\"widget\" data-widget_type=\"heading.default\">\n\t\t\t\t<div class=\"elementor-widget-container\">\n\t\t\t\t\t<h3 class=\"elementor-heading-title elementor-size-default\">Der Patio von Cal Rei<\/h3>\t\t\t\t<\/div>\n\t\t\t\t<\/div>\n\t\t\t\t<\/a>\n\t\t\t\t<\/div>\n\t\t\t\t\t<\/div>\n\t\t\t\t<\/div>\n\t\t\t\t<\/div>","protected":false},"excerpt":{"rendered":"<p>Descobreix Cava Jaume Gir\u00f3 i Gir\u00f3 Experi\u00e8ncies Experimenta el nostre celler al bell mig de Sant Sadurn\u00ed d&#8217;Anoia, tant amb les visites d&#8217;enoturisme com gaudint de l&#8217;espai del Pati de Cal Rei. T\u2019agraden les bombolles o prefereixes el vi tranquil? Submergeix-te en l&#8217;apassionant m\u00f3n del vi i el cava a trav\u00e9s del nostre llegat, l&#8217;art [&hellip;]<\/p>\n","protected":false},"author":1,"featured_media":0,"parent":0,"menu_order":14,"comment_status":"closed","ping_status":"closed","template":"","meta":{"site-sidebar-layout":"no-sidebar","site-content-layout":"page-builder","ast-site-content-layout":"full-width-container","site-content-style":"default","site-sidebar-style":"default","ast-global-header-display":"","ast-banner-title-visibility":"","ast-main-header-display":"","ast-hfb-above-header-display":"","ast-hfb-below-header-display":"","ast-hfb-mobile-header-display":"","site-post-title":"disabled","ast-breadcrumbs-content":"","ast-featured-img":"disabled","footer-sml-layout":"","ast-disable-related-posts":"","theme-transparent-header-meta":"","adv-header-id-meta":"","stick-header-meta":"","header-above-stick-meta":"","header-main-stick-meta":"","header-below-stick-meta":"","astra-migrate-meta-layouts":"set","ast-page-background-enabled":"default","ast-page-background-meta":{"desktop":{"background-color":"var(--ast-global-color-4)","background-image":"","background-repeat":"repeat","background-position":"center center","background-size":"auto","background-attachment":"scroll","background-type":"","background-media":"","overlay-type":"","overlay-color":"","overlay-opacity":"","overlay-gradient":""},"tablet":{"background-color":"","background-image":"","background-repeat":"repeat","background-position":"center center","background-size":"auto","background-attachment":"scroll","background-type":"","background-media":"","overlay-type":"","overlay-color":"","overlay-opacity":"","overlay-gradient":""},"mobile":{"background-color":"","background-image":"","background-repeat":"repeat","background-position":"center center","background-size":"auto","background-attachment":"scroll","background-type":"","background-media":"","overlay-type":"","overlay-color":"","overlay-opacity":"","overlay-gradient":""}},"ast-content-background-meta":{"desktop":{"background-color":"var(--ast-global-color-5)","background-image":"","background-repeat":"repeat","background-position":"center center","background-size":"auto","background-attachment":"scroll","background-type":"","background-media":"","overlay-type":"","overlay-color":"","overlay-opacity":"","overlay-gradient":""},"tablet":{"background-color":"var(--ast-global-color-5)","background-image":"","background-repeat":"repeat","background-position":"center center","background-size":"auto","background-attachment":"scroll","background-type":"","background-media":"","overlay-type":"","overlay-color":"","overlay-opacity":"","overlay-gradient":""},"mobile":{"background-color":"var(--ast-global-color-5)","background-image":"","background-repeat":"repeat","background-position":"center center","background-size":"auto","background-attachment":"scroll","background-type":"","background-media":"","overlay-type":"","overlay-color":"","overlay-opacity":"","overlay-gradient":""}},"footnotes":""},"class_list":["post-2215","page","type-page","status-publish","hentry"],"_links":{"self":[{"href":"https:\/\/cavagiro.com\/de\/wp-json\/wp\/v2\/pages\/2215","targetHints":{"allow":["GET"]}}],"collection":[{"href":"https:\/\/cavagiro.com\/de\/wp-json\/wp\/v2\/pages"}],"about":[{"href":"https:\/\/cavagiro.com\/de\/wp-json\/wp\/v2\/types\/page"}],"author":[{"embeddable":true,"href":"https:\/\/cavagiro.com\/de\/wp-json\/wp\/v2\/users\/1"}],"replies":[{"embeddable":true,"href":"https:\/\/cavagiro.com\/de\/wp-json\/wp\/v2\/comments?post=2215"}],"version-history":[{"count":59,"href":"https:\/\/cavagiro.com\/de\/wp-json\/wp\/v2\/pages\/2215\/revisions"}],"predecessor-version":[{"id":2868,"href":"https:\/\/cavagiro.com\/de\/wp-json\/wp\/v2\/pages\/2215\/revisions\/2868"}],"wp:attachment":[{"href":"https:\/\/cavagiro.com\/de\/wp-json\/wp\/v2\/media?parent=2215"}],"curies":[{"name":"wp","href":"https:\/\/api.w.org\/{rel}","templated":true}]}}