{"id":3314,"date":"2025-06-13T08:09:46","date_gmt":"2025-06-13T07:09:46","guid":{"rendered":"https:\/\/cavagiro.com\/?page_id=3314"},"modified":"2025-06-25T08:55:41","modified_gmt":"2025-06-25T07:55:41","slug":"ruckgabe-und-ruckerstattungsrichtlinien","status":"publish","type":"page","link":"https:\/\/cavagiro.com\/de\/politica-de-devolucions-i-reemborsaments\/","title":{"rendered":"R\u00fcckgabe- und R\u00fcckerstattungsrichtlinien"},"content":{"rendered":"<p><strong>Widerrufsrecht<\/strong><\/p>\n\n\n\n<p>Sie k\u00f6nnen Ihren Kauf innerhalb einer Frist von <strong>14 Kalendertage<\/strong> ab Eingang der Bestellung. Voraussetzung hierf\u00fcr ist, dass das Produkt in einwandfreiem Zustand, unge\u00f6ffnet und in der Originalverpackung ist.<\/p>\n\n\n\n<p><strong>So f\u00fchren Sie eine R\u00fccksendung durch<\/strong><\/p>\n\n\n\n<p>Senden Sie uns eine E-Mail an <a href=\"mailto:cavagiro@cavagiro.com\">cavagiro@cavagiro.com<\/a> Geben Sie Ihre Bestellnummer an. Sobald wir das Produkt erhalten und seinen Zustand \u00fcberpr\u00fcft haben, veranlassen wir die R\u00fcckerstattung innerhalb von maximal 7 Werktagen mit derselben Zahlungsmethode.<\/p>\n\n\n\n<p><strong>R\u00fccksendekosten<\/strong><\/p>\n\n\n\n<p>Die Versandkosten f\u00fcr R\u00fccksendungen gehen zu Lasten des Kunden, es sei denn, das Produkt ist defekt oder es liegt ein Versandfehler vor.<\/p>\n\n\n\n<p><strong>Defekte oder falsche Produkte<\/strong><\/p>\n\n\n\n<p>Wenn Sie ein defektes oder falsches Produkt erhalten, m\u00fcssen Sie uns innerhalb von maximal <strong>48 Stunden<\/strong> von der Rezeption, Schreiben an <a href=\"mailto:cavagiro@cavagiro.com\">cavagiro@cavagiro.com<\/a>Sobald der Fall gepr\u00fcft wurde, bieten wir Ihnen eine vollst\u00e4ndige R\u00fcckerstattung oder ein Ersatzprodukt an.<\/p>\n\n\n\n<p><strong>Ausnahmen<\/strong><\/p>\n\n\n\n<p>R\u00fccksendungen werden nicht akzeptiert. <strong>von offenen Flaschen<\/strong>, es sei denn, sie weisen einen offensichtlichen und nachweisbaren Mangel auf (z. B. organoleptische Ver\u00e4nderungen). In diesen F\u00e4llen behalten wir uns das Recht vor, einen Nachweis (Foto, Muster usw.) anzufordern.<\/p>\n\n\n\n<p><\/p>","protected":false},"excerpt":{"rendered":"<p>Dret de desistiment Pots desistir de la teva compra en un termini de 14 dies naturals des de la recepci\u00f3 de la comanda. Per fer-ho, el producte ha d\u2019estar en perfectes condicions, sense obrir i amb l\u2019embalatge original. Com fer una devoluci\u00f3 Envia\u2019ns un correu electr\u00f2nic a cavagiro@cavagiro.com indicant el teu n\u00famero de comanda. Un [&hellip;]<\/p>\n","protected":false},"author":1,"featured_media":0,"parent":0,"menu_order":2,"comment_status":"closed","ping_status":"closed","template":"","meta":{"site-sidebar-layout":"default","site-content-layout":"","ast-site-content-layout":"default","site-content-style":"default","site-sidebar-style":"default","ast-global-header-display":"","ast-banner-title-visibility":"","ast-main-header-display":"","ast-hfb-above-header-display":"","ast-hfb-below-header-display":"","ast-hfb-mobile-header-display":"","site-post-title":"","ast-breadcrumbs-content":"","ast-featured-img":"","footer-sml-layout":"","ast-disable-related-posts":"","theme-transparent-header-meta":"","adv-header-id-meta":"","stick-header-meta":"","header-above-stick-meta":"","header-main-stick-meta":"","header-below-stick-meta":"","astra-migrate-meta-layouts":"set","ast-page-background-enabled":"default","ast-page-background-meta":{"desktop":{"background-color":"var(--ast-global-color-4)","background-image":"","background-repeat":"repeat","background-position":"center center","background-size":"auto","background-attachment":"scroll","background-type":"","background-media":"","overlay-type":"","overlay-color":"","overlay-opacity":"","overlay-gradient":""},"tablet":{"background-color":"","background-image":"","background-repeat":"repeat","background-position":"center center","background-size":"auto","background-attachment":"scroll","background-type":"","background-media":"","overlay-type":"","overlay-color":"","overlay-opacity":"","overlay-gradient":""},"mobile":{"background-color":"","background-image":"","background-repeat":"repeat","background-position":"center center","background-size":"auto","background-attachment":"scroll","background-type":"","background-media":"","overlay-type":"","overlay-color":"","overlay-opacity":"","overlay-gradient":""}},"ast-content-background-meta":{"desktop":{"background-color":"var(--ast-global-color-5)","background-image":"","background-repeat":"repeat","background-position":"center center","background-size":"auto","background-attachment":"scroll","background-type":"","background-media":"","overlay-type":"","overlay-color":"","overlay-opacity":"","overlay-gradient":""},"tablet":{"background-color":"var(--ast-global-color-5)","background-image":"","background-repeat":"repeat","background-position":"center center","background-size":"auto","background-attachment":"scroll","background-type":"","background-media":"","overlay-type":"","overlay-color":"","overlay-opacity":"","overlay-gradient":""},"mobile":{"background-color":"var(--ast-global-color-5)","background-image":"","background-repeat":"repeat","background-position":"center center","background-size":"auto","background-attachment":"scroll","background-type":"","background-media":"","overlay-type":"","overlay-color":"","overlay-opacity":"","overlay-gradient":""}},"footnotes":""},"class_list":["post-3314","page","type-page","status-publish","hentry"],"_links":{"self":[{"href":"https:\/\/cavagiro.com\/de\/wp-json\/wp\/v2\/pages\/3314","targetHints":{"allow":["GET"]}}],"collection":[{"href":"https:\/\/cavagiro.com\/de\/wp-json\/wp\/v2\/pages"}],"about":[{"href":"https:\/\/cavagiro.com\/de\/wp-json\/wp\/v2\/types\/page"}],"author":[{"embeddable":true,"href":"https:\/\/cavagiro.com\/de\/wp-json\/wp\/v2\/users\/1"}],"replies":[{"embeddable":true,"href":"https:\/\/cavagiro.com\/de\/wp-json\/wp\/v2\/comments?post=3314"}],"version-history":[{"count":4,"href":"https:\/\/cavagiro.com\/de\/wp-json\/wp\/v2\/pages\/3314\/revisions"}],"predecessor-version":[{"id":3489,"href":"https:\/\/cavagiro.com\/de\/wp-json\/wp\/v2\/pages\/3314\/revisions\/3489"}],"wp:attachment":[{"href":"https:\/\/cavagiro.com\/de\/wp-json\/wp\/v2\/media?parent=3314"}],"curies":[{"name":"wp","href":"https:\/\/api.w.org\/{rel}","templated":true}]}}