{"id":3461,"date":"2025-06-18T08:10:45","date_gmt":"2025-06-18T07:10:45","guid":{"rendered":"https:\/\/cavagiro.com\/?page_id=3461"},"modified":"2025-06-18T08:14:05","modified_gmt":"2025-06-18T07:14:05","slug":"vielen-dank-dass-sie-uns-kontaktiert-haben","status":"publish","type":"page","link":"https:\/\/cavagiro.com\/de\/gracies-per-contactar-amb-nosaltres\/","title":{"rendered":"Vielen Dank, dass Sie uns kontaktiert haben."},"content":{"rendered":"<h2 class=\"wp-block-heading has-text-align-center\"><br>Wir haben Ihre Nachricht korrekt erhalten und unser Team wird Ihnen so schnell wie m\u00f6glich antworten.<\/h2>\n\n\n\n<p class=\"has-text-align-center\"><br>Bei Jaume Gir\u00f3 i Gir\u00f3 arbeiten wir jeden Tag daran, eine aufmerksame und pers\u00f6nliche Betreuung zu bieten, so wie wir es bei jeder Flasche unseres Cava tun.<\/p>\n\n\n\n<p class=\"has-text-align-center\">Vielen Dank f\u00fcr Ihr Vertrauen.<\/p>\n\n\n\n<p class=\"has-text-align-center\">Wir werden Ihnen innerhalb einer Frist von maximal <strong>48 Arbeitsstunden<\/strong>Im Notfall erreichen Sie uns unter <a href=\"Telefon: +34938910165\">+34 93 891 01 65<\/a>.<\/p>\n\n\n\n<p class=\"has-text-align-center\">\ud83d\udd0d <strong>Entdecken Sie unser Weingut<\/strong><\/p>\n\n\n\n<p class=\"has-text-align-center\"><a href=\"https:\/\/cavagiro.com\/de\/la-nostra-bodega\/\">Besuchen Sie unser Weingut<\/a><\/p>\n\n\n\n<p class=\"has-text-align-center\">\ud83c\udf7e <strong>Entdecken Sie unsere Keller<\/strong><\/p>\n\n\n\n<p class=\"has-text-align-center\"><a href=\"https:\/\/cavagiro.com\/de\/els-nostres-caves\/\">Produkte anzeigen<\/a><\/p>\n\n\n\n<blockquote class=\"wp-block-quote has-text-align-center is-layout-flow wp-block-quote-is-layout-flow\">\n<p><em>\u201eCava herzustellen bedeutet, sich um die Erde zu k\u00fcmmern, die Zeit zu respektieren und das Leben zu feiern.\u201c<\/em><\/p>\n<\/blockquote>","protected":false},"excerpt":{"rendered":"<p>Hem rebut correctament el teu missatge i el nostre equip et respondr\u00e0 tan aviat com sigui possible. A Jaume Gir\u00f3 i Gir\u00f3 treballem cada dia per oferir un tracte proper i personalitzat, tal com fem amb cada ampolla del nostre cava. Gr\u00e0cies per confiar en nosaltres. Et respondrem en un termini m\u00e0xim de 48 hores [&hellip;]<\/p>\n","protected":false},"author":1,"featured_media":0,"parent":0,"menu_order":0,"comment_status":"closed","ping_status":"closed","template":"","meta":{"site-sidebar-layout":"default","site-content-layout":"","ast-site-content-layout":"default","site-content-style":"default","site-sidebar-style":"default","ast-global-header-display":"","ast-banner-title-visibility":"","ast-main-header-display":"","ast-hfb-above-header-display":"","ast-hfb-below-header-display":"","ast-hfb-mobile-header-display":"","site-post-title":"","ast-breadcrumbs-content":"","ast-featured-img":"","footer-sml-layout":"","ast-disable-related-posts":"","theme-transparent-header-meta":"","adv-header-id-meta":"","stick-header-meta":"","header-above-stick-meta":"","header-main-stick-meta":"","header-below-stick-meta":"","astra-migrate-meta-layouts":"set","ast-page-background-enabled":"default","ast-page-background-meta":{"desktop":{"background-color":"var(--ast-global-color-4)","background-image":"","background-repeat":"repeat","background-position":"center center","background-size":"auto","background-attachment":"scroll","background-type":"","background-media":"","overlay-type":"","overlay-color":"","overlay-opacity":"","overlay-gradient":""},"tablet":{"background-color":"","background-image":"","background-repeat":"repeat","background-position":"center center","background-size":"auto","background-attachment":"scroll","background-type":"","background-media":"","overlay-type":"","overlay-color":"","overlay-opacity":"","overlay-gradient":""},"mobile":{"background-color":"","background-image":"","background-repeat":"repeat","background-position":"center center","background-size":"auto","background-attachment":"scroll","background-type":"","background-media":"","overlay-type":"","overlay-color":"","overlay-opacity":"","overlay-gradient":""}},"ast-content-background-meta":{"desktop":{"background-color":"var(--ast-global-color-5)","background-image":"","background-repeat":"repeat","background-position":"center center","background-size":"auto","background-attachment":"scroll","background-type":"","background-media":"","overlay-type":"","overlay-color":"","overlay-opacity":"","overlay-gradient":""},"tablet":{"background-color":"var(--ast-global-color-5)","background-image":"","background-repeat":"repeat","background-position":"center center","background-size":"auto","background-attachment":"scroll","background-type":"","background-media":"","overlay-type":"","overlay-color":"","overlay-opacity":"","overlay-gradient":""},"mobile":{"background-color":"var(--ast-global-color-5)","background-image":"","background-repeat":"repeat","background-position":"center center","background-size":"auto","background-attachment":"scroll","background-type":"","background-media":"","overlay-type":"","overlay-color":"","overlay-opacity":"","overlay-gradient":""}},"footnotes":""},"class_list":["post-3461","page","type-page","status-publish","hentry"],"_links":{"self":[{"href":"https:\/\/cavagiro.com\/de\/wp-json\/wp\/v2\/pages\/3461","targetHints":{"allow":["GET"]}}],"collection":[{"href":"https:\/\/cavagiro.com\/de\/wp-json\/wp\/v2\/pages"}],"about":[{"href":"https:\/\/cavagiro.com\/de\/wp-json\/wp\/v2\/types\/page"}],"author":[{"embeddable":true,"href":"https:\/\/cavagiro.com\/de\/wp-json\/wp\/v2\/users\/1"}],"replies":[{"embeddable":true,"href":"https:\/\/cavagiro.com\/de\/wp-json\/wp\/v2\/comments?post=3461"}],"version-history":[{"count":2,"href":"https:\/\/cavagiro.com\/de\/wp-json\/wp\/v2\/pages\/3461\/revisions"}],"predecessor-version":[{"id":3465,"href":"https:\/\/cavagiro.com\/de\/wp-json\/wp\/v2\/pages\/3461\/revisions\/3465"}],"wp:attachment":[{"href":"https:\/\/cavagiro.com\/de\/wp-json\/wp\/v2\/media?parent=3461"}],"curies":[{"name":"wp","href":"https:\/\/api.w.org\/{rel}","templated":true}]}}