{"id":1759,"date":"2024-11-15T09:38:25","date_gmt":"2024-11-15T09:38:25","guid":{"rendered":"http:\/\/cavagiro.com\/?post_type=product&#038;p=1759"},"modified":"2025-06-20T11:00:23","modified_gmt":"2025-06-20T10:00:23","slug":"swarovski-elements-gran-reserva-brut-luxusflasche","status":"publish","type":"product","link":"https:\/\/cavagiro.com\/de\/comprar-online\/grandalla-de-luxe-swarovski-elements-gran-reserva-brut\/","title":{"rendered":"GRANDALLA de LUXE Swarovski\u00ae"},"content":{"rendered":"<p>LUXUS-GRANDALLA<br \/>\nSWAROVSKI ELEMENTS<br \/>\n<strong>GRAND RESERVE BRUT 2012<\/strong><br \/>\nmit Geschenkverpackung<br \/>\nMetaletikett mit 8 SWAROVSKI-Elementen!<\/p>\n<div><span lang=\"EN-GB\">40% Xarel.lo, 25 % Macabeu, 25<\/span><span lang=\"EN-US\">% Chardonnay, 10% Pinot Noir<\/span><\/div>\n<div><\/div>\n<p>Inspiriert vom frischen Duft des Grases in den andorranischen Bergen, wo die <strong>Grandalla (Narcissus poeticus) <\/strong>auch bekannt als die Blume der Pyren\u00e4en\u2014Mitte April bl\u00fcht, haben wir diesen au\u00dfergew\u00f6hnlichen Cava kreiert. Hergestellt aus Rebsorten mit ausgepr\u00e4gt blumigem Charakter, bewahrt diese besondere Cuv\u00e9e die Essenz des Jahrgangs und bleibt dennoch einzigartig. Mit der Zeit verst\u00e4rken sich sein Gleichgewicht und seine Komplexit\u00e4t, was ihn zu einem wahrhaft bemerkenswerten Cava macht. Das herausragende Merkmal von GRANDALLA ist seine elegante Perlage, mit feinen Ketten winziger Bl\u00e4schen<\/p>\n<p>Seine blassgelbe Farbe mit gr\u00fcnlichen Reflexen verweist auf seine Frische und Jugendlichkeit.\nIn der Nase vereint er subtile Reifungsnoten mit floralen Aromen von Jasmin und Orangenbl\u00fcte. Am Gaumen entfaltet sich eine harmonische Mischung aus reifen Fr\u00fcchten, Trockenfr\u00fcchten und leichten R\u00f6staromen, die perfekt mit den Reifungsnoten ausbalanciert sind<\/p>\n<p>Seine au\u00dfergew\u00f6hnliche Best\u00e4ndigkeit hinterl\u00e4sst einen eleganten und anhaltenden Nachgeschmack.<\/p>\n<p>Ein eleganter Cava f\u00fcr Genie\u00dfer, die eine einzigartige sensorische Erfahrung suchen.<\/p>\n<p style=\"margin: 0cm; min-height: 15px;\"><span style=\"font-size: 10.0pt; font-family: 'Helvetica Neue',serif;\">\u00a0<\/span><\/p>\n<p style=\"margin: 0cm; min-height: 15px;\"><span style=\"font-size: 10.0pt; font-family: 'Helvetica Neue',serif;\">\u00a0<\/span><\/p>\n<p style=\"margin: 0cm;\">","protected":false},"excerpt":{"rendered":"<p>Brut<\/p>","protected":false},"featured_media":2654,"comment_status":"closed","ping_status":"closed","template":"","meta":{"site-sidebar-layout":"default","site-content-layout":"","ast-site-content-layout":"default","site-content-style":"default","site-sidebar-style":"default","ast-global-header-display":"","ast-banner-title-visibility":"","ast-main-header-display":"","ast-hfb-above-header-display":"","ast-hfb-below-header-display":"","ast-hfb-mobile-header-display":"","site-post-title":"","ast-breadcrumbs-content":"","ast-featured-img":"","footer-sml-layout":"","ast-disable-related-posts":"","theme-transparent-header-meta":"default","adv-header-id-meta":"","stick-header-meta":"","header-above-stick-meta":"","header-main-stick-meta":"","header-below-stick-meta":"","astra-migrate-meta-layouts":"set","ast-page-background-enabled":"default","ast-page-background-meta":{"desktop":{"background-color":"var(--ast-global-color-4)","background-image":"","background-repeat":"repeat","background-position":"center center","background-size":"auto","background-attachment":"scroll","background-type":"","background-media":"","overlay-type":"","overlay-color":"","overlay-opacity":"","overlay-gradient":""},"tablet":{"background-color":"","background-image":"","background-repeat":"repeat","background-position":"center center","background-size":"auto","background-attachment":"scroll","background-type":"","background-media":"","overlay-type":"","overlay-color":"","overlay-opacity":"","overlay-gradient":""},"mobile":{"background-color":"","background-image":"","background-repeat":"repeat","background-position":"center center","background-size":"auto","background-attachment":"scroll","background-type":"","background-media":"","overlay-type":"","overlay-color":"","overlay-opacity":"","overlay-gradient":""}},"ast-content-background-meta":{"desktop":{"background-color":"var(--ast-global-color-5)","background-image":"","background-repeat":"repeat","background-position":"center center","background-size":"auto","background-attachment":"scroll","background-type":"","background-media":"","overlay-type":"","overlay-color":"","overlay-opacity":"","overlay-gradient":""},"tablet":{"background-color":"var(--ast-global-color-5)","background-image":"","background-repeat":"repeat","background-position":"center center","background-size":"auto","background-attachment":"scroll","background-type":"","background-media":"","overlay-type":"","overlay-color":"","overlay-opacity":"","overlay-gradient":""},"mobile":{"background-color":"var(--ast-global-color-5)","background-image":"","background-repeat":"repeat","background-position":"center center","background-size":"auto","background-attachment":"scroll","background-type":"","background-media":"","overlay-type":"","overlay-color":"","overlay-opacity":"","overlay-gradient":""}}},"product_brand":[],"product_cat":[30,20],"product_tag":[],"class_list":{"0":"post-1759","1":"product","2":"type-product","3":"status-publish","4":"has-post-thumbnail","6":"product_cat-caves-gran-reserva","7":"product_cat-caves-especials","8":"desktop-align-center","9":"tablet-align-left","10":"mobile-align-left","12":"first","13":"instock","14":"shipping-taxable","15":"purchasable","16":"product-type-simple"},"_links":{"self":[{"href":"https:\/\/cavagiro.com\/de\/wp-json\/wp\/v2\/product\/1759","targetHints":{"allow":["GET"]}}],"collection":[{"href":"https:\/\/cavagiro.com\/de\/wp-json\/wp\/v2\/product"}],"about":[{"href":"https:\/\/cavagiro.com\/de\/wp-json\/wp\/v2\/types\/product"}],"replies":[{"embeddable":true,"href":"https:\/\/cavagiro.com\/de\/wp-json\/wp\/v2\/comments?post=1759"}],"wp:featuredmedia":[{"embeddable":true,"href":"https:\/\/cavagiro.com\/de\/wp-json\/wp\/v2\/media\/2654"}],"wp:attachment":[{"href":"https:\/\/cavagiro.com\/de\/wp-json\/wp\/v2\/media?parent=1759"}],"wp:term":[{"taxonomy":"product_brand","embeddable":true,"href":"https:\/\/cavagiro.com\/de\/wp-json\/wp\/v2\/product_brand?post=1759"},{"taxonomy":"product_cat","embeddable":true,"href":"https:\/\/cavagiro.com\/de\/wp-json\/wp\/v2\/product_cat?post=1759"},{"taxonomy":"product_tag","embeddable":true,"href":"https:\/\/cavagiro.com\/de\/wp-json\/wp\/v2\/product_tag?post=1759"}],"curies":[{"name":"wp","href":"https:\/\/api.w.org\/{rel}","templated":true}]}}