{"id":1763,"date":"2024-11-15T09:41:54","date_gmt":"2024-11-15T09:41:54","guid":{"rendered":"http:\/\/cavagiro.com\/?post_type=product&#038;p=1763"},"modified":"2025-07-09T12:07:14","modified_gmt":"2025-07-09T11:07:14","slug":"tribut-cal-king-great-reserve-brut","status":"publish","type":"product","link":"https:\/\/cavagiro.com\/de\/comprar-online\/homenatge-cal-rei-gran-reserva-brut\/","title":{"rendered":"HOMENATGE CAL REI"},"content":{"rendered":"<p>HOMENATGE de CAL REI<br \/>\n<strong>GRAND RESERVE BRUT 2012<\/strong><\/p>\n<p>50% Xartello, 20% Macabeo, 15% Parellada, 10% Chardonnay, 5% Pinot Noir<\/p>\n<p>Mit einer feinen, eleganten Perlage pr\u00e4sentiert sich dieser Cava in einem blassen Farbton mit zarten gelben und gr\u00fcnlichen Reflexen. In der Nase zeigt er eine elegante florale Note mit Ankl\u00e4ngen von Gew\u00fcrzen und Orangenbl\u00fcten, die ihm Frische und Raffinesse verleihen.<\/p>\n<p>Am Gaumen ist er trocken, mit einer weichen und raffinierten Textur. R\u00f6staromen und ein Hauch von N\u00fcssen verbinden sich harmonisch mit der Reife von \u00c4pfeln und Aprikosen und schaffen ein komplexes Geschmacksprofil, das lange nachhallt.<\/p>\n<p>Hergestellt aus einer der besten Ernten, bewahrt dieser Cava seinen einzigartigen Charakter, w\u00e4hrend er gleichzeitig seine Balance und Tiefe verst\u00e4rkt \u2013 ein wirklich au\u00dfergew\u00f6hnlicher Genuss.<\/p>\n<p>Wir sind die Einzigen, die ein Thermometer auf dem R\u00fccketikett haben, damit du immer wei\u00dft, wann dein Cava die perfekte Temperatur hat. Wenn das Thermometer blau wird, ist der ideale Moment gekommen, ihn in vollen Z\u00fcgen zu genie\u00dfen. So einfach und so pr\u00e4zise!<\/p>","protected":false},"excerpt":{"rendered":"<p>Brut<\/p>","protected":false},"featured_media":1764,"comment_status":"closed","ping_status":"closed","template":"","meta":{"site-sidebar-layout":"default","site-content-layout":"","ast-site-content-layout":"default","site-content-style":"default","site-sidebar-style":"default","ast-global-header-display":"","ast-banner-title-visibility":"","ast-main-header-display":"","ast-hfb-above-header-display":"","ast-hfb-below-header-display":"","ast-hfb-mobile-header-display":"","site-post-title":"","ast-breadcrumbs-content":"","ast-featured-img":"","footer-sml-layout":"","ast-disable-related-posts":"","theme-transparent-header-meta":"default","adv-header-id-meta":"","stick-header-meta":"","header-above-stick-meta":"","header-main-stick-meta":"","header-below-stick-meta":"","astra-migrate-meta-layouts":"set","ast-page-background-enabled":"default","ast-page-background-meta":{"desktop":{"background-color":"var(--ast-global-color-4)","background-image":"","background-repeat":"repeat","background-position":"center center","background-size":"auto","background-attachment":"scroll","background-type":"","background-media":"","overlay-type":"","overlay-color":"","overlay-opacity":"","overlay-gradient":""},"tablet":{"background-color":"","background-image":"","background-repeat":"repeat","background-position":"center center","background-size":"auto","background-attachment":"scroll","background-type":"","background-media":"","overlay-type":"","overlay-color":"","overlay-opacity":"","overlay-gradient":""},"mobile":{"background-color":"","background-image":"","background-repeat":"repeat","background-position":"center center","background-size":"auto","background-attachment":"scroll","background-type":"","background-media":"","overlay-type":"","overlay-color":"","overlay-opacity":"","overlay-gradient":""}},"ast-content-background-meta":{"desktop":{"background-color":"var(--ast-global-color-5)","background-image":"","background-repeat":"repeat","background-position":"center center","background-size":"auto","background-attachment":"scroll","background-type":"","background-media":"","overlay-type":"","overlay-color":"","overlay-opacity":"","overlay-gradient":""},"tablet":{"background-color":"var(--ast-global-color-5)","background-image":"","background-repeat":"repeat","background-position":"center center","background-size":"auto","background-attachment":"scroll","background-type":"","background-media":"","overlay-type":"","overlay-color":"","overlay-opacity":"","overlay-gradient":""},"mobile":{"background-color":"var(--ast-global-color-5)","background-image":"","background-repeat":"repeat","background-position":"center center","background-size":"auto","background-attachment":"scroll","background-type":"","background-media":"","overlay-type":"","overlay-color":"","overlay-opacity":"","overlay-gradient":""}}},"product_brand":[],"product_cat":[30],"product_tag":[],"class_list":{"0":"post-1763","1":"product","2":"type-product","3":"status-publish","4":"has-post-thumbnail","6":"product_cat-caves-gran-reserva","7":"desktop-align-center","8":"tablet-align-left","9":"mobile-align-left","11":"first","12":"instock","13":"shipping-taxable","14":"purchasable","15":"product-type-simple"},"_links":{"self":[{"href":"https:\/\/cavagiro.com\/de\/wp-json\/wp\/v2\/product\/1763","targetHints":{"allow":["GET"]}}],"collection":[{"href":"https:\/\/cavagiro.com\/de\/wp-json\/wp\/v2\/product"}],"about":[{"href":"https:\/\/cavagiro.com\/de\/wp-json\/wp\/v2\/types\/product"}],"replies":[{"embeddable":true,"href":"https:\/\/cavagiro.com\/de\/wp-json\/wp\/v2\/comments?post=1763"}],"wp:featuredmedia":[{"embeddable":true,"href":"https:\/\/cavagiro.com\/de\/wp-json\/wp\/v2\/media\/1764"}],"wp:attachment":[{"href":"https:\/\/cavagiro.com\/de\/wp-json\/wp\/v2\/media?parent=1763"}],"wp:term":[{"taxonomy":"product_brand","embeddable":true,"href":"https:\/\/cavagiro.com\/de\/wp-json\/wp\/v2\/product_brand?post=1763"},{"taxonomy":"product_cat","embeddable":true,"href":"https:\/\/cavagiro.com\/de\/wp-json\/wp\/v2\/product_cat?post=1763"},{"taxonomy":"product_tag","embeddable":true,"href":"https:\/\/cavagiro.com\/de\/wp-json\/wp\/v2\/product_tag?post=1763"}],"curies":[{"name":"wp","href":"https:\/\/api.w.org\/{rel}","templated":true}]}}