{"id":1765,"date":"2024-11-15T09:43:05","date_gmt":"2024-11-15T09:43:05","guid":{"rendered":"http:\/\/cavagiro.com\/?post_type=product&#038;p=1765"},"modified":"2025-07-09T12:17:57","modified_gmt":"2025-07-09T11:17:57","slug":"magnum-grandalla-luxus-swarovski-elements-white-reserve-brutto-okologische-landwirtschaft-1-5l","status":"publish","type":"product","link":"https:\/\/cavagiro.com\/de\/comprar-online\/magnum-grandalla-de-luxe-swarovski-elements-blanc-reserva-brut-agricultura-ecologica-1-5l\/","title":{"rendered":"MAGNUM GRANDALLA de LUXE Swarovski\u00ae Blanc"},"content":{"rendered":"<p>MAGNUM WHITE LUXURY GRANDALLA<\/p>\n<p><strong>BRUTTORESERVIERUNG 2020<\/strong><\/p>\n<p><strong>\u00d6KOLOGISCHE LANDWIRDSCHAFT<\/strong><\/p>\n<p>mit Geschenkverpackung<br \/>\nMetaletikett mit 8 SWAROVSKI-Elementen!<\/p>\n<p>38% Xarello, 20% Parellada, 13% Macabeo, 12% Chardonnay, 17% Pinot Noir<\/p>\n<p>Inspiriert vom Duft frischer Gr\u00e4ser in den andorranischen Bergen, wo die Pyren\u00e4enblumen \u201eGrandallas\u201c im April bl\u00fchen, haben wir einen Wein geschaffen, der mit au\u00dfergew\u00f6hnlichen floralen Aromen dieses einzigartige Landschaftsbild einf\u00e4ngt. Diese besondere Cuv\u00e9e bewahrt die aromatischen Eigenschaften des Jahrgangs, ohne ihre Pers\u00f6nlichkeit zu verlieren \u2013 im Gegenteil, sie verst\u00e4rkt das Gef\u00fchl von Harmonie und Komplexit\u00e4t, was diesen Cava so einzigartig macht.<\/p>\n<p>Mit einer eleganten Perlage feinster Bl\u00e4schen zeigt er sich in einem sehr blassen Gelb mit gr\u00fcnlichen Reflexen. In der Nase ist er edel und floral, mit feinen Noten von Jasmin und Narzisse. Am Gaumen pr\u00e4sentiert er sich trocken, originell und filigran \u2013 eine raffinierte Balance aus fruchtigen Nuancen, leichten Aromen von Pyren\u00e4enblumen und einem Hauch von R\u00f6staromen. Perfekt ausbalanciert, mit gro\u00dfer Persistenz und Komplexit\u00e4t, hinterl\u00e4sst er einen bleibenden Eindruck.<\/p>\n<p>Das Magnum-Format ist die beste Wahl, um einen Wein in seiner ganzen F\u00fclle zu genie\u00dfen.<\/p>","protected":false},"excerpt":{"rendered":"<p>Brut \u2013 \u00d6kologischer Landbau<\/p>","protected":false},"featured_media":1766,"comment_status":"closed","ping_status":"closed","template":"","meta":{"site-sidebar-layout":"default","site-content-layout":"","ast-site-content-layout":"default","site-content-style":"default","site-sidebar-style":"default","ast-global-header-display":"","ast-banner-title-visibility":"","ast-main-header-display":"","ast-hfb-above-header-display":"","ast-hfb-below-header-display":"","ast-hfb-mobile-header-display":"","site-post-title":"","ast-breadcrumbs-content":"","ast-featured-img":"","footer-sml-layout":"","ast-disable-related-posts":"","theme-transparent-header-meta":"default","adv-header-id-meta":"","stick-header-meta":"","header-above-stick-meta":"","header-main-stick-meta":"","header-below-stick-meta":"","astra-migrate-meta-layouts":"set","ast-page-background-enabled":"default","ast-page-background-meta":{"desktop":{"background-color":"var(--ast-global-color-4)","background-image":"","background-repeat":"repeat","background-position":"center center","background-size":"auto","background-attachment":"scroll","background-type":"","background-media":"","overlay-type":"","overlay-color":"","overlay-opacity":"","overlay-gradient":""},"tablet":{"background-color":"","background-image":"","background-repeat":"repeat","background-position":"center center","background-size":"auto","background-attachment":"scroll","background-type":"","background-media":"","overlay-type":"","overlay-color":"","overlay-opacity":"","overlay-gradient":""},"mobile":{"background-color":"","background-image":"","background-repeat":"repeat","background-position":"center center","background-size":"auto","background-attachment":"scroll","background-type":"","background-media":"","overlay-type":"","overlay-color":"","overlay-opacity":"","overlay-gradient":""}},"ast-content-background-meta":{"desktop":{"background-color":"var(--ast-global-color-5)","background-image":"","background-repeat":"repeat","background-position":"center center","background-size":"auto","background-attachment":"scroll","background-type":"","background-media":"","overlay-type":"","overlay-color":"","overlay-opacity":"","overlay-gradient":""},"tablet":{"background-color":"var(--ast-global-color-5)","background-image":"","background-repeat":"repeat","background-position":"center center","background-size":"auto","background-attachment":"scroll","background-type":"","background-media":"","overlay-type":"","overlay-color":"","overlay-opacity":"","overlay-gradient":""},"mobile":{"background-color":"var(--ast-global-color-5)","background-image":"","background-repeat":"repeat","background-position":"center center","background-size":"auto","background-attachment":"scroll","background-type":"","background-media":"","overlay-type":"","overlay-color":"","overlay-opacity":"","overlay-gradient":""}}},"product_brand":[],"product_cat":[31,20,21],"product_tag":[34,35,36],"class_list":{"0":"post-1765","1":"product","2":"type-product","3":"status-publish","4":"has-post-thumbnail","6":"product_cat-cava-reserva","7":"product_cat-caves-especials","8":"product_cat-caves-magnums","9":"product_tag-agricultura-ecologica","10":"product_tag-brut","11":"product_tag-swarovski","12":"desktop-align-center","13":"tablet-align-left","14":"mobile-align-left","16":"first","17":"instock","18":"shipping-taxable","19":"purchasable","20":"product-type-simple"},"_links":{"self":[{"href":"https:\/\/cavagiro.com\/de\/wp-json\/wp\/v2\/product\/1765","targetHints":{"allow":["GET"]}}],"collection":[{"href":"https:\/\/cavagiro.com\/de\/wp-json\/wp\/v2\/product"}],"about":[{"href":"https:\/\/cavagiro.com\/de\/wp-json\/wp\/v2\/types\/product"}],"replies":[{"embeddable":true,"href":"https:\/\/cavagiro.com\/de\/wp-json\/wp\/v2\/comments?post=1765"}],"wp:featuredmedia":[{"embeddable":true,"href":"https:\/\/cavagiro.com\/de\/wp-json\/wp\/v2\/media\/1766"}],"wp:attachment":[{"href":"https:\/\/cavagiro.com\/de\/wp-json\/wp\/v2\/media?parent=1765"}],"wp:term":[{"taxonomy":"product_brand","embeddable":true,"href":"https:\/\/cavagiro.com\/de\/wp-json\/wp\/v2\/product_brand?post=1765"},{"taxonomy":"product_cat","embeddable":true,"href":"https:\/\/cavagiro.com\/de\/wp-json\/wp\/v2\/product_cat?post=1765"},{"taxonomy":"product_tag","embeddable":true,"href":"https:\/\/cavagiro.com\/de\/wp-json\/wp\/v2\/product_tag?post=1765"}],"curies":[{"name":"wp","href":"https:\/\/api.w.org\/{rel}","templated":true}]}}