{"id":1767,"date":"2024-11-15T09:44:40","date_gmt":"2024-11-15T09:44:40","guid":{"rendered":"http:\/\/cavagiro.com\/?post_type=product&#038;p=1767"},"modified":"2025-07-09T12:23:41","modified_gmt":"2025-07-09T11:23:41","slug":"bombonetta-groses-reservat-bruttookologische-landwirtschaft","status":"publish","type":"product","link":"https:\/\/cavagiro.com\/de\/comprar-online\/bombonetta-gran-reserva-brut-agricultura-ecologica\/","title":{"rendered":"BOMBONETTA"},"content":{"rendered":"<p>BOMBONETTA<br \/>\n<strong>GRAN RESERVE BRUT 2020<\/strong><br \/>\n\u00d6KOLOGISCHE LANDWIRDSCHAFT<br \/>\nROBERT PARKER 91<br \/>\nGOLDMEDAILLE BIO Z\u00dcRICH 2023<br \/>\nmit Geschenkverpackung<\/p>\n<p>30% Xarel\u00b7lo, 30% Macabeo, 20% Parellada, 10% Chardonnay, 10% Pinot Noir<\/p>\n<p>Dieser Gran Reserva Brut wird aus dem besten \u201eVorlaufmost\u201c und einer sorgf\u00e4ltig ausgew\u00e4hlten Cuv\u00e9e der besten verf\u00fcgbaren Weine hergestellt. Seine feinen Bl\u00e4schen formen eine elegante, perfekt integrierte Perlage und zeigen sich in einem zarten Gelbgr\u00fcn.<\/p>\n<p>In der Nase entfaltet er ein vielschichtiges Aromenspiel mit floralen Noten, Gew\u00fcrzen und Orangenbl\u00fcten. Am Gaumen pr\u00e4sentiert er sich trocken und hervorragend ausbalanciert, mit sanften Ankl\u00e4ngen von ger\u00f6steten N\u00fcssen und einem Hauch von Brioche, harmonisch kombiniert mit der Reife von Birnen, Pfirsichen und Aprikosen.<\/p>\n<p>Als Jahrgangs-Cava ist er au\u00dfergew\u00f6hnlich langanhaltend, mit tiefen, komplexen Aromen, die lange nachklingen. Seine beeindruckende Rundheit und ausgepr\u00e4gte Pers\u00f6nlichkeit verleihen ihm eine besondere Balance und Einzigartigkeit.<\/p>\n<p>Der perfekte Brut Cava, um ihn zu einer Mousse aus dunkler Schokolade zu genie\u00dfen \u2013 oder einfach pur.<\/p>","protected":false},"excerpt":{"rendered":"<p>Brut \u2013 \u00d6kologischer Landbau<\/p>","protected":false},"featured_media":2949,"comment_status":"closed","ping_status":"closed","template":"","meta":{"site-sidebar-layout":"default","site-content-layout":"","ast-site-content-layout":"default","site-content-style":"default","site-sidebar-style":"default","ast-global-header-display":"","ast-banner-title-visibility":"","ast-main-header-display":"","ast-hfb-above-header-display":"","ast-hfb-below-header-display":"","ast-hfb-mobile-header-display":"","site-post-title":"","ast-breadcrumbs-content":"","ast-featured-img":"","footer-sml-layout":"","ast-disable-related-posts":"","theme-transparent-header-meta":"default","adv-header-id-meta":"","stick-header-meta":"","header-above-stick-meta":"","header-main-stick-meta":"","header-below-stick-meta":"","astra-migrate-meta-layouts":"set","ast-page-background-enabled":"default","ast-page-background-meta":{"desktop":{"background-color":"var(--ast-global-color-4)","background-image":"","background-repeat":"repeat","background-position":"center center","background-size":"auto","background-attachment":"scroll","background-type":"","background-media":"","overlay-type":"","overlay-color":"","overlay-opacity":"","overlay-gradient":""},"tablet":{"background-color":"","background-image":"","background-repeat":"repeat","background-position":"center center","background-size":"auto","background-attachment":"scroll","background-type":"","background-media":"","overlay-type":"","overlay-color":"","overlay-opacity":"","overlay-gradient":""},"mobile":{"background-color":"","background-image":"","background-repeat":"repeat","background-position":"center center","background-size":"auto","background-attachment":"scroll","background-type":"","background-media":"","overlay-type":"","overlay-color":"","overlay-opacity":"","overlay-gradient":""}},"ast-content-background-meta":{"desktop":{"background-color":"var(--ast-global-color-5)","background-image":"","background-repeat":"repeat","background-position":"center center","background-size":"auto","background-attachment":"scroll","background-type":"","background-media":"","overlay-type":"","overlay-color":"","overlay-opacity":"","overlay-gradient":""},"tablet":{"background-color":"var(--ast-global-color-5)","background-image":"","background-repeat":"repeat","background-position":"center center","background-size":"auto","background-attachment":"scroll","background-type":"","background-media":"","overlay-type":"","overlay-color":"","overlay-opacity":"","overlay-gradient":""},"mobile":{"background-color":"var(--ast-global-color-5)","background-image":"","background-repeat":"repeat","background-position":"center center","background-size":"auto","background-attachment":"scroll","background-type":"","background-media":"","overlay-type":"","overlay-color":"","overlay-opacity":"","overlay-gradient":""}}},"product_brand":[],"product_cat":[30,20],"product_tag":[],"class_list":{"0":"post-1767","1":"product","2":"type-product","3":"status-publish","4":"has-post-thumbnail","6":"product_cat-caves-gran-reserva","7":"product_cat-caves-especials","8":"desktop-align-center","9":"tablet-align-left","10":"mobile-align-left","12":"first","13":"instock","14":"shipping-taxable","15":"purchasable","16":"product-type-simple"},"_links":{"self":[{"href":"https:\/\/cavagiro.com\/de\/wp-json\/wp\/v2\/product\/1767","targetHints":{"allow":["GET"]}}],"collection":[{"href":"https:\/\/cavagiro.com\/de\/wp-json\/wp\/v2\/product"}],"about":[{"href":"https:\/\/cavagiro.com\/de\/wp-json\/wp\/v2\/types\/product"}],"replies":[{"embeddable":true,"href":"https:\/\/cavagiro.com\/de\/wp-json\/wp\/v2\/comments?post=1767"}],"wp:featuredmedia":[{"embeddable":true,"href":"https:\/\/cavagiro.com\/de\/wp-json\/wp\/v2\/media\/2949"}],"wp:attachment":[{"href":"https:\/\/cavagiro.com\/de\/wp-json\/wp\/v2\/media?parent=1767"}],"wp:term":[{"taxonomy":"product_brand","embeddable":true,"href":"https:\/\/cavagiro.com\/de\/wp-json\/wp\/v2\/product_brand?post=1767"},{"taxonomy":"product_cat","embeddable":true,"href":"https:\/\/cavagiro.com\/de\/wp-json\/wp\/v2\/product_cat?post=1767"},{"taxonomy":"product_tag","embeddable":true,"href":"https:\/\/cavagiro.com\/de\/wp-json\/wp\/v2\/product_tag?post=1767"}],"curies":[{"name":"wp","href":"https:\/\/api.w.org\/{rel}","templated":true}]}}