{"id":1773,"date":"2024-11-15T09:46:47","date_gmt":"2024-11-15T09:46:47","guid":{"rendered":"http:\/\/cavagiro.com\/?post_type=product&#038;p=1773"},"modified":"2025-07-09T12:42:13","modified_gmt":"2025-07-09T11:42:13","slug":"magnum-grandalla-luxus-swarovski-elements-rose-pinot-noir-reserve-brut-okologische-landwirtschaft-1-5l","status":"publish","type":"product","link":"https:\/\/cavagiro.com\/de\/comprar-online\/magnum-grandalla-de-luxe-swarovski-elements-rosat-pinot-noir-reserva-brut-agricultura-ecologica-1-5l\/","title":{"rendered":"MAGNUM GRANDALLA de LUXE Swarovski\u00ae Rosat"},"content":{"rendered":"<p>MAGNUM GRANDALLA DE LUXE PINK<\/p>\n<p><strong>BRUTTORESERVIERUNG 2020<\/strong><\/p>\n<p><strong>\u00d6KOLOGISCHE LANDWIRDSCHAFT<\/strong><\/p>\n<p>mit Geschenkverpackung<br \/>\nMetaletikett mit 8 SWAROVSKI-Elementen!<\/p>\n<p>100% Pinot Noir<\/p>\n<p>Die exklusivste Magnumflasche von <b>Cava Jaume Gir\u00f3 i Gir\u00f3<\/b>: <b>Grandalla de Luxe Magnum Pinot Noir<\/b>. Eine erlesene Interpretation der Pinot Noir in ihrer elegantesten und raffiniertesten Form.<\/p>\n<p>Das erste, was beeindruckt, ist seine wundersch\u00f6ne, blassrosa Farbe mit subtilen kupferfarbenen Reflexen, die an die besten Jahrgangs-Ros\u00e9s erinnern. Die feine Perlage bildet einen anhaltenden und zarten Schaumkranz.<\/p>\n<p>In der Nase entfaltet sich die klassische Pinot-Noir-Komplexit\u00e4t: florale Noten von Rosen und Narzissen vereinen sich mit frischen roten Fr\u00fcchten wie Walderdbeeren und Himbeeren, erg\u00e4nzt durch subtile Gew\u00fcrznoten und feine Pyren\u00e4en-Bl\u00fcten.<\/p>\n<p>Am Gaumen \u00fcberzeugt er mit seiner seidigen und samtigen Textur, die perfekt mit seiner trockenen, eleganten Struktur harmoniert. Sanfte Honig- und reife Fruchtnoten gehen in leichte R\u00f6staromen von Brot und Mandeln \u00fcber und verleihen ihm Tiefe und Raffinesse. Seine au\u00dfergew\u00f6hnliche L\u00e4nge sorgt f\u00fcr eine anhaltende, sich entwickelnde Komplexit\u00e4t bei jedem Schluck.<\/p>\n<p>Ein streng limitierter Cava (<span style=\"font-size: 16px;\">nur 150 Flaschen verf\u00fcgbar)<\/span>, geschaffen f\u00fcr besondere Momente und gro\u00dfe Feierlichkeiten.<\/p>","protected":false},"excerpt":{"rendered":"<p>Brut \u2013 \u00d6kologischer Landbau<\/p>","protected":false},"featured_media":1774,"comment_status":"closed","ping_status":"closed","template":"","meta":{"site-sidebar-layout":"default","site-content-layout":"","ast-site-content-layout":"default","site-content-style":"default","site-sidebar-style":"default","ast-global-header-display":"","ast-banner-title-visibility":"","ast-main-header-display":"","ast-hfb-above-header-display":"","ast-hfb-below-header-display":"","ast-hfb-mobile-header-display":"","site-post-title":"","ast-breadcrumbs-content":"","ast-featured-img":"","footer-sml-layout":"","ast-disable-related-posts":"","theme-transparent-header-meta":"default","adv-header-id-meta":"","stick-header-meta":"","header-above-stick-meta":"","header-main-stick-meta":"","header-below-stick-meta":"","astra-migrate-meta-layouts":"set","ast-page-background-enabled":"default","ast-page-background-meta":{"desktop":{"background-color":"var(--ast-global-color-4)","background-image":"","background-repeat":"repeat","background-position":"center center","background-size":"auto","background-attachment":"scroll","background-type":"","background-media":"","overlay-type":"","overlay-color":"","overlay-opacity":"","overlay-gradient":""},"tablet":{"background-color":"","background-image":"","background-repeat":"repeat","background-position":"center center","background-size":"auto","background-attachment":"scroll","background-type":"","background-media":"","overlay-type":"","overlay-color":"","overlay-opacity":"","overlay-gradient":""},"mobile":{"background-color":"","background-image":"","background-repeat":"repeat","background-position":"center center","background-size":"auto","background-attachment":"scroll","background-type":"","background-media":"","overlay-type":"","overlay-color":"","overlay-opacity":"","overlay-gradient":""}},"ast-content-background-meta":{"desktop":{"background-color":"var(--ast-global-color-5)","background-image":"","background-repeat":"repeat","background-position":"center center","background-size":"auto","background-attachment":"scroll","background-type":"","background-media":"","overlay-type":"","overlay-color":"","overlay-opacity":"","overlay-gradient":""},"tablet":{"background-color":"var(--ast-global-color-5)","background-image":"","background-repeat":"repeat","background-position":"center center","background-size":"auto","background-attachment":"scroll","background-type":"","background-media":"","overlay-type":"","overlay-color":"","overlay-opacity":"","overlay-gradient":""},"mobile":{"background-color":"var(--ast-global-color-5)","background-image":"","background-repeat":"repeat","background-position":"center center","background-size":"auto","background-attachment":"scroll","background-type":"","background-media":"","overlay-type":"","overlay-color":"","overlay-opacity":"","overlay-gradient":""}}},"product_brand":[],"product_cat":[31,20,21,32],"product_tag":[34,35,36],"class_list":{"0":"post-1773","1":"product","2":"type-product","3":"status-publish","4":"has-post-thumbnail","6":"product_cat-cava-reserva","7":"product_cat-caves-especials","8":"product_cat-caves-magnums","9":"product_cat-caves-rosats","10":"product_tag-agricultura-ecologica","11":"product_tag-brut","12":"product_tag-swarovski","13":"desktop-align-center","14":"tablet-align-left","15":"mobile-align-left","17":"first","18":"instock","19":"shipping-taxable","20":"purchasable","21":"product-type-simple"},"_links":{"self":[{"href":"https:\/\/cavagiro.com\/de\/wp-json\/wp\/v2\/product\/1773","targetHints":{"allow":["GET"]}}],"collection":[{"href":"https:\/\/cavagiro.com\/de\/wp-json\/wp\/v2\/product"}],"about":[{"href":"https:\/\/cavagiro.com\/de\/wp-json\/wp\/v2\/types\/product"}],"replies":[{"embeddable":true,"href":"https:\/\/cavagiro.com\/de\/wp-json\/wp\/v2\/comments?post=1773"}],"wp:featuredmedia":[{"embeddable":true,"href":"https:\/\/cavagiro.com\/de\/wp-json\/wp\/v2\/media\/1774"}],"wp:attachment":[{"href":"https:\/\/cavagiro.com\/de\/wp-json\/wp\/v2\/media?parent=1773"}],"wp:term":[{"taxonomy":"product_brand","embeddable":true,"href":"https:\/\/cavagiro.com\/de\/wp-json\/wp\/v2\/product_brand?post=1773"},{"taxonomy":"product_cat","embeddable":true,"href":"https:\/\/cavagiro.com\/de\/wp-json\/wp\/v2\/product_cat?post=1773"},{"taxonomy":"product_tag","embeddable":true,"href":"https:\/\/cavagiro.com\/de\/wp-json\/wp\/v2\/product_tag?post=1773"}],"curies":[{"name":"wp","href":"https:\/\/api.w.org\/{rel}","templated":true}]}}