{"id":1775,"date":"2024-11-15T09:48:11","date_gmt":"2024-11-15T09:48:11","guid":{"rendered":"http:\/\/cavagiro.com\/?post_type=product&#038;p=1775"},"modified":"2025-11-24T07:36:28","modified_gmt":"2025-11-24T06:36:28","slug":"grandalla-grose-reserve-brutto","status":"publish","type":"product","link":"https:\/\/cavagiro.com\/de\/comprar-online\/grandalla-gran-reserva-brut\/","title":{"rendered":"GRANDALLA GRAN RESERVA"},"content":{"rendered":"<p>GRANDALLA GRAN RESERVA<br \/>\n<strong>GRAN RESERVE BRUT 2020<\/strong><br \/>\nmit Geschenkverpackung<br \/>\n<strong>Z\u00dcRICH Gold-Diplom 2018<\/strong><\/p>\n<p>40% Xarello, 40% Parellada, 10% Chardonnay, 10% Pinot Noir<\/p>\n<p>In au\u00dfergew\u00f6hnlichen Jahren, wenn die Natur ihre beste Seite zeigt, entsteht <b>Grandalla Gran Reserva<\/b>. Diese j\u00fcngere Version unserer <b>Grandalla de Luxe<\/b> bewahrt ihre florale und elegante Essenz, pr\u00e4sentiert sich jedoch mit einem frischeren, lebendigeren Charakter \u2013 eine ernstzunehmende Konkurrenz f\u00fcr die besten Vintage-Champagner.<\/p>\n<p>Seine feinen und anhaltenden Bl\u00e4schen bilden zarte Ketten, die langsam im Glas aufsteigen und seine Raffinesse zeigen. Seine blassgelbe Farbe mit goldenen Reflexen l\u00e4sst auf ein komplexes und ausgewogenes Sinneserlebnis schlie\u00dfen.<\/p>\n<p>In der Nase vereinen sich subtile Reifungsnoten mit Aromen von wei\u00dfen Bl\u00fcten, reifen Zitrusfr\u00fcchten und ger\u00f6steten Mandeln. Am Gaumen beeindruckt er mit seiner Struktur, Frische und Harmonie, begleitet von Nuancen reifer Fr\u00fcchte, Trockenfr\u00fcchte und einer feinen W\u00fcrze, die seine L\u00e4nge verst\u00e4rkt.<\/p>\n<p>Ein Cava f\u00fcr gro\u00dfe Anl\u00e4sse und unvergessliche Dinners \u2013 jeder Toast wird zu einer Feier der Exzellenz.<\/p>","protected":false},"excerpt":{"rendered":"<p>Brut<\/p>","protected":false},"featured_media":2655,"comment_status":"closed","ping_status":"closed","template":"","meta":{"site-sidebar-layout":"default","site-content-layout":"","ast-site-content-layout":"default","site-content-style":"default","site-sidebar-style":"default","ast-global-header-display":"","ast-banner-title-visibility":"","ast-main-header-display":"","ast-hfb-above-header-display":"","ast-hfb-below-header-display":"","ast-hfb-mobile-header-display":"","site-post-title":"","ast-breadcrumbs-content":"","ast-featured-img":"","footer-sml-layout":"","ast-disable-related-posts":"","theme-transparent-header-meta":"default","adv-header-id-meta":"","stick-header-meta":"","header-above-stick-meta":"","header-main-stick-meta":"","header-below-stick-meta":"","astra-migrate-meta-layouts":"set","ast-page-background-enabled":"default","ast-page-background-meta":{"desktop":{"background-color":"var(--ast-global-color-4)","background-image":"","background-repeat":"repeat","background-position":"center center","background-size":"auto","background-attachment":"scroll","background-type":"","background-media":"","overlay-type":"","overlay-color":"","overlay-opacity":"","overlay-gradient":""},"tablet":{"background-color":"","background-image":"","background-repeat":"repeat","background-position":"center center","background-size":"auto","background-attachment":"scroll","background-type":"","background-media":"","overlay-type":"","overlay-color":"","overlay-opacity":"","overlay-gradient":""},"mobile":{"background-color":"","background-image":"","background-repeat":"repeat","background-position":"center center","background-size":"auto","background-attachment":"scroll","background-type":"","background-media":"","overlay-type":"","overlay-color":"","overlay-opacity":"","overlay-gradient":""}},"ast-content-background-meta":{"desktop":{"background-color":"var(--ast-global-color-5)","background-image":"","background-repeat":"repeat","background-position":"center center","background-size":"auto","background-attachment":"scroll","background-type":"","background-media":"","overlay-type":"","overlay-color":"","overlay-opacity":"","overlay-gradient":""},"tablet":{"background-color":"var(--ast-global-color-5)","background-image":"","background-repeat":"repeat","background-position":"center center","background-size":"auto","background-attachment":"scroll","background-type":"","background-media":"","overlay-type":"","overlay-color":"","overlay-opacity":"","overlay-gradient":""},"mobile":{"background-color":"var(--ast-global-color-5)","background-image":"","background-repeat":"repeat","background-position":"center center","background-size":"auto","background-attachment":"scroll","background-type":"","background-media":"","overlay-type":"","overlay-color":"","overlay-opacity":"","overlay-gradient":""}}},"product_brand":[],"product_cat":[30,20],"product_tag":[],"class_list":{"0":"post-1775","1":"product","2":"type-product","3":"status-publish","4":"has-post-thumbnail","6":"product_cat-caves-gran-reserva","7":"product_cat-caves-especials","8":"desktop-align-center","9":"tablet-align-left","10":"mobile-align-left","12":"first","13":"instock","14":"shipping-taxable","15":"purchasable","16":"product-type-simple"},"_links":{"self":[{"href":"https:\/\/cavagiro.com\/de\/wp-json\/wp\/v2\/product\/1775","targetHints":{"allow":["GET"]}}],"collection":[{"href":"https:\/\/cavagiro.com\/de\/wp-json\/wp\/v2\/product"}],"about":[{"href":"https:\/\/cavagiro.com\/de\/wp-json\/wp\/v2\/types\/product"}],"replies":[{"embeddable":true,"href":"https:\/\/cavagiro.com\/de\/wp-json\/wp\/v2\/comments?post=1775"}],"wp:featuredmedia":[{"embeddable":true,"href":"https:\/\/cavagiro.com\/de\/wp-json\/wp\/v2\/media\/2655"}],"wp:attachment":[{"href":"https:\/\/cavagiro.com\/de\/wp-json\/wp\/v2\/media?parent=1775"}],"wp:term":[{"taxonomy":"product_brand","embeddable":true,"href":"https:\/\/cavagiro.com\/de\/wp-json\/wp\/v2\/product_brand?post=1775"},{"taxonomy":"product_cat","embeddable":true,"href":"https:\/\/cavagiro.com\/de\/wp-json\/wp\/v2\/product_cat?post=1775"},{"taxonomy":"product_tag","embeddable":true,"href":"https:\/\/cavagiro.com\/de\/wp-json\/wp\/v2\/product_tag?post=1775"}],"curies":[{"name":"wp","href":"https:\/\/api.w.org\/{rel}","templated":true}]}}