{"id":1779,"date":"2024-11-15T09:49:32","date_gmt":"2024-11-15T09:49:32","guid":{"rendered":"http:\/\/cavagiro.com\/?post_type=product&#038;p=1779"},"modified":"2025-07-29T11:31:35","modified_gmt":"2025-07-29T10:31:35","slug":"montaner-gran-reserva-brut-natur-okologische-landwirtschaft","status":"publish","type":"product","link":"https:\/\/cavagiro.com\/de\/comprar-online\/montaner-gran-reserva-brut-nature-agricultura-ecologica\/","title":{"rendered":"MONTANER"},"content":{"rendered":"<p>MONTANER GRAN RESERVA<br \/>\n<strong>GRAND RESERVA BRUT NATURE 2017<\/strong><br \/>\n\u00d6KOLOGISCHE LANDWIRTSCHAFT<br \/>\n<strong>BESTER CAVA \u201eGOURMET WINE GUIDE\u201c 2015<\/strong><\/p>\n<p><strong>Silberdiplom Z\u00dcRICH 2018<\/strong><\/p>\n<p>40% Macabeo | 30% Parellada | 20% Xarello | 10% Chardonnay<\/p>\n<p><b>Der Gentleman unter unseren Cavas<\/b><\/p>\n<p>Eleganz in Perfektion. Montaner 2018 ist der klassischste Cava, den man sich vorstellen kann \u2013 der wahre Gentleman unserer Kollektion. Er stammt aus einem der besten Jahrg\u00e4nge der letzten Zeit und verk\u00f6rpert Raffinesse und Stil.<\/p>\n<p>Mit einer exquisiten Perlage feinster Bl\u00e4schen und einem edlen, hellgoldenen Schimmer begeistert er bereits optisch. In der Nase entfaltet er eine au\u00dfergew\u00f6hnliche Komplexit\u00e4t, mit feinen Noten von Hefen, Pfirsich und reifer tropischer Frucht wie Ananas, begleitet von einem subtilen Hauch von Zitrusfr\u00fcchten, der seine Frische unterstreicht.<\/p>\n<p>Am Gaumen zeigt er sich trocken und k\u00fchl, doch mit der Tiefe und F\u00fclle eines gro\u00dfen Jahrgangs-Gran Reserva. Die perfekte Balance zwischen Struktur und Lebendigkeit f\u00fchrt zu einem langanhaltenden, intensiven Finale, das noch lange nachklingt.<\/p>\n<p>Wir sind die Einzigen, die ein Thermometer auf dem R\u00fccketikett haben, damit du immer wei\u00dft, wann dein Cava die perfekte Temperatur hat. Wenn das Thermometer blau wird, ist der ideale Moment gekommen, ihn in vollen Z\u00fcgen zu genie\u00dfen. So einfach und so pr\u00e4zise!<\/p>\n<p>Montaner 2018 ist mehr als nur ein Cava \u2013 er ist ein Symbol f\u00fcr Klasse und Exzellenz.<\/p>","protected":false},"excerpt":{"rendered":"<p>Brut Nature \u2013 \u00d6kologischer Landbau<\/p>","protected":false},"featured_media":1780,"comment_status":"closed","ping_status":"closed","template":"","meta":{"site-sidebar-layout":"default","site-content-layout":"","ast-site-content-layout":"default","site-content-style":"default","site-sidebar-style":"default","ast-global-header-display":"","ast-banner-title-visibility":"","ast-main-header-display":"","ast-hfb-above-header-display":"","ast-hfb-below-header-display":"","ast-hfb-mobile-header-display":"","site-post-title":"","ast-breadcrumbs-content":"","ast-featured-img":"","footer-sml-layout":"","ast-disable-related-posts":"","theme-transparent-header-meta":"default","adv-header-id-meta":"","stick-header-meta":"","header-above-stick-meta":"","header-main-stick-meta":"","header-below-stick-meta":"","astra-migrate-meta-layouts":"set","ast-page-background-enabled":"default","ast-page-background-meta":{"desktop":{"background-color":"var(--ast-global-color-4)","background-image":"","background-repeat":"repeat","background-position":"center center","background-size":"auto","background-attachment":"scroll","background-type":"","background-media":"","overlay-type":"","overlay-color":"","overlay-opacity":"","overlay-gradient":""},"tablet":{"background-color":"","background-image":"","background-repeat":"repeat","background-position":"center center","background-size":"auto","background-attachment":"scroll","background-type":"","background-media":"","overlay-type":"","overlay-color":"","overlay-opacity":"","overlay-gradient":""},"mobile":{"background-color":"","background-image":"","background-repeat":"repeat","background-position":"center center","background-size":"auto","background-attachment":"scroll","background-type":"","background-media":"","overlay-type":"","overlay-color":"","overlay-opacity":"","overlay-gradient":""}},"ast-content-background-meta":{"desktop":{"background-color":"var(--ast-global-color-5)","background-image":"","background-repeat":"repeat","background-position":"center center","background-size":"auto","background-attachment":"scroll","background-type":"","background-media":"","overlay-type":"","overlay-color":"","overlay-opacity":"","overlay-gradient":""},"tablet":{"background-color":"var(--ast-global-color-5)","background-image":"","background-repeat":"repeat","background-position":"center center","background-size":"auto","background-attachment":"scroll","background-type":"","background-media":"","overlay-type":"","overlay-color":"","overlay-opacity":"","overlay-gradient":""},"mobile":{"background-color":"var(--ast-global-color-5)","background-image":"","background-repeat":"repeat","background-position":"center center","background-size":"auto","background-attachment":"scroll","background-type":"","background-media":"","overlay-type":"","overlay-color":"","overlay-opacity":"","overlay-gradient":""}}},"product_brand":[],"product_cat":[30],"product_tag":[34,33],"class_list":{"0":"post-1779","1":"product","2":"type-product","3":"status-publish","4":"has-post-thumbnail","6":"product_cat-caves-gran-reserva","7":"product_tag-agricultura-ecologica","8":"product_tag-brut-nature","9":"desktop-align-center","10":"tablet-align-left","11":"mobile-align-left","13":"first","14":"instock","15":"shipping-taxable","16":"purchasable","17":"product-type-simple"},"_links":{"self":[{"href":"https:\/\/cavagiro.com\/de\/wp-json\/wp\/v2\/product\/1779","targetHints":{"allow":["GET"]}}],"collection":[{"href":"https:\/\/cavagiro.com\/de\/wp-json\/wp\/v2\/product"}],"about":[{"href":"https:\/\/cavagiro.com\/de\/wp-json\/wp\/v2\/types\/product"}],"replies":[{"embeddable":true,"href":"https:\/\/cavagiro.com\/de\/wp-json\/wp\/v2\/comments?post=1779"}],"wp:featuredmedia":[{"embeddable":true,"href":"https:\/\/cavagiro.com\/de\/wp-json\/wp\/v2\/media\/1780"}],"wp:attachment":[{"href":"https:\/\/cavagiro.com\/de\/wp-json\/wp\/v2\/media?parent=1779"}],"wp:term":[{"taxonomy":"product_brand","embeddable":true,"href":"https:\/\/cavagiro.com\/de\/wp-json\/wp\/v2\/product_brand?post=1779"},{"taxonomy":"product_cat","embeddable":true,"href":"https:\/\/cavagiro.com\/de\/wp-json\/wp\/v2\/product_cat?post=1779"},{"taxonomy":"product_tag","embeddable":true,"href":"https:\/\/cavagiro.com\/de\/wp-json\/wp\/v2\/product_tag?post=1779"}],"curies":[{"name":"wp","href":"https:\/\/api.w.org\/{rel}","templated":true}]}}