{"id":1781,"date":"2024-11-15T09:50:35","date_gmt":"2024-11-15T09:50:35","guid":{"rendered":"http:\/\/cavagiro.com\/?post_type=product&#038;p=1781"},"modified":"2025-07-10T07:22:40","modified_gmt":"2025-07-10T06:22:40","slug":"magnum-xarel%c2%b7lo-100-reserve-brut-natur-okologische-landwirtschaft-1-5l","status":"publish","type":"product","link":"https:\/\/cavagiro.com\/de\/comprar-online\/magnum-xarel%c2%b7lo-100-reserva-brut-nature-agricultura-ecologica-1-5l\/","title":{"rendered":"MAGNUM XAREL\u00b7LO"},"content":{"rendered":"<p>MAGNUM XAREL\u00b7LO<br \/>\nGROSSES RESERVAT 2019<br \/>\nBRUT NATURE<br \/>\n\u00d6KOLOGISCHE LANDWIRTSCHAFT<\/p>\n<p>100% Xarel\u00b7lo<\/p>\n<p><b>Xarel\u00b7lo Magnum \u2013 Die h\u00f6chste Ausdrucksform des Xarel\u00b7lo<\/b><\/p>\n<p>Ein einzigartiger Cava \u2013 rein und unverf\u00e4lscht. <b>Xarel\u00b7lo Magnum<\/b> verk\u00f6rpert die edelste Form dieser Rebsorte in ihrem prestigetr\u00e4chtigsten Format und erm\u00f6glicht dank der Vorteile der Magnumflasche eine harmonischere und ausgewogenere Reifung.<\/p>\n<p>Seine feinen, anhaltenden Perlen entfalten sich in einem blassgelben Farbton mit gr\u00fcnlichen Reflexen und spiegeln seine nat\u00fcrliche Frische wider. In der Nase zeigt er deutlich die Essenz des Xarel\u00b7lo: intensive Aprikosen- und Zitronennoten, begleitet von einer subtilen mineralischen Nuance.<\/p>\n<p>Am Gaumen pr\u00e4sentiert er sich trocken und strukturiert, mit lebendiger S\u00e4ure, die ihm Spannung und Energie verleiht. Sein gradliniger, kraftvoller Charakter kommt ohne Schn\u00f6rkel aus und besticht durch seine pure Eleganz. Die verl\u00e4ngerte Reifung in der Magnumflasche sorgt f\u00fcr eine langsamere, verfeinerte Entwicklung, die seine Tiefe und samtige Textur verst\u00e4rkt und in einem komplexen, langanhaltenden Finish gipfelt.<\/p>\n<p>Das <b>Magnum-Format<\/b> ist ideal f\u00fcr die Reifung hochwertiger Cavas, da sein gr\u00f6\u00dferes Volumen eine langsamere, ausgewogenere Entwicklung erm\u00f6glicht, was zu einer h\u00f6heren Stabilit\u00e4t und Langlebigkeit f\u00fchrt. Das geringere Verh\u00e4ltnis von Sauerstoff zu Wein in der Flasche tr\u00e4gt zur optimalen Erhaltung und Entfaltung der organoleptischen Eigenschaften bei und hebt die Finesse und Komplexit\u00e4t dieses <b>lange Reserva-Reifung<\/b>.<\/p>\n<p>Neben seiner \u00f6nologischen Exzellenz ist <b>Xarel\u00b7lo Magnum<\/b> auch eine Hommage an Kunst und Inklusion. Sein Etikett wurde von <b>La Casa de Carlota<\/b> in Zusammenarbeit mit einem jungen Mann mit Down-Syndrom, der dieser Arbeit eine einzigartige und authentische Vision verleiht.<\/p>\n<p>Die perfekte Wahl f\u00fcr alle, die die h\u00f6chste Ausdrucksform des Xarel\u00b7lo in einem Format suchen, das seine wahre Gr\u00f6\u00dfe unterstreicht.<\/p>","protected":false},"excerpt":{"rendered":"<p>Brut Nature \u2013 \u00d6kologischer Landbau<\/p>","protected":false},"featured_media":1782,"comment_status":"closed","ping_status":"closed","template":"","meta":{"site-sidebar-layout":"default","site-content-layout":"","ast-site-content-layout":"default","site-content-style":"default","site-sidebar-style":"default","ast-global-header-display":"","ast-banner-title-visibility":"","ast-main-header-display":"","ast-hfb-above-header-display":"","ast-hfb-below-header-display":"","ast-hfb-mobile-header-display":"","site-post-title":"","ast-breadcrumbs-content":"","ast-featured-img":"","footer-sml-layout":"","ast-disable-related-posts":"","theme-transparent-header-meta":"default","adv-header-id-meta":"","stick-header-meta":"","header-above-stick-meta":"","header-main-stick-meta":"","header-below-stick-meta":"","astra-migrate-meta-layouts":"set","ast-page-background-enabled":"default","ast-page-background-meta":{"desktop":{"background-color":"var(--ast-global-color-4)","background-image":"","background-repeat":"repeat","background-position":"center center","background-size":"auto","background-attachment":"scroll","background-type":"","background-media":"","overlay-type":"","overlay-color":"","overlay-opacity":"","overlay-gradient":""},"tablet":{"background-color":"","background-image":"","background-repeat":"repeat","background-position":"center center","background-size":"auto","background-attachment":"scroll","background-type":"","background-media":"","overlay-type":"","overlay-color":"","overlay-opacity":"","overlay-gradient":""},"mobile":{"background-color":"","background-image":"","background-repeat":"repeat","background-position":"center center","background-size":"auto","background-attachment":"scroll","background-type":"","background-media":"","overlay-type":"","overlay-color":"","overlay-opacity":"","overlay-gradient":""}},"ast-content-background-meta":{"desktop":{"background-color":"var(--ast-global-color-5)","background-image":"","background-repeat":"repeat","background-position":"center center","background-size":"auto","background-attachment":"scroll","background-type":"","background-media":"","overlay-type":"","overlay-color":"","overlay-opacity":"","overlay-gradient":""},"tablet":{"background-color":"var(--ast-global-color-5)","background-image":"","background-repeat":"repeat","background-position":"center center","background-size":"auto","background-attachment":"scroll","background-type":"","background-media":"","overlay-type":"","overlay-color":"","overlay-opacity":"","overlay-gradient":""},"mobile":{"background-color":"var(--ast-global-color-5)","background-image":"","background-repeat":"repeat","background-position":"center center","background-size":"auto","background-attachment":"scroll","background-type":"","background-media":"","overlay-type":"","overlay-color":"","overlay-opacity":"","overlay-gradient":""}}},"product_brand":[],"product_cat":[31,20,21],"product_tag":[],"class_list":{"0":"post-1781","1":"product","2":"type-product","3":"status-publish","4":"has-post-thumbnail","6":"product_cat-cava-reserva","7":"product_cat-caves-especials","8":"product_cat-caves-magnums","9":"desktop-align-center","10":"tablet-align-left","11":"mobile-align-left","13":"first","14":"instock","15":"shipping-taxable","16":"purchasable","17":"product-type-simple"},"_links":{"self":[{"href":"https:\/\/cavagiro.com\/de\/wp-json\/wp\/v2\/product\/1781","targetHints":{"allow":["GET"]}}],"collection":[{"href":"https:\/\/cavagiro.com\/de\/wp-json\/wp\/v2\/product"}],"about":[{"href":"https:\/\/cavagiro.com\/de\/wp-json\/wp\/v2\/types\/product"}],"replies":[{"embeddable":true,"href":"https:\/\/cavagiro.com\/de\/wp-json\/wp\/v2\/comments?post=1781"}],"wp:featuredmedia":[{"embeddable":true,"href":"https:\/\/cavagiro.com\/de\/wp-json\/wp\/v2\/media\/1782"}],"wp:attachment":[{"href":"https:\/\/cavagiro.com\/de\/wp-json\/wp\/v2\/media?parent=1781"}],"wp:term":[{"taxonomy":"product_brand","embeddable":true,"href":"https:\/\/cavagiro.com\/de\/wp-json\/wp\/v2\/product_brand?post=1781"},{"taxonomy":"product_cat","embeddable":true,"href":"https:\/\/cavagiro.com\/de\/wp-json\/wp\/v2\/product_cat?post=1781"},{"taxonomy":"product_tag","embeddable":true,"href":"https:\/\/cavagiro.com\/de\/wp-json\/wp\/v2\/product_tag?post=1781"}],"curies":[{"name":"wp","href":"https:\/\/api.w.org\/{rel}","templated":true}]}}