{"id":1783,"date":"2024-11-15T09:51:41","date_gmt":"2024-11-15T09:51:41","guid":{"rendered":"http:\/\/cavagiro.com\/?post_type=product&#038;p=1783"},"modified":"2026-01-30T11:57:56","modified_gmt":"2026-01-30T10:57:56","slug":"auswahl-der-familie-baron-merten","status":"publish","type":"product","link":"https:\/\/cavagiro.com\/de\/comprar-online\/baron-merten-selecccio-familiar\/","title":{"rendered":"BARON MERTEN SELECCI\u00d3 FAMILIAR"},"content":{"rendered":"<p>BARON MERTEN Reserva Familiar<br \/>\nmit Geschenkverpackung<br \/>\n<strong>GRAND RESERVA BRUT NATURE 2012\u00a0<\/strong><br \/>\n<strong>GOLDMEDAILLE EXPOVINA Z\u00dcRICH 2022-2023<\/strong><\/p>\n<p>45% Xarello, 20% Parellada, 20% Macabeo, 15% Chardonnay<\/p>\n<p>Ein au\u00dfergew\u00f6hnlicher Cava mit einer eleganten hellgelben Farbton mit gr\u00fcnlichen Reflexen und einer feinen, anhaltenden Perlage pr\u00e4sentiert. In der Nase entfaltet er ein perfektes Gleichgewicht zwischen Aromen reifer Fr\u00fcchte und w\u00fcrzigen Noten, begleitet von feinen Nuancen von Orangenbl\u00fcten, Honig und R\u00f6staromen.<\/p>\n<p>Am Gaumen zeigt er sich sehr trocken, mit einer weichen und raffinierten Textur. Die Nuancen von ger\u00f6steten N\u00fcssen und gebackenem Brot verschmelzen mit der Frische reifer Fr\u00fcchte wie Pfirsich und Aprikose was diesem Jahrgangs-Cava eine beeindruckende Struktur und Tiefe verleiht. Seine lange Persistenz und komplexe Aromatik machen ihn zu einem einzigartigen Genusserlebnis, das lange nachklingt.<\/p>\n<p>Nur in au\u00dfergew\u00f6hnlichen Jahrg\u00e4ngen und aus einer sorgf\u00e4ltigen Auswahl der besten Weine hergestellt, vereint dieser lang gereifte Cava Frische und Komplexit\u00e4t in perfekter Harmonie. Oder, wie es die verstorbene Baronin von Merten einst sagte: Komplex, aber nicht kompliziert!<\/p>","protected":false},"excerpt":{"rendered":"<p>Gran Reserva \u2013 Brut Nature<\/p>","protected":false},"featured_media":2656,"comment_status":"closed","ping_status":"closed","template":"","meta":{"site-sidebar-layout":"default","site-content-layout":"","ast-site-content-layout":"default","site-content-style":"default","site-sidebar-style":"default","ast-global-header-display":"","ast-banner-title-visibility":"","ast-main-header-display":"","ast-hfb-above-header-display":"","ast-hfb-below-header-display":"","ast-hfb-mobile-header-display":"","site-post-title":"","ast-breadcrumbs-content":"","ast-featured-img":"","footer-sml-layout":"","ast-disable-related-posts":"","theme-transparent-header-meta":"default","adv-header-id-meta":"","stick-header-meta":"","header-above-stick-meta":"","header-main-stick-meta":"","header-below-stick-meta":"","astra-migrate-meta-layouts":"set","ast-page-background-enabled":"default","ast-page-background-meta":{"desktop":{"background-color":"var(--ast-global-color-4)","background-image":"","background-repeat":"repeat","background-position":"center center","background-size":"auto","background-attachment":"scroll","background-type":"","background-media":"","overlay-type":"","overlay-color":"","overlay-opacity":"","overlay-gradient":""},"tablet":{"background-color":"","background-image":"","background-repeat":"repeat","background-position":"center center","background-size":"auto","background-attachment":"scroll","background-type":"","background-media":"","overlay-type":"","overlay-color":"","overlay-opacity":"","overlay-gradient":""},"mobile":{"background-color":"","background-image":"","background-repeat":"repeat","background-position":"center center","background-size":"auto","background-attachment":"scroll","background-type":"","background-media":"","overlay-type":"","overlay-color":"","overlay-opacity":"","overlay-gradient":""}},"ast-content-background-meta":{"desktop":{"background-color":"var(--ast-global-color-5)","background-image":"","background-repeat":"repeat","background-position":"center center","background-size":"auto","background-attachment":"scroll","background-type":"","background-media":"","overlay-type":"","overlay-color":"","overlay-opacity":"","overlay-gradient":""},"tablet":{"background-color":"var(--ast-global-color-5)","background-image":"","background-repeat":"repeat","background-position":"center center","background-size":"auto","background-attachment":"scroll","background-type":"","background-media":"","overlay-type":"","overlay-color":"","overlay-opacity":"","overlay-gradient":""},"mobile":{"background-color":"var(--ast-global-color-5)","background-image":"","background-repeat":"repeat","background-position":"center center","background-size":"auto","background-attachment":"scroll","background-type":"","background-media":"","overlay-type":"","overlay-color":"","overlay-opacity":"","overlay-gradient":""}}},"product_brand":[],"product_cat":[30,20],"product_tag":[],"class_list":{"0":"post-1783","1":"product","2":"type-product","3":"status-publish","4":"has-post-thumbnail","6":"product_cat-caves-gran-reserva","7":"product_cat-caves-especials","8":"desktop-align-center","9":"tablet-align-left","10":"mobile-align-left","12":"first","13":"instock","14":"shipping-taxable","15":"purchasable","16":"product-type-simple"},"_links":{"self":[{"href":"https:\/\/cavagiro.com\/de\/wp-json\/wp\/v2\/product\/1783","targetHints":{"allow":["GET"]}}],"collection":[{"href":"https:\/\/cavagiro.com\/de\/wp-json\/wp\/v2\/product"}],"about":[{"href":"https:\/\/cavagiro.com\/de\/wp-json\/wp\/v2\/types\/product"}],"replies":[{"embeddable":true,"href":"https:\/\/cavagiro.com\/de\/wp-json\/wp\/v2\/comments?post=1783"}],"wp:featuredmedia":[{"embeddable":true,"href":"https:\/\/cavagiro.com\/de\/wp-json\/wp\/v2\/media\/2656"}],"wp:attachment":[{"href":"https:\/\/cavagiro.com\/de\/wp-json\/wp\/v2\/media?parent=1783"}],"wp:term":[{"taxonomy":"product_brand","embeddable":true,"href":"https:\/\/cavagiro.com\/de\/wp-json\/wp\/v2\/product_brand?post=1783"},{"taxonomy":"product_cat","embeddable":true,"href":"https:\/\/cavagiro.com\/de\/wp-json\/wp\/v2\/product_cat?post=1783"},{"taxonomy":"product_tag","embeddable":true,"href":"https:\/\/cavagiro.com\/de\/wp-json\/wp\/v2\/product_tag?post=1783"}],"curies":[{"name":"wp","href":"https:\/\/api.w.org\/{rel}","templated":true}]}}