{"id":1791,"date":"2024-11-15T09:55:27","date_gmt":"2024-11-15T09:55:27","guid":{"rendered":"http:\/\/cavagiro.com\/?post_type=product&#038;p=1791"},"modified":"2025-06-20T11:11:27","modified_gmt":"2025-06-20T10:11:27","slug":"nettoreserve-bruttookologische-landwirtschaft","status":"publish","type":"product","link":"https:\/\/cavagiro.com\/de\/comprar-online\/net-reserva-brut-agricultura-ecologica\/","title":{"rendered":"NET"},"content":{"rendered":"<p>NET RESERVA BRUT 2019<br \/>\n<strong>BACCHUS SILBER 2013<\/strong><br \/>\n<strong>BACCHUS GOLD 2010<\/strong><br \/>\n\u00d6KOLOGISCHE LANDWIRTSCHAFT<\/p>\n<p>40 % Xarel\u00b7lo, 30% Parellada, 20% Macabeo, 10% Chardonnay<\/p>\n<p>Mit einer exzellenten Perlage feinster Bl\u00e4schen pr\u00e4sentiert sich dieser Cava in einem eleganten goldgelben Farbton mit gr\u00fcnlichen Reflexen. In der Nase zeigt er sich intensiv fruchtig mit Noten von Apfel, Pfirsich und tropischen Fr\u00fcchten wie Ananas und Zitrusfr\u00fcchten, die ihm Frische und Lebendigkeit verleihen.<\/p>\n<p>Am Gaumen ist er trocken und frisch, mit einer perfekten Balance zwischen subtiler S\u00e4ure und der feinen S\u00fc\u00dfe eines Bruts. Seine Gran Reserva-Reifung verleiht ihm eine beeindruckende F\u00fclle und au\u00dfergew\u00f6hnliche Harmonie. Der Abgang ist langanhaltend und hinterl\u00e4sst einen eleganten und unvergesslichen Eindruck.<\/p>\n<p>Wir sind die Einzigen, die ein Thermometer auf dem R\u00fccketikett haben, damit du immer wei\u00dft, wann dein Cava die perfekte Temperatur hat. Wenn das Thermometer blau wird, ist der ideale Moment gekommen, ihn in vollen Z\u00fcgen zu genie\u00dfen. So einfach und so pr\u00e4zise!<\/p>","protected":false},"excerpt":{"rendered":"<p>Brut \u2013 \u00d6kologischer Landbau<\/p>","protected":false},"featured_media":1792,"comment_status":"closed","ping_status":"closed","template":"","meta":{"site-sidebar-layout":"default","site-content-layout":"","ast-site-content-layout":"default","site-content-style":"default","site-sidebar-style":"default","ast-global-header-display":"","ast-banner-title-visibility":"","ast-main-header-display":"","ast-hfb-above-header-display":"","ast-hfb-below-header-display":"","ast-hfb-mobile-header-display":"","site-post-title":"","ast-breadcrumbs-content":"","ast-featured-img":"","footer-sml-layout":"","ast-disable-related-posts":"","theme-transparent-header-meta":"default","adv-header-id-meta":"","stick-header-meta":"","header-above-stick-meta":"","header-main-stick-meta":"","header-below-stick-meta":"","astra-migrate-meta-layouts":"set","ast-page-background-enabled":"default","ast-page-background-meta":{"desktop":{"background-color":"var(--ast-global-color-4)","background-image":"","background-repeat":"repeat","background-position":"center center","background-size":"auto","background-attachment":"scroll","background-type":"","background-media":"","overlay-type":"","overlay-color":"","overlay-opacity":"","overlay-gradient":""},"tablet":{"background-color":"","background-image":"","background-repeat":"repeat","background-position":"center center","background-size":"auto","background-attachment":"scroll","background-type":"","background-media":"","overlay-type":"","overlay-color":"","overlay-opacity":"","overlay-gradient":""},"mobile":{"background-color":"","background-image":"","background-repeat":"repeat","background-position":"center center","background-size":"auto","background-attachment":"scroll","background-type":"","background-media":"","overlay-type":"","overlay-color":"","overlay-opacity":"","overlay-gradient":""}},"ast-content-background-meta":{"desktop":{"background-color":"var(--ast-global-color-5)","background-image":"","background-repeat":"repeat","background-position":"center center","background-size":"auto","background-attachment":"scroll","background-type":"","background-media":"","overlay-type":"","overlay-color":"","overlay-opacity":"","overlay-gradient":""},"tablet":{"background-color":"var(--ast-global-color-5)","background-image":"","background-repeat":"repeat","background-position":"center center","background-size":"auto","background-attachment":"scroll","background-type":"","background-media":"","overlay-type":"","overlay-color":"","overlay-opacity":"","overlay-gradient":""},"mobile":{"background-color":"var(--ast-global-color-5)","background-image":"","background-repeat":"repeat","background-position":"center center","background-size":"auto","background-attachment":"scroll","background-type":"","background-media":"","overlay-type":"","overlay-color":"","overlay-opacity":"","overlay-gradient":""}}},"product_brand":[],"product_cat":[31],"product_tag":[],"class_list":{"0":"post-1791","1":"product","2":"type-product","3":"status-publish","4":"has-post-thumbnail","6":"product_cat-cava-reserva","7":"desktop-align-center","8":"tablet-align-left","9":"mobile-align-left","11":"first","12":"instock","13":"shipping-taxable","14":"purchasable","15":"product-type-simple"},"_links":{"self":[{"href":"https:\/\/cavagiro.com\/de\/wp-json\/wp\/v2\/product\/1791","targetHints":{"allow":["GET"]}}],"collection":[{"href":"https:\/\/cavagiro.com\/de\/wp-json\/wp\/v2\/product"}],"about":[{"href":"https:\/\/cavagiro.com\/de\/wp-json\/wp\/v2\/types\/product"}],"replies":[{"embeddable":true,"href":"https:\/\/cavagiro.com\/de\/wp-json\/wp\/v2\/comments?post=1791"}],"wp:featuredmedia":[{"embeddable":true,"href":"https:\/\/cavagiro.com\/de\/wp-json\/wp\/v2\/media\/1792"}],"wp:attachment":[{"href":"https:\/\/cavagiro.com\/de\/wp-json\/wp\/v2\/media?parent=1791"}],"wp:term":[{"taxonomy":"product_brand","embeddable":true,"href":"https:\/\/cavagiro.com\/de\/wp-json\/wp\/v2\/product_brand?post=1791"},{"taxonomy":"product_cat","embeddable":true,"href":"https:\/\/cavagiro.com\/de\/wp-json\/wp\/v2\/product_cat?post=1791"},{"taxonomy":"product_tag","embeddable":true,"href":"https:\/\/cavagiro.com\/de\/wp-json\/wp\/v2\/product_tag?post=1791"}],"curies":[{"name":"wp","href":"https:\/\/api.w.org\/{rel}","templated":true}]}}