{"id":1793,"date":"2024-11-15T09:56:36","date_gmt":"2024-11-15T09:56:36","guid":{"rendered":"http:\/\/cavagiro.com\/?post_type=product&#038;p=1793"},"modified":"2025-11-24T09:05:44","modified_gmt":"2025-11-24T08:05:44","slug":"handwerkliche-zubereitung-reserve-brut-natur-okologische-landwirtschaft","status":"publish","type":"product","link":"https:\/\/cavagiro.com\/de\/comprar-online\/elaboracio-artesana-reserva-brut-nature-agricultura-ecologica\/","title":{"rendered":"ELABORACI\u00d3 ARTESANA"},"content":{"rendered":"<p>ELABORACI\u00d3 ARTESANA RESERVA<br \/>\n<strong>BRUT NATURE\u00a0<\/strong><\/p>\n<p>\u00d6KOLOGISCHE LANDWIRTSCHAFT<\/p>\n<p><strong>VINARI DE PLATA 2017<\/strong><\/p>\n<p style=\"font-weight: 400\"><strong>TOP WINE GOLD 2021<\/strong><\/p>\n<p>50% Xarello, 25% Macabeu, 25% Parellada<\/p>\n<p>Mit einer exzellenten Perlage feinster Bl\u00e4schen pr\u00e4sentiert sich dieser Cava in einem eleganten gr\u00fcnlichen Farbton mit subtilen gelben Reflexen. In der Nase besticht er durch seine florale und fruchtige Intensit\u00e4t mit Noten von Apfel, Pfirsich und tropischen Fr\u00fcchten wie Ananas und Zitrusfr\u00fcchten, begleitet von einem feinen Hauch von Banane.<\/p>\n<p>Am Gaumen zeigt er sich sehr trocken und frisch, mit einer cremigen Textur und vollem K\u00f6rper. Seine lebendige S\u00e4ure verleiht ihm Frische und Lebendigkeit, w\u00e4hrend die Reserva-Reifung ihm au\u00dfergew\u00f6hnliche F\u00fclle und Rundheit verleiht. Zarte R\u00f6staromen und ein seidiges, umh\u00fcllendes Finale runden dieses einzigartige Geschmackserlebnis perfekt ab.<\/p>\n<p>Wir sind die Einzigen, die ein Thermometer auf dem R\u00fccketikett haben, damit du immer wei\u00dft, wann dein Cava die perfekte Temperatur hat. Wenn das Thermometer blau wird, ist der ideale Moment gekommen, ihn in vollen Z\u00fcgen zu genie\u00dfen. So einfach und so pr\u00e4zise!<\/p>","protected":false},"excerpt":{"rendered":"<p>Brut Nature \u2013 \u00d6kologischer Landbau<\/p>","protected":false},"featured_media":1794,"comment_status":"closed","ping_status":"closed","template":"","meta":{"site-sidebar-layout":"default","site-content-layout":"","ast-site-content-layout":"default","site-content-style":"default","site-sidebar-style":"default","ast-global-header-display":"","ast-banner-title-visibility":"","ast-main-header-display":"","ast-hfb-above-header-display":"","ast-hfb-below-header-display":"","ast-hfb-mobile-header-display":"","site-post-title":"","ast-breadcrumbs-content":"","ast-featured-img":"","footer-sml-layout":"","ast-disable-related-posts":"","theme-transparent-header-meta":"default","adv-header-id-meta":"","stick-header-meta":"","header-above-stick-meta":"","header-main-stick-meta":"","header-below-stick-meta":"","astra-migrate-meta-layouts":"set","ast-page-background-enabled":"default","ast-page-background-meta":{"desktop":{"background-color":"var(--ast-global-color-4)","background-image":"","background-repeat":"repeat","background-position":"center center","background-size":"auto","background-attachment":"scroll","background-type":"","background-media":"","overlay-type":"","overlay-color":"","overlay-opacity":"","overlay-gradient":""},"tablet":{"background-color":"","background-image":"","background-repeat":"repeat","background-position":"center center","background-size":"auto","background-attachment":"scroll","background-type":"","background-media":"","overlay-type":"","overlay-color":"","overlay-opacity":"","overlay-gradient":""},"mobile":{"background-color":"","background-image":"","background-repeat":"repeat","background-position":"center center","background-size":"auto","background-attachment":"scroll","background-type":"","background-media":"","overlay-type":"","overlay-color":"","overlay-opacity":"","overlay-gradient":""}},"ast-content-background-meta":{"desktop":{"background-color":"var(--ast-global-color-5)","background-image":"","background-repeat":"repeat","background-position":"center center","background-size":"auto","background-attachment":"scroll","background-type":"","background-media":"","overlay-type":"","overlay-color":"","overlay-opacity":"","overlay-gradient":""},"tablet":{"background-color":"var(--ast-global-color-5)","background-image":"","background-repeat":"repeat","background-position":"center center","background-size":"auto","background-attachment":"scroll","background-type":"","background-media":"","overlay-type":"","overlay-color":"","overlay-opacity":"","overlay-gradient":""},"mobile":{"background-color":"var(--ast-global-color-5)","background-image":"","background-repeat":"repeat","background-position":"center center","background-size":"auto","background-attachment":"scroll","background-type":"","background-media":"","overlay-type":"","overlay-color":"","overlay-opacity":"","overlay-gradient":""}}},"product_brand":[],"product_cat":[31],"product_tag":[],"class_list":{"0":"post-1793","1":"product","2":"type-product","3":"status-publish","4":"has-post-thumbnail","6":"product_cat-cava-reserva","7":"desktop-align-center","8":"tablet-align-left","9":"mobile-align-left","11":"first","12":"instock","13":"shipping-taxable","14":"purchasable","15":"product-type-simple"},"_links":{"self":[{"href":"https:\/\/cavagiro.com\/de\/wp-json\/wp\/v2\/product\/1793","targetHints":{"allow":["GET"]}}],"collection":[{"href":"https:\/\/cavagiro.com\/de\/wp-json\/wp\/v2\/product"}],"about":[{"href":"https:\/\/cavagiro.com\/de\/wp-json\/wp\/v2\/types\/product"}],"replies":[{"embeddable":true,"href":"https:\/\/cavagiro.com\/de\/wp-json\/wp\/v2\/comments?post=1793"}],"wp:featuredmedia":[{"embeddable":true,"href":"https:\/\/cavagiro.com\/de\/wp-json\/wp\/v2\/media\/1794"}],"wp:attachment":[{"href":"https:\/\/cavagiro.com\/de\/wp-json\/wp\/v2\/media?parent=1793"}],"wp:term":[{"taxonomy":"product_brand","embeddable":true,"href":"https:\/\/cavagiro.com\/de\/wp-json\/wp\/v2\/product_brand?post=1793"},{"taxonomy":"product_cat","embeddable":true,"href":"https:\/\/cavagiro.com\/de\/wp-json\/wp\/v2\/product_cat?post=1793"},{"taxonomy":"product_tag","embeddable":true,"href":"https:\/\/cavagiro.com\/de\/wp-json\/wp\/v2\/product_tag?post=1793"}],"curies":[{"name":"wp","href":"https:\/\/api.w.org\/{rel}","templated":true}]}}