{"id":1799,"date":"2024-11-15T09:59:19","date_gmt":"2024-11-15T09:59:19","guid":{"rendered":"http:\/\/cavagiro.com\/?post_type=product&#038;p=1799"},"modified":"2025-07-10T07:51:18","modified_gmt":"2025-07-10T06:51:18","slug":"king-lime-rose-king-lime-rose-king-lime-rose","status":"publish","type":"product","link":"https:\/\/cavagiro.com\/de\/comprar-online\/rosat-de-cal-rei-trepat-rosat-de-cal-rei-trepat\/","title":{"rendered":"TREPAT de CAL REI"},"content":{"rendered":"<p>Cava ROS\u00c9 Trepat de CAL REI<\/p>\n<p>ROS\u00c9 CAVA<br \/>\n<b>TREPAT RESERVA BRUT<\/b><\/p>\n<p>100% Trepat<\/p>\n<p>Dieser Ros\u00e9-Cava wird aus Trepat hergestellt, einer autochthonen Rebsorte, die ihm eine einzigartige und bezaubernde Pers\u00f6nlichkeit verleiht.<\/p>\n<p>Seine wundersch\u00f6ne kirschrote Farbe wird von einem feinen Perlenstrom begleitet, der eine elegante Perlenkette und eine anhaltende Krone bildet.<\/p>\n<p>In der Nase entfaltet er ein intensives Aroma, das von roten Beeren wie Erdbeeren und Himbeeren dominiert wird und die Frische und Lebendigkeit des Sommers heraufbeschw\u00f6rt.<\/p>\n<p>Am Gaumen ist er fruchtig und vollmundig, mit einer perfekten Balance zwischen s\u00fc\u00dfen und sauren Noten, die die Fruchtaromen noch mehr betonen, ohne aufdringlich zu wirken. Er ist \u00e4u\u00dferst best\u00e4ndig und hinterl\u00e4sst eine anhaltende Frische mit fruchtigen Noten, die lange nachhallen.<\/p>\n<p>Wir sind die Einzigen, die ein Thermometer auf dem R\u00fccketikett haben, damit du immer wei\u00dft, wann dein Cava die perfekte Temperatur hat. Wenn das Thermometer blau wird, ist der ideale Moment gekommen, ihn in vollen Z\u00fcgen zu genie\u00dfen. So einfach und so pr\u00e4zise!<\/p>","protected":false},"excerpt":{"rendered":"<p>Brut \u2013 \u00d6kologischer Landbau<\/p>","protected":false},"featured_media":1800,"comment_status":"closed","ping_status":"closed","template":"","meta":{"site-sidebar-layout":"default","site-content-layout":"","ast-site-content-layout":"default","site-content-style":"default","site-sidebar-style":"default","ast-global-header-display":"","ast-banner-title-visibility":"","ast-main-header-display":"","ast-hfb-above-header-display":"","ast-hfb-below-header-display":"","ast-hfb-mobile-header-display":"","site-post-title":"","ast-breadcrumbs-content":"","ast-featured-img":"","footer-sml-layout":"","ast-disable-related-posts":"","theme-transparent-header-meta":"default","adv-header-id-meta":"","stick-header-meta":"","header-above-stick-meta":"","header-main-stick-meta":"","header-below-stick-meta":"","astra-migrate-meta-layouts":"set","ast-page-background-enabled":"default","ast-page-background-meta":{"desktop":{"background-color":"var(--ast-global-color-4)","background-image":"","background-repeat":"repeat","background-position":"center center","background-size":"auto","background-attachment":"scroll","background-type":"","background-media":"","overlay-type":"","overlay-color":"","overlay-opacity":"","overlay-gradient":""},"tablet":{"background-color":"","background-image":"","background-repeat":"repeat","background-position":"center center","background-size":"auto","background-attachment":"scroll","background-type":"","background-media":"","overlay-type":"","overlay-color":"","overlay-opacity":"","overlay-gradient":""},"mobile":{"background-color":"","background-image":"","background-repeat":"repeat","background-position":"center center","background-size":"auto","background-attachment":"scroll","background-type":"","background-media":"","overlay-type":"","overlay-color":"","overlay-opacity":"","overlay-gradient":""}},"ast-content-background-meta":{"desktop":{"background-color":"var(--ast-global-color-5)","background-image":"","background-repeat":"repeat","background-position":"center center","background-size":"auto","background-attachment":"scroll","background-type":"","background-media":"","overlay-type":"","overlay-color":"","overlay-opacity":"","overlay-gradient":""},"tablet":{"background-color":"var(--ast-global-color-5)","background-image":"","background-repeat":"repeat","background-position":"center center","background-size":"auto","background-attachment":"scroll","background-type":"","background-media":"","overlay-type":"","overlay-color":"","overlay-opacity":"","overlay-gradient":""},"mobile":{"background-color":"var(--ast-global-color-5)","background-image":"","background-repeat":"repeat","background-position":"center center","background-size":"auto","background-attachment":"scroll","background-type":"","background-media":"","overlay-type":"","overlay-color":"","overlay-opacity":"","overlay-gradient":""}}},"product_brand":[],"product_cat":[32],"product_tag":[],"class_list":{"0":"post-1799","1":"product","2":"type-product","3":"status-publish","4":"has-post-thumbnail","6":"product_cat-caves-rosats","7":"desktop-align-center","8":"tablet-align-left","9":"mobile-align-left","11":"first","12":"instock","13":"shipping-taxable","14":"purchasable","15":"product-type-simple"},"_links":{"self":[{"href":"https:\/\/cavagiro.com\/de\/wp-json\/wp\/v2\/product\/1799","targetHints":{"allow":["GET"]}}],"collection":[{"href":"https:\/\/cavagiro.com\/de\/wp-json\/wp\/v2\/product"}],"about":[{"href":"https:\/\/cavagiro.com\/de\/wp-json\/wp\/v2\/types\/product"}],"replies":[{"embeddable":true,"href":"https:\/\/cavagiro.com\/de\/wp-json\/wp\/v2\/comments?post=1799"}],"wp:featuredmedia":[{"embeddable":true,"href":"https:\/\/cavagiro.com\/de\/wp-json\/wp\/v2\/media\/1800"}],"wp:attachment":[{"href":"https:\/\/cavagiro.com\/de\/wp-json\/wp\/v2\/media?parent=1799"}],"wp:term":[{"taxonomy":"product_brand","embeddable":true,"href":"https:\/\/cavagiro.com\/de\/wp-json\/wp\/v2\/product_brand?post=1799"},{"taxonomy":"product_cat","embeddable":true,"href":"https:\/\/cavagiro.com\/de\/wp-json\/wp\/v2\/product_cat?post=1799"},{"taxonomy":"product_tag","embeddable":true,"href":"https:\/\/cavagiro.com\/de\/wp-json\/wp\/v2\/product_tag?post=1799"}],"curies":[{"name":"wp","href":"https:\/\/api.w.org\/{rel}","templated":true}]}}