{"id":1801,"date":"2024-11-15T10:00:10","date_gmt":"2024-11-15T10:00:10","guid":{"rendered":"http:\/\/cavagiro.com\/?post_type=product&#038;p=1801"},"modified":"2025-07-10T07:53:08","modified_gmt":"2025-07-10T06:53:08","slug":"rose-pinot-noir-aus-biologischem-anbau","status":"publish","type":"product","link":"https:\/\/cavagiro.com\/de\/comprar-online\/rosat-pinot-noir-agricultura-ecologica\/","title":{"rendered":"PINOT NOIR"},"content":{"rendered":"<p>ROS\u00c9 CAVA<br \/>\n<b>Pinot Noir Reserva Brut<\/b><\/p>\n<p>\u00d6KOLOGISCHE LANDWIRTSCHAFT<br \/>\n<strong>BRONZE VINARY 2016<\/strong><\/p>\n<p>100% Pinot Noir<\/p>\n<p>Ein Ros\u00e9-Cava von subtiler und delikater Eleganz, treu dem Stil der gro\u00dfen Pinot Noirs. In der Tradition blasser Ros\u00e9s zeigt unser Pinot eine sehr helle, fast orangefarbene T\u00f6nung, die seine Raffinesse erahnen l\u00e4sst.<\/p>\n<p>In der Nase besticht er durch seine florale Zartheit, mit Rosennoten, die sich mit fruchtigen und w\u00fcrzigen Nuancen verweben und ihm eine einzigartige, faszinierende Dimension verleihen.<\/p>\n<p>Am Gaumen pr\u00e4sentiert er sich samtig, mit einer honigartigen, seidigen Struktur\u2014angenehm, fein und ausgewogen. Seine ausbalancierte S\u00e4ure und die Gran Reserva-Reifung verleihen ihm au\u00dfergew\u00f6hnliche Tiefe, w\u00e4hrend er stets seine Frische und Subtilit\u00e4t bewahrt.<\/p>\n<p>Ein unvergleichlicher Pinot Noir, perfekt f\u00fcr Liebhaber eleganter Ros\u00e9-Cavas.<\/p>","protected":false},"excerpt":{"rendered":"<p>\u00d6kologischer Landbau<\/p>","protected":false},"featured_media":1802,"comment_status":"closed","ping_status":"closed","template":"","meta":{"site-sidebar-layout":"default","site-content-layout":"","ast-site-content-layout":"default","site-content-style":"default","site-sidebar-style":"default","ast-global-header-display":"","ast-banner-title-visibility":"","ast-main-header-display":"","ast-hfb-above-header-display":"","ast-hfb-below-header-display":"","ast-hfb-mobile-header-display":"","site-post-title":"","ast-breadcrumbs-content":"","ast-featured-img":"","footer-sml-layout":"","ast-disable-related-posts":"","theme-transparent-header-meta":"default","adv-header-id-meta":"","stick-header-meta":"","header-above-stick-meta":"","header-main-stick-meta":"","header-below-stick-meta":"","astra-migrate-meta-layouts":"set","ast-page-background-enabled":"default","ast-page-background-meta":{"desktop":{"background-color":"var(--ast-global-color-4)","background-image":"","background-repeat":"repeat","background-position":"center center","background-size":"auto","background-attachment":"scroll","background-type":"","background-media":"","overlay-type":"","overlay-color":"","overlay-opacity":"","overlay-gradient":""},"tablet":{"background-color":"","background-image":"","background-repeat":"repeat","background-position":"center center","background-size":"auto","background-attachment":"scroll","background-type":"","background-media":"","overlay-type":"","overlay-color":"","overlay-opacity":"","overlay-gradient":""},"mobile":{"background-color":"","background-image":"","background-repeat":"repeat","background-position":"center center","background-size":"auto","background-attachment":"scroll","background-type":"","background-media":"","overlay-type":"","overlay-color":"","overlay-opacity":"","overlay-gradient":""}},"ast-content-background-meta":{"desktop":{"background-color":"var(--ast-global-color-5)","background-image":"","background-repeat":"repeat","background-position":"center center","background-size":"auto","background-attachment":"scroll","background-type":"","background-media":"","overlay-type":"","overlay-color":"","overlay-opacity":"","overlay-gradient":""},"tablet":{"background-color":"var(--ast-global-color-5)","background-image":"","background-repeat":"repeat","background-position":"center center","background-size":"auto","background-attachment":"scroll","background-type":"","background-media":"","overlay-type":"","overlay-color":"","overlay-opacity":"","overlay-gradient":""},"mobile":{"background-color":"var(--ast-global-color-5)","background-image":"","background-repeat":"repeat","background-position":"center center","background-size":"auto","background-attachment":"scroll","background-type":"","background-media":"","overlay-type":"","overlay-color":"","overlay-opacity":"","overlay-gradient":""}}},"product_brand":[],"product_cat":[32],"product_tag":[],"class_list":{"0":"post-1801","1":"product","2":"type-product","3":"status-publish","4":"has-post-thumbnail","6":"product_cat-caves-rosats","7":"desktop-align-center","8":"tablet-align-left","9":"mobile-align-left","11":"first","12":"instock","13":"shipping-taxable","14":"purchasable","15":"product-type-simple"},"_links":{"self":[{"href":"https:\/\/cavagiro.com\/de\/wp-json\/wp\/v2\/product\/1801","targetHints":{"allow":["GET"]}}],"collection":[{"href":"https:\/\/cavagiro.com\/de\/wp-json\/wp\/v2\/product"}],"about":[{"href":"https:\/\/cavagiro.com\/de\/wp-json\/wp\/v2\/types\/product"}],"replies":[{"embeddable":true,"href":"https:\/\/cavagiro.com\/de\/wp-json\/wp\/v2\/comments?post=1801"}],"wp:featuredmedia":[{"embeddable":true,"href":"https:\/\/cavagiro.com\/de\/wp-json\/wp\/v2\/media\/1802"}],"wp:attachment":[{"href":"https:\/\/cavagiro.com\/de\/wp-json\/wp\/v2\/media?parent=1801"}],"wp:term":[{"taxonomy":"product_brand","embeddable":true,"href":"https:\/\/cavagiro.com\/de\/wp-json\/wp\/v2\/product_brand?post=1801"},{"taxonomy":"product_cat","embeddable":true,"href":"https:\/\/cavagiro.com\/de\/wp-json\/wp\/v2\/product_cat?post=1801"},{"taxonomy":"product_tag","embeddable":true,"href":"https:\/\/cavagiro.com\/de\/wp-json\/wp\/v2\/product_tag?post=1801"}],"curies":[{"name":"wp","href":"https:\/\/api.w.org\/{rel}","templated":true}]}}