{"id":1805,"date":"2024-11-15T10:01:40","date_gmt":"2024-11-15T10:01:40","guid":{"rendered":"http:\/\/cavagiro.com\/?post_type=product&#038;p=1805"},"modified":"2025-07-10T07:55:36","modified_gmt":"2025-07-10T06:55:36","slug":"dessert-dessert-reserve-bio-landwirtschaft","status":"publish","type":"product","link":"https:\/\/cavagiro.com\/de\/comprar-online\/dolc-de-postres-reserva-agricultura-ecologica\/","title":{"rendered":"SWEET CAVA"},"content":{"rendered":"<p>Dessert Sweet Reserve<\/p>\n<p><strong>S\u00dcSSE DESSERT RESERVA 2021<\/strong><br \/>\n\u00d6KOLOGISCHE LANDWIRTSCHAFT<\/p>\n<p style=\"font-weight: 400;\">40 % Xarel\u00b7lo, 10% Parellada, 10% Macabeo, 20% Chardonnay und 20% Pinot Noir<\/p>\n<p>Ein au\u00dfergew\u00f6hnlicher s\u00fc\u00dfer Gran Reserva Cava, ideal zur Begleitung einer Vielzahl von K\u00e4sesorten und \u00fcberraschend als Alternative zu traditionellen S\u00fc\u00dfweinen wie Sauternes. Nur wenige Weing\u00fcter bieten einen s\u00fc\u00dfen Cava mit so langer Reifung an, was ihm eine einzigartige Komplexit\u00e4t und Tiefe verleiht.<\/p>\n<p>Mit einer ausgezeichneten Freisetzung sehr feiner Bl\u00e4schen ist es sehr hell, mit zarten gelben und gr\u00fcnlichen Reflexen. In der Nase zeigt es eine bemerkenswerte blumige und fruchtige Intensit\u00e4t mit Noten von Apfel, Pfirsich und tropischen Fr\u00fcchten wie Ananas und Zitrusfr\u00fcchten, erg\u00e4nzt durch einen subtilen Hauch von Banane.<\/p>\n<p>Am Gaumen wird seine S\u00fc\u00dfe harmonisch durch eine lebendige Frische ausbalanciert. Er ist cremig und vollmundig, mit einer leichten S\u00e4ure, die Lebendigkeit verleiht und sein Geschmacksprofil unterstreicht. Die Gran Reserva Reifung f\u00fcgt Schichten von Komplexit\u00e4t und Rundheit hinzu, was ihm eine ausgepr\u00e4gte Eleganz und einen langen, anhaltenden Abgang verleiht.<\/p>\n<p>Dieser s\u00fc\u00dfe Cava eignet sich perfekt zur Begleitung einer K\u00e4seplatte, von weichen und cremigen bis hin zu intensiveren und gereiften Sorten, wodurch Kombinationen entstehen, die die Aromen hervorheben und ausbalancieren. Dar\u00fcber hinaus macht ihn seine Vielseitigkeit zu einer \u00fcberraschenden Option f\u00fcr diejenigen, die eine Alternative zum Sauternes in Kombination mit Foie Gras oder Desserts suchen.<\/p>\n<p>Wir sind die Einzigen, die ein Thermometer auf dem R\u00fccketikett haben, damit du immer wei\u00dft, wann dein Cava die perfekte Temperatur hat. Wenn das Thermometer blau wird, ist der ideale Moment gekommen, ihn in vollen Z\u00fcgen zu genie\u00dfen. So einfach und so pr\u00e4zise!<\/p>","protected":false},"excerpt":{"rendered":"<p>Brut Nature \u2013 \u00d6kologischer Landbau<\/p>","protected":false},"featured_media":1806,"comment_status":"closed","ping_status":"closed","template":"","meta":{"site-sidebar-layout":"default","site-content-layout":"","ast-site-content-layout":"default","site-content-style":"default","site-sidebar-style":"default","ast-global-header-display":"","ast-banner-title-visibility":"","ast-main-header-display":"","ast-hfb-above-header-display":"","ast-hfb-below-header-display":"","ast-hfb-mobile-header-display":"","site-post-title":"","ast-breadcrumbs-content":"","ast-featured-img":"","footer-sml-layout":"","ast-disable-related-posts":"","theme-transparent-header-meta":"default","adv-header-id-meta":"","stick-header-meta":"","header-above-stick-meta":"","header-main-stick-meta":"","header-below-stick-meta":"","astra-migrate-meta-layouts":"set","ast-page-background-enabled":"default","ast-page-background-meta":{"desktop":{"background-color":"var(--ast-global-color-4)","background-image":"","background-repeat":"repeat","background-position":"center center","background-size":"auto","background-attachment":"scroll","background-type":"","background-media":"","overlay-type":"","overlay-color":"","overlay-opacity":"","overlay-gradient":""},"tablet":{"background-color":"","background-image":"","background-repeat":"repeat","background-position":"center center","background-size":"auto","background-attachment":"scroll","background-type":"","background-media":"","overlay-type":"","overlay-color":"","overlay-opacity":"","overlay-gradient":""},"mobile":{"background-color":"","background-image":"","background-repeat":"repeat","background-position":"center center","background-size":"auto","background-attachment":"scroll","background-type":"","background-media":"","overlay-type":"","overlay-color":"","overlay-opacity":"","overlay-gradient":""}},"ast-content-background-meta":{"desktop":{"background-color":"var(--ast-global-color-5)","background-image":"","background-repeat":"repeat","background-position":"center center","background-size":"auto","background-attachment":"scroll","background-type":"","background-media":"","overlay-type":"","overlay-color":"","overlay-opacity":"","overlay-gradient":""},"tablet":{"background-color":"var(--ast-global-color-5)","background-image":"","background-repeat":"repeat","background-position":"center center","background-size":"auto","background-attachment":"scroll","background-type":"","background-media":"","overlay-type":"","overlay-color":"","overlay-opacity":"","overlay-gradient":""},"mobile":{"background-color":"var(--ast-global-color-5)","background-image":"","background-repeat":"repeat","background-position":"center center","background-size":"auto","background-attachment":"scroll","background-type":"","background-media":"","overlay-type":"","overlay-color":"","overlay-opacity":"","overlay-gradient":""}}},"product_brand":[],"product_cat":[31],"product_tag":[],"class_list":{"0":"post-1805","1":"product","2":"type-product","3":"status-publish","4":"has-post-thumbnail","6":"product_cat-cava-reserva","7":"desktop-align-center","8":"tablet-align-left","9":"mobile-align-left","11":"first","12":"instock","13":"shipping-taxable","14":"purchasable","15":"product-type-simple"},"_links":{"self":[{"href":"https:\/\/cavagiro.com\/de\/wp-json\/wp\/v2\/product\/1805","targetHints":{"allow":["GET"]}}],"collection":[{"href":"https:\/\/cavagiro.com\/de\/wp-json\/wp\/v2\/product"}],"about":[{"href":"https:\/\/cavagiro.com\/de\/wp-json\/wp\/v2\/types\/product"}],"replies":[{"embeddable":true,"href":"https:\/\/cavagiro.com\/de\/wp-json\/wp\/v2\/comments?post=1805"}],"wp:featuredmedia":[{"embeddable":true,"href":"https:\/\/cavagiro.com\/de\/wp-json\/wp\/v2\/media\/1806"}],"wp:attachment":[{"href":"https:\/\/cavagiro.com\/de\/wp-json\/wp\/v2\/media?parent=1805"}],"wp:term":[{"taxonomy":"product_brand","embeddable":true,"href":"https:\/\/cavagiro.com\/de\/wp-json\/wp\/v2\/product_brand?post=1805"},{"taxonomy":"product_cat","embeddable":true,"href":"https:\/\/cavagiro.com\/de\/wp-json\/wp\/v2\/product_cat?post=1805"},{"taxonomy":"product_tag","embeddable":true,"href":"https:\/\/cavagiro.com\/de\/wp-json\/wp\/v2\/product_tag?post=1805"}],"curies":[{"name":"wp","href":"https:\/\/api.w.org\/{rel}","templated":true}]}}