{"id":2978,"date":"2025-04-03T11:38:48","date_gmt":"2025-04-03T10:38:48","guid":{"rendered":"https:\/\/cavagiro.com\/?post_type=product&#038;p=2978"},"modified":"2025-04-07T15:27:39","modified_gmt":"2025-04-07T14:27:39","slug":"exklusives-cava-paket-2","status":"publish","type":"product","link":"https:\/\/cavagiro.com\/de\/comprar-online\/pack-cava-exclusiu\/","title":{"rendered":"Exklusives Cava-Paket"},"content":{"rendered":"<p class=\"\" data-start=\"40\" data-end=\"110\"><strong data-start=\"40\" data-end=\"110\">Feiern Sie jedes Fest mit dem exklusiven Paket von Cavas Jaume Gir\u00f3 i Gir\u00f3!<\/strong><\/p>\n<p class=\"\" data-start=\"112\" data-end=\"166\">Wir bieten Ihnen eine besondere Auswahl:<\/p>\n<ul data-start=\"167\" data-end=\"260\">\n<li class=\"\" data-start=\"167\" data-end=\"193\">\n<p class=\"\" data-start=\"169\" data-end=\"193\">2 Flaschen Montaner<\/p>\n<\/li>\n<li class=\"\" data-start=\"194\" data-end=\"230\">\n<p class=\"\" data-start=\"196\" data-end=\"230\">2 Flaschen handwerkliche Produktion<\/p>\n<\/li>\n<li class=\"\" data-start=\"231\" data-end=\"260\">\n<p class=\"\" data-start=\"233\" data-end=\"260\">2 Flaschen Ros\u00e9 Trepat<\/p>\n<\/li>\n<\/ul>\n<p class=\"\" data-start=\"262\" data-end=\"321\"><strong data-start=\"262\" data-end=\"321\">Sonderpreis: 120 \u20ac (Versand auf die Halbinsel inbegriffen).<\/strong><\/p>\n<p class=\"\" data-start=\"323\" data-end=\"597\">Montaner und Elaboraci\u00f3n Artesana sind ideale Cavas als Begleitung zu Ihren Hauptgerichten. Sie werden aus traditionellen Pened\u00e8s-Sorten wie Macabeu, Xarel\u00b7lo und Parellada hergestellt und bieten blumige und fruchtige Noten, die den Geschmack einer Paella oder von gegrilltem Fleisch verbessern.<\/p>\n<p class=\"\" data-start=\"599\" data-end=\"815\">Zum Nachtisch ist der Ros\u00e9 Trepat die perfekte Erg\u00e4nzung zur Schokoladen-Mona. Seine Frische und fruchtigen Noten harmonieren mit der S\u00fc\u00dfe der Schokolade und schaffen ein unvergessliches gastronomisches Erlebnis.<\/p>\n<p class=\"\" data-start=\"817\" data-end=\"886\"><strong data-start=\"817\" data-end=\"886\">Verpassen Sie Ihr Paket nicht!<\/strong><\/p>\n<p class=\"\" data-start=\"888\" data-end=\"975\">Bestellen Sie jetzt und sto\u00dfen Sie auf die Tradition und Qualit\u00e4t von Cavas Jaume Gir\u00f3 i Gir\u00f3 an.<\/p>","protected":false},"excerpt":{"rendered":"<p>6 Flaschen Cava<\/p>","protected":false},"featured_media":2977,"comment_status":"closed","ping_status":"closed","template":"","meta":{"site-sidebar-layout":"default","site-content-layout":"","ast-site-content-layout":"default","site-content-style":"default","site-sidebar-style":"default","ast-global-header-display":"","ast-banner-title-visibility":"","ast-main-header-display":"","ast-hfb-above-header-display":"","ast-hfb-below-header-display":"","ast-hfb-mobile-header-display":"","site-post-title":"","ast-breadcrumbs-content":"","ast-featured-img":"","footer-sml-layout":"","ast-disable-related-posts":"","theme-transparent-header-meta":"default","adv-header-id-meta":"","stick-header-meta":"","header-above-stick-meta":"","header-main-stick-meta":"","header-below-stick-meta":"","astra-migrate-meta-layouts":"set","ast-page-background-enabled":"default","ast-page-background-meta":{"desktop":{"background-color":"var(--ast-global-color-4)","background-image":"","background-repeat":"repeat","background-position":"center center","background-size":"auto","background-attachment":"scroll","background-type":"","background-media":"","overlay-type":"","overlay-color":"","overlay-opacity":"","overlay-gradient":""},"tablet":{"background-color":"","background-image":"","background-repeat":"repeat","background-position":"center center","background-size":"auto","background-attachment":"scroll","background-type":"","background-media":"","overlay-type":"","overlay-color":"","overlay-opacity":"","overlay-gradient":""},"mobile":{"background-color":"","background-image":"","background-repeat":"repeat","background-position":"center center","background-size":"auto","background-attachment":"scroll","background-type":"","background-media":"","overlay-type":"","overlay-color":"","overlay-opacity":"","overlay-gradient":""}},"ast-content-background-meta":{"desktop":{"background-color":"var(--ast-global-color-5)","background-image":"","background-repeat":"repeat","background-position":"center center","background-size":"auto","background-attachment":"scroll","background-type":"","background-media":"","overlay-type":"","overlay-color":"","overlay-opacity":"","overlay-gradient":""},"tablet":{"background-color":"var(--ast-global-color-5)","background-image":"","background-repeat":"repeat","background-position":"center center","background-size":"auto","background-attachment":"scroll","background-type":"","background-media":"","overlay-type":"","overlay-color":"","overlay-opacity":"","overlay-gradient":""},"mobile":{"background-color":"var(--ast-global-color-5)","background-image":"","background-repeat":"repeat","background-position":"center center","background-size":"auto","background-attachment":"scroll","background-type":"","background-media":"","overlay-type":"","overlay-color":"","overlay-opacity":"","overlay-gradient":""}}},"product_brand":[],"product_cat":[39],"product_tag":[],"class_list":{"0":"post-2978","1":"product","2":"type-product","3":"status-publish","4":"has-post-thumbnail","6":"product_cat-packs","7":"desktop-align-center","8":"tablet-align-left","9":"mobile-align-left","11":"first","12":"instock","13":"sale","14":"shipping-taxable","15":"purchasable","16":"product-type-simple"},"_links":{"self":[{"href":"https:\/\/cavagiro.com\/de\/wp-json\/wp\/v2\/product\/2978","targetHints":{"allow":["GET"]}}],"collection":[{"href":"https:\/\/cavagiro.com\/de\/wp-json\/wp\/v2\/product"}],"about":[{"href":"https:\/\/cavagiro.com\/de\/wp-json\/wp\/v2\/types\/product"}],"replies":[{"embeddable":true,"href":"https:\/\/cavagiro.com\/de\/wp-json\/wp\/v2\/comments?post=2978"}],"wp:featuredmedia":[{"embeddable":true,"href":"https:\/\/cavagiro.com\/de\/wp-json\/wp\/v2\/media\/2977"}],"wp:attachment":[{"href":"https:\/\/cavagiro.com\/de\/wp-json\/wp\/v2\/media?parent=2978"}],"wp:term":[{"taxonomy":"product_brand","embeddable":true,"href":"https:\/\/cavagiro.com\/de\/wp-json\/wp\/v2\/product_brand?post=2978"},{"taxonomy":"product_cat","embeddable":true,"href":"https:\/\/cavagiro.com\/de\/wp-json\/wp\/v2\/product_cat?post=2978"},{"taxonomy":"product_tag","embeddable":true,"href":"https:\/\/cavagiro.com\/de\/wp-json\/wp\/v2\/product_tag?post=2978"}],"curies":[{"name":"wp","href":"https:\/\/api.w.org\/{rel}","templated":true}]}}