{"id":3314,"date":"2025-06-13T08:09:46","date_gmt":"2025-06-13T07:09:46","guid":{"rendered":"https:\/\/cavagiro.com\/?page_id=3314"},"modified":"2025-06-25T08:55:41","modified_gmt":"2025-06-25T07:55:41","slug":"politica-de-devoluciones-y-reembolsos","status":"publish","type":"page","link":"https:\/\/cavagiro.com\/es\/politica-de-devolucions-i-reemborsaments\/","title":{"rendered":"Pol\u00edtica de devoluciones y reembolsos"},"content":{"rendered":"<p><strong>Derecho de desistimiento<\/strong><\/p>\n\n\n\n<p>Puedes desistir de tu compra en un plazo de <strong>14 d\u00edas naturales<\/strong> desde la recepci\u00f3n del pedido. Para ello, el producto debe estar en perfectas condiciones, sin abrir y con el embalaje original.<\/p>\n\n\n\n<p><strong>C\u00f3mo hacer una devoluci\u00f3n<\/strong><\/p>\n\n\n\n<p>Env\u00edanos un correo electr\u00f3nico a <a href=\"mailto:cavagiro@cavagiro.com\">cavagiro@cavagiro.com<\/a> indicando tu n\u00famero de pedido. Una vez recibido el producto y verificado su estado, procederemos al reembolso en un plazo m\u00e1ximo de 7 d\u00edas h\u00e1biles, utilizando el mismo m\u00e9todo de pago.<\/p>\n\n\n\n<p><strong>Gastos de devoluci\u00f3n<\/strong><\/p>\n\n\n\n<p>Los gastos de env\u00edo para realizar la devoluci\u00f3n correr\u00e1n a cargo del cliente, salvo que el producto sea defectuoso o exista un error en el env\u00edo.<\/p>\n\n\n\n<p><strong>Productos defectuosos o incorrectos<\/strong><\/p>\n\n\n\n<p>Si recibes un producto defectuoso o equivocado, debes comunicarlo en un m\u00e1ximo de <strong>48 horas<\/strong> desde la recepci\u00f3n, escribiendo a <a href=\"mailto:cavagiro@cavagiro.com\">cavagiro@cavagiro.com<\/a>. Una vez revisado el caso, te ofreceremos el reembolso completo o producto de sustituci\u00f3n.<\/p>\n\n\n\n<p><strong>Excepciones<\/strong><\/p>\n\n\n\n<p>No se aceptar\u00e1n devoluciones <strong>de botellas abiertas<\/strong>, salvo si presentan un defecto claro y verificable (como alteraci\u00f3n organol\u00e9ptica). En estos casos, nos reservamos el derecho de solicitar pruebas (fotograf\u00eda, muestra, etc.).<\/p>\n\n\n\n<p><\/p>","protected":false},"excerpt":{"rendered":"<p>Dret de desistiment Pots desistir de la teva compra en un termini de 14 dies naturals des de la recepci\u00f3 de la comanda. Per fer-ho, el producte ha d\u2019estar en perfectes condicions, sense obrir i amb l\u2019embalatge original. Com fer una devoluci\u00f3 Envia\u2019ns un correu electr\u00f2nic a cavagiro@cavagiro.com indicant el teu n\u00famero de comanda. Un [&hellip;]<\/p>\n","protected":false},"author":1,"featured_media":0,"parent":0,"menu_order":2,"comment_status":"closed","ping_status":"closed","template":"","meta":{"site-sidebar-layout":"default","site-content-layout":"","ast-site-content-layout":"default","site-content-style":"default","site-sidebar-style":"default","ast-global-header-display":"","ast-banner-title-visibility":"","ast-main-header-display":"","ast-hfb-above-header-display":"","ast-hfb-below-header-display":"","ast-hfb-mobile-header-display":"","site-post-title":"","ast-breadcrumbs-content":"","ast-featured-img":"","footer-sml-layout":"","ast-disable-related-posts":"","theme-transparent-header-meta":"","adv-header-id-meta":"","stick-header-meta":"","header-above-stick-meta":"","header-main-stick-meta":"","header-below-stick-meta":"","astra-migrate-meta-layouts":"set","ast-page-background-enabled":"default","ast-page-background-meta":{"desktop":{"background-color":"var(--ast-global-color-4)","background-image":"","background-repeat":"repeat","background-position":"center center","background-size":"auto","background-attachment":"scroll","background-type":"","background-media":"","overlay-type":"","overlay-color":"","overlay-opacity":"","overlay-gradient":""},"tablet":{"background-color":"","background-image":"","background-repeat":"repeat","background-position":"center center","background-size":"auto","background-attachment":"scroll","background-type":"","background-media":"","overlay-type":"","overlay-color":"","overlay-opacity":"","overlay-gradient":""},"mobile":{"background-color":"","background-image":"","background-repeat":"repeat","background-position":"center center","background-size":"auto","background-attachment":"scroll","background-type":"","background-media":"","overlay-type":"","overlay-color":"","overlay-opacity":"","overlay-gradient":""}},"ast-content-background-meta":{"desktop":{"background-color":"var(--ast-global-color-5)","background-image":"","background-repeat":"repeat","background-position":"center center","background-size":"auto","background-attachment":"scroll","background-type":"","background-media":"","overlay-type":"","overlay-color":"","overlay-opacity":"","overlay-gradient":""},"tablet":{"background-color":"var(--ast-global-color-5)","background-image":"","background-repeat":"repeat","background-position":"center center","background-size":"auto","background-attachment":"scroll","background-type":"","background-media":"","overlay-type":"","overlay-color":"","overlay-opacity":"","overlay-gradient":""},"mobile":{"background-color":"var(--ast-global-color-5)","background-image":"","background-repeat":"repeat","background-position":"center center","background-size":"auto","background-attachment":"scroll","background-type":"","background-media":"","overlay-type":"","overlay-color":"","overlay-opacity":"","overlay-gradient":""}},"footnotes":""},"class_list":["post-3314","page","type-page","status-publish","hentry"],"_links":{"self":[{"href":"https:\/\/cavagiro.com\/es\/wp-json\/wp\/v2\/pages\/3314","targetHints":{"allow":["GET"]}}],"collection":[{"href":"https:\/\/cavagiro.com\/es\/wp-json\/wp\/v2\/pages"}],"about":[{"href":"https:\/\/cavagiro.com\/es\/wp-json\/wp\/v2\/types\/page"}],"author":[{"embeddable":true,"href":"https:\/\/cavagiro.com\/es\/wp-json\/wp\/v2\/users\/1"}],"replies":[{"embeddable":true,"href":"https:\/\/cavagiro.com\/es\/wp-json\/wp\/v2\/comments?post=3314"}],"version-history":[{"count":4,"href":"https:\/\/cavagiro.com\/es\/wp-json\/wp\/v2\/pages\/3314\/revisions"}],"predecessor-version":[{"id":3489,"href":"https:\/\/cavagiro.com\/es\/wp-json\/wp\/v2\/pages\/3314\/revisions\/3489"}],"wp:attachment":[{"href":"https:\/\/cavagiro.com\/es\/wp-json\/wp\/v2\/media?parent=3314"}],"curies":[{"name":"wp","href":"https:\/\/api.w.org\/{rel}","templated":true}]}}