{"id":1759,"date":"2024-11-15T09:38:25","date_gmt":"2024-11-15T09:38:25","guid":{"rendered":"http:\/\/cavagiro.com\/?post_type=product&#038;p=1759"},"modified":"2025-06-20T11:00:23","modified_gmt":"2025-06-20T10:00:23","slug":"tamano-de-lujo-swarovski-elementos-gran-reserva-sucio","status":"publish","type":"product","link":"https:\/\/cavagiro.com\/es\/comprar-online\/grandalla-de-luxe-swarovski-elements-gran-reserva-brut\/","title":{"rendered":"GRANDALLA de LUXE Swarovski\u00ae"},"content":{"rendered":"<p>TAMA\u00d1O de LUJO<br \/>\nSWAROVSKI ELEMENTOS<br \/>\n<strong>GRAN RESERVA BRUTO 2012<\/strong><br \/>\nCON ESTUCHE INDIVIDUAL<br \/>\nEtiqueta de esta\u00f1o con 8 elementos SWAROVSKI!<\/p>\n<div><span lang=\"EN-GB\">40% Xarel.lo, 25 % Macabeo, 25<\/span><span lang=\"EN-US\">% Chardonnay, 10% Pinot Noir<\/span><\/div>\n<div><\/div>\n<p>Inspirados por el aroma de la hierba fresca en las monta\u00f1as de Andorra, donde la Grandalla ( Narcissus poeticus ) -tambi\u00e9n conocida como la Flor de los Pirineos-florece a mediados de abril, hemos creado este cava excepcional. Elaborado con variedades de uva de car\u00e1cter marcadamente floral, este coupage especial captura la esencia de la cosecha manteniendo su personalidad \u00fanica. Con el tiempo, su equilibrio y complejidad se intensifican, convirti\u00e9ndolo en un cava realmente extraordinario. El rasgo m\u00e1s distintivo de GRANDALLA es su efervescencia elegante, con delicadas cadenas de peque\u00f1as burbujas.\n\nSu color, de un amarillo p\u00e1lido con reflejos verdosos, revela su frescura y juventud. En nariz, combina sutiles notas de crianza con aromas florales de jazm\u00edn y azahar. En boca, despliega una fusi\u00f3n armoniosa de fruta madura, frutos secos y ligeros toques tostados, perfectamente equilibrados con las notas de crianza.\n\nSu persistencia es notable, dejando una huella elegante y duradera en el paladar.\n\nUn cava sofisticado para aquellos que buscan una experiencia sensorial \u00fanica <strong>Grandalla ( Narcissus poeticus ) <\/strong>-tambi\u00e9n conocida como la Flor de los Pirineos-flore a mediados de abril, hemos creado este cava excepcional. Elaborado con variedades de uva de car\u00e1cter marcadamente floral, este coupage especial captura la esencia de la cosecha manteniendo su personalidad \u00fanica. Con el tiempo, su equilibrio y complejidad se intensifican, convirti\u00e9ndolo en un cava realmente extraordinario. El rasgo m\u00e1s distintivo de GRANDALLA es su efervescencia elegante, con delicadas cadenas de peque\u00f1as burbujas.<\/p>\n<p>Su color, de un amarillo p\u00e1lido con destellos verdosos, refleja su frescura y juventud.\n\nEn nariz, combina sutiles notas de crianza con aromas florales de jazm\u00edn y azahar.<\/p>\n<p>Su persistencia es notable, dejando una huella elegante y duradera en el paladar.<\/p>\n<p>En boca, despliega una armoniosa fusi\u00f3n de frutas maduras, frutos secos y ligeros toques tostados, perfectamente equilibrados con las notas de su envejecimiento. Un cava sofisticado para quienes buscan una experiencia sensorial \u00fanica.<\/p>\n<p style=\"margin: 0cm; min-height: 15px;\"><span style=\"font-size: 10.0pt; font-family: 'Helvetica Neue',serif;\">\u00a0<\/span><\/p>\n<p style=\"margin: 0cm; min-height: 15px;\"><span style=\"font-size: 10.0pt; font-family: 'Helvetica Neue',serif;\">\u00a0<\/span><\/p>\n<p style=\"margin: 0cm;\">","protected":false},"excerpt":{"rendered":"<p>Brut<\/p>","protected":false},"featured_media":2654,"comment_status":"closed","ping_status":"closed","template":"","meta":{"site-sidebar-layout":"default","site-content-layout":"","ast-site-content-layout":"default","site-content-style":"default","site-sidebar-style":"default","ast-global-header-display":"","ast-banner-title-visibility":"","ast-main-header-display":"","ast-hfb-above-header-display":"","ast-hfb-below-header-display":"","ast-hfb-mobile-header-display":"","site-post-title":"","ast-breadcrumbs-content":"","ast-featured-img":"","footer-sml-layout":"","ast-disable-related-posts":"","theme-transparent-header-meta":"default","adv-header-id-meta":"","stick-header-meta":"","header-above-stick-meta":"","header-main-stick-meta":"","header-below-stick-meta":"","astra-migrate-meta-layouts":"set","ast-page-background-enabled":"default","ast-page-background-meta":{"desktop":{"background-color":"var(--ast-global-color-4)","background-image":"","background-repeat":"repeat","background-position":"center center","background-size":"auto","background-attachment":"scroll","background-type":"","background-media":"","overlay-type":"","overlay-color":"","overlay-opacity":"","overlay-gradient":""},"tablet":{"background-color":"","background-image":"","background-repeat":"repeat","background-position":"center center","background-size":"auto","background-attachment":"scroll","background-type":"","background-media":"","overlay-type":"","overlay-color":"","overlay-opacity":"","overlay-gradient":""},"mobile":{"background-color":"","background-image":"","background-repeat":"repeat","background-position":"center center","background-size":"auto","background-attachment":"scroll","background-type":"","background-media":"","overlay-type":"","overlay-color":"","overlay-opacity":"","overlay-gradient":""}},"ast-content-background-meta":{"desktop":{"background-color":"var(--ast-global-color-5)","background-image":"","background-repeat":"repeat","background-position":"center center","background-size":"auto","background-attachment":"scroll","background-type":"","background-media":"","overlay-type":"","overlay-color":"","overlay-opacity":"","overlay-gradient":""},"tablet":{"background-color":"var(--ast-global-color-5)","background-image":"","background-repeat":"repeat","background-position":"center center","background-size":"auto","background-attachment":"scroll","background-type":"","background-media":"","overlay-type":"","overlay-color":"","overlay-opacity":"","overlay-gradient":""},"mobile":{"background-color":"var(--ast-global-color-5)","background-image":"","background-repeat":"repeat","background-position":"center center","background-size":"auto","background-attachment":"scroll","background-type":"","background-media":"","overlay-type":"","overlay-color":"","overlay-opacity":"","overlay-gradient":""}}},"product_brand":[],"product_cat":[30,20],"product_tag":[],"class_list":{"0":"post-1759","1":"product","2":"type-product","3":"status-publish","4":"has-post-thumbnail","6":"product_cat-caves-gran-reserva","7":"product_cat-caves-especials","8":"desktop-align-center","9":"tablet-align-left","10":"mobile-align-left","12":"first","13":"instock","14":"shipping-taxable","15":"purchasable","16":"product-type-simple"},"_links":{"self":[{"href":"https:\/\/cavagiro.com\/es\/wp-json\/wp\/v2\/product\/1759","targetHints":{"allow":["GET"]}}],"collection":[{"href":"https:\/\/cavagiro.com\/es\/wp-json\/wp\/v2\/product"}],"about":[{"href":"https:\/\/cavagiro.com\/es\/wp-json\/wp\/v2\/types\/product"}],"replies":[{"embeddable":true,"href":"https:\/\/cavagiro.com\/es\/wp-json\/wp\/v2\/comments?post=1759"}],"wp:featuredmedia":[{"embeddable":true,"href":"https:\/\/cavagiro.com\/es\/wp-json\/wp\/v2\/media\/2654"}],"wp:attachment":[{"href":"https:\/\/cavagiro.com\/es\/wp-json\/wp\/v2\/media?parent=1759"}],"wp:term":[{"taxonomy":"product_brand","embeddable":true,"href":"https:\/\/cavagiro.com\/es\/wp-json\/wp\/v2\/product_brand?post=1759"},{"taxonomy":"product_cat","embeddable":true,"href":"https:\/\/cavagiro.com\/es\/wp-json\/wp\/v2\/product_cat?post=1759"},{"taxonomy":"product_tag","embeddable":true,"href":"https:\/\/cavagiro.com\/es\/wp-json\/wp\/v2\/product_tag?post=1759"}],"curies":[{"name":"wp","href":"https:\/\/api.w.org\/{rel}","templated":true}]}}