{"id":1765,"date":"2024-11-15T09:43:05","date_gmt":"2024-11-15T09:43:05","guid":{"rendered":"http:\/\/cavagiro.com\/?post_type=product&#038;p=1765"},"modified":"2025-07-09T12:17:57","modified_gmt":"2025-07-09T11:17:57","slug":"magnum-tamano-de-lujo-swarovski-elementos-blanco-reserva-sucio-agricultura-ecologica-1-5l","status":"publish","type":"product","link":"https:\/\/cavagiro.com\/es\/comprar-online\/magnum-grandalla-de-luxe-swarovski-elements-blanc-reserva-brut-agricultura-ecologica-1-5l\/","title":{"rendered":"MAGNUM GRANDALLA de LUXE Swarovski\u00ae Blanc"},"content":{"rendered":"<p>MAGNUM TAMA\u00d1O DE LUJO BLANCO<\/p>\n<p><strong>RESERVA BRUTO 2020<\/strong><\/p>\n<p><strong>ECOL\u00d3GICO<\/strong><\/p>\n<p>CON ESTUCHE INDIVIDUAL<br \/>\nEtiqueta de esta\u00f1o con 8 elementos SWAROVSKI!<\/p>\n<p>38% Xarello, 20% Parellada, 13% Macabeo, 12% Chardonnay, 17% Pinot Noir<\/p>\n<p>Inspirados en el aroma de la hierba fresca en las monta\u00f1as de Andorra, donde las flores pirenaicas &quot;Grandalles&quot; florecen en abril, hemos creado un vino con unos aromas florales excepcionales que evocan este paisaje \u00fanico. Elaborado a partir de un coupage especial, conserva el car\u00e1cter arom\u00e1tico de su a\u00f1ada sin perder personalidad, potenciando su armon\u00eda y complejidad, cualidades que lo hacen \u00fanico.<\/p>\n<p>Con una elegante efervescencia de finas burbujas, presenta un color amarillo p\u00e1lido con reflejos verdosos. En nariz destaca por su elegancia y car\u00e1cter floral, con notas de jazm\u00edn y narciso. En boca es seco, original y delicado, con un refinamiento que combina sutiles toques afrutados, ligeros aromas de flores pirenaicas y un suave matiz tostado. Perfectamente equilibrado, muestra una gran persistencia y complejidad, dejando una impronta que perdura en el tiempo.<\/p>\n<p>El formato Magnum es la mejor opci\u00f3n para gozar de un gran vino en toda su expresi\u00f3n.<\/p>","protected":false},"excerpt":{"rendered":"<p>Brut \u2013 Agricultura ecol\u00f3gica<\/p>","protected":false},"featured_media":1766,"comment_status":"closed","ping_status":"closed","template":"","meta":{"site-sidebar-layout":"default","site-content-layout":"","ast-site-content-layout":"default","site-content-style":"default","site-sidebar-style":"default","ast-global-header-display":"","ast-banner-title-visibility":"","ast-main-header-display":"","ast-hfb-above-header-display":"","ast-hfb-below-header-display":"","ast-hfb-mobile-header-display":"","site-post-title":"","ast-breadcrumbs-content":"","ast-featured-img":"","footer-sml-layout":"","ast-disable-related-posts":"","theme-transparent-header-meta":"default","adv-header-id-meta":"","stick-header-meta":"","header-above-stick-meta":"","header-main-stick-meta":"","header-below-stick-meta":"","astra-migrate-meta-layouts":"set","ast-page-background-enabled":"default","ast-page-background-meta":{"desktop":{"background-color":"var(--ast-global-color-4)","background-image":"","background-repeat":"repeat","background-position":"center center","background-size":"auto","background-attachment":"scroll","background-type":"","background-media":"","overlay-type":"","overlay-color":"","overlay-opacity":"","overlay-gradient":""},"tablet":{"background-color":"","background-image":"","background-repeat":"repeat","background-position":"center center","background-size":"auto","background-attachment":"scroll","background-type":"","background-media":"","overlay-type":"","overlay-color":"","overlay-opacity":"","overlay-gradient":""},"mobile":{"background-color":"","background-image":"","background-repeat":"repeat","background-position":"center center","background-size":"auto","background-attachment":"scroll","background-type":"","background-media":"","overlay-type":"","overlay-color":"","overlay-opacity":"","overlay-gradient":""}},"ast-content-background-meta":{"desktop":{"background-color":"var(--ast-global-color-5)","background-image":"","background-repeat":"repeat","background-position":"center center","background-size":"auto","background-attachment":"scroll","background-type":"","background-media":"","overlay-type":"","overlay-color":"","overlay-opacity":"","overlay-gradient":""},"tablet":{"background-color":"var(--ast-global-color-5)","background-image":"","background-repeat":"repeat","background-position":"center center","background-size":"auto","background-attachment":"scroll","background-type":"","background-media":"","overlay-type":"","overlay-color":"","overlay-opacity":"","overlay-gradient":""},"mobile":{"background-color":"var(--ast-global-color-5)","background-image":"","background-repeat":"repeat","background-position":"center center","background-size":"auto","background-attachment":"scroll","background-type":"","background-media":"","overlay-type":"","overlay-color":"","overlay-opacity":"","overlay-gradient":""}}},"product_brand":[],"product_cat":[31,20,21],"product_tag":[34,35,36],"class_list":{"0":"post-1765","1":"product","2":"type-product","3":"status-publish","4":"has-post-thumbnail","6":"product_cat-cava-reserva","7":"product_cat-caves-especials","8":"product_cat-caves-magnums","9":"product_tag-agricultura-ecologica","10":"product_tag-brut","11":"product_tag-swarovski","12":"desktop-align-center","13":"tablet-align-left","14":"mobile-align-left","16":"first","17":"instock","18":"shipping-taxable","19":"purchasable","20":"product-type-simple"},"_links":{"self":[{"href":"https:\/\/cavagiro.com\/es\/wp-json\/wp\/v2\/product\/1765","targetHints":{"allow":["GET"]}}],"collection":[{"href":"https:\/\/cavagiro.com\/es\/wp-json\/wp\/v2\/product"}],"about":[{"href":"https:\/\/cavagiro.com\/es\/wp-json\/wp\/v2\/types\/product"}],"replies":[{"embeddable":true,"href":"https:\/\/cavagiro.com\/es\/wp-json\/wp\/v2\/comments?post=1765"}],"wp:featuredmedia":[{"embeddable":true,"href":"https:\/\/cavagiro.com\/es\/wp-json\/wp\/v2\/media\/1766"}],"wp:attachment":[{"href":"https:\/\/cavagiro.com\/es\/wp-json\/wp\/v2\/media?parent=1765"}],"wp:term":[{"taxonomy":"product_brand","embeddable":true,"href":"https:\/\/cavagiro.com\/es\/wp-json\/wp\/v2\/product_brand?post=1765"},{"taxonomy":"product_cat","embeddable":true,"href":"https:\/\/cavagiro.com\/es\/wp-json\/wp\/v2\/product_cat?post=1765"},{"taxonomy":"product_tag","embeddable":true,"href":"https:\/\/cavagiro.com\/es\/wp-json\/wp\/v2\/product_tag?post=1765"}],"curies":[{"name":"wp","href":"https:\/\/api.w.org\/{rel}","templated":true}]}}