{"id":1773,"date":"2024-11-15T09:46:47","date_gmt":"2024-11-15T09:46:47","guid":{"rendered":"http:\/\/cavagiro.com\/?post_type=product&#038;p=1773"},"modified":"2025-07-09T12:42:13","modified_gmt":"2025-07-09T11:42:13","slug":"magnum-tamano-de-lujo-swarovski-elementos-rosado-pinot-noir-reserva-sucio-agricultura-ecologica-1-5l","status":"publish","type":"product","link":"https:\/\/cavagiro.com\/es\/comprar-online\/magnum-grandalla-de-luxe-swarovski-elements-rosat-pinot-noir-reserva-brut-agricultura-ecologica-1-5l\/","title":{"rendered":"MAGNUM GRANDALLA de LUXE Swarovski\u00ae Rosat"},"content":{"rendered":"<p>MAGNUM GRANDALLA DE LUXE ROSADO<\/p>\n<p><strong>RESERVA BRUTO 2020<\/strong><\/p>\n<p><strong>ECOL\u00d3GICO<\/strong><\/p>\n<p>CON ESTUCHE INDIVIDUAL<br \/>\nEtiqueta de esta\u00f1o con 8 elementos SWAROVSKI!<\/p>\n<p>100% Pinot Noir<\/p>\n<p>La magnum m\u00e1s exclusiva de <b>Cava Jaume Gir\u00f3 y Gir\u00f3<\/b>: <b>Grandalla de Lujo Magnum Pinot Noir<\/b>. Una expresi\u00f3n sublime de Pinot Noir en su forma m\u00e1s elegante y refinada.<\/p>\n<p>Lo primero que sorprende es su precioso color rosado p\u00e1lido, con sutiles reflejos anaranjados que recuerdan a los grandes rosados de cosecha. Su efervescencia es continua, con un delicado hilo de finas burbujas que forman una corona persistente.<\/p>\n<p>En nariz, despliega la complejidad caracter\u00edstica de la Pinot Noir: notas florales de rosas y narcisos se mezclan con aromas de frutas rojas frescas, como fresas silvestres y frambuesas, adem\u00e1s de un sutil toque especiado y recuerdos de flores pirenaicas.<\/p>\n<p>En boca, su textura sedosa y aterciopelada se equilibra con una estructura seca y refinada. Los suaves matices de miel y fruta madura dan paso a delicadas notas de pan tostado y almendras, aportando profundidad y sofisticaci\u00f3n. Su persistencia es notable, con una complejidad que evoluciona en cada trago y deja una huella elegante y duradera.<\/p>\n<p>Un cava de edici\u00f3n limitada (<span style=\"font-size: 16px;\">s\u00f3lo 150 botellas disponibles)<\/span>, pensado para momentos \u00fanicos y grandes celebraciones.<\/p>","protected":false},"excerpt":{"rendered":"<p>Brut \u2013 Agricultura ecol\u00f3gica<\/p>","protected":false},"featured_media":1774,"comment_status":"closed","ping_status":"closed","template":"","meta":{"site-sidebar-layout":"default","site-content-layout":"","ast-site-content-layout":"default","site-content-style":"default","site-sidebar-style":"default","ast-global-header-display":"","ast-banner-title-visibility":"","ast-main-header-display":"","ast-hfb-above-header-display":"","ast-hfb-below-header-display":"","ast-hfb-mobile-header-display":"","site-post-title":"","ast-breadcrumbs-content":"","ast-featured-img":"","footer-sml-layout":"","ast-disable-related-posts":"","theme-transparent-header-meta":"default","adv-header-id-meta":"","stick-header-meta":"","header-above-stick-meta":"","header-main-stick-meta":"","header-below-stick-meta":"","astra-migrate-meta-layouts":"set","ast-page-background-enabled":"default","ast-page-background-meta":{"desktop":{"background-color":"var(--ast-global-color-4)","background-image":"","background-repeat":"repeat","background-position":"center center","background-size":"auto","background-attachment":"scroll","background-type":"","background-media":"","overlay-type":"","overlay-color":"","overlay-opacity":"","overlay-gradient":""},"tablet":{"background-color":"","background-image":"","background-repeat":"repeat","background-position":"center center","background-size":"auto","background-attachment":"scroll","background-type":"","background-media":"","overlay-type":"","overlay-color":"","overlay-opacity":"","overlay-gradient":""},"mobile":{"background-color":"","background-image":"","background-repeat":"repeat","background-position":"center center","background-size":"auto","background-attachment":"scroll","background-type":"","background-media":"","overlay-type":"","overlay-color":"","overlay-opacity":"","overlay-gradient":""}},"ast-content-background-meta":{"desktop":{"background-color":"var(--ast-global-color-5)","background-image":"","background-repeat":"repeat","background-position":"center center","background-size":"auto","background-attachment":"scroll","background-type":"","background-media":"","overlay-type":"","overlay-color":"","overlay-opacity":"","overlay-gradient":""},"tablet":{"background-color":"var(--ast-global-color-5)","background-image":"","background-repeat":"repeat","background-position":"center center","background-size":"auto","background-attachment":"scroll","background-type":"","background-media":"","overlay-type":"","overlay-color":"","overlay-opacity":"","overlay-gradient":""},"mobile":{"background-color":"var(--ast-global-color-5)","background-image":"","background-repeat":"repeat","background-position":"center center","background-size":"auto","background-attachment":"scroll","background-type":"","background-media":"","overlay-type":"","overlay-color":"","overlay-opacity":"","overlay-gradient":""}}},"product_brand":[],"product_cat":[31,20,21,32],"product_tag":[34,35,36],"class_list":{"0":"post-1773","1":"product","2":"type-product","3":"status-publish","4":"has-post-thumbnail","6":"product_cat-cava-reserva","7":"product_cat-caves-especials","8":"product_cat-caves-magnums","9":"product_cat-caves-rosats","10":"product_tag-agricultura-ecologica","11":"product_tag-brut","12":"product_tag-swarovski","13":"desktop-align-center","14":"tablet-align-left","15":"mobile-align-left","17":"first","18":"instock","19":"shipping-taxable","20":"purchasable","21":"product-type-simple"},"_links":{"self":[{"href":"https:\/\/cavagiro.com\/es\/wp-json\/wp\/v2\/product\/1773","targetHints":{"allow":["GET"]}}],"collection":[{"href":"https:\/\/cavagiro.com\/es\/wp-json\/wp\/v2\/product"}],"about":[{"href":"https:\/\/cavagiro.com\/es\/wp-json\/wp\/v2\/types\/product"}],"replies":[{"embeddable":true,"href":"https:\/\/cavagiro.com\/es\/wp-json\/wp\/v2\/comments?post=1773"}],"wp:featuredmedia":[{"embeddable":true,"href":"https:\/\/cavagiro.com\/es\/wp-json\/wp\/v2\/media\/1774"}],"wp:attachment":[{"href":"https:\/\/cavagiro.com\/es\/wp-json\/wp\/v2\/media?parent=1773"}],"wp:term":[{"taxonomy":"product_brand","embeddable":true,"href":"https:\/\/cavagiro.com\/es\/wp-json\/wp\/v2\/product_brand?post=1773"},{"taxonomy":"product_cat","embeddable":true,"href":"https:\/\/cavagiro.com\/es\/wp-json\/wp\/v2\/product_cat?post=1773"},{"taxonomy":"product_tag","embeddable":true,"href":"https:\/\/cavagiro.com\/es\/wp-json\/wp\/v2\/product_tag?post=1773"}],"curies":[{"name":"wp","href":"https:\/\/api.w.org\/{rel}","templated":true}]}}