{"id":1775,"date":"2024-11-15T09:48:11","date_gmt":"2024-11-15T09:48:11","guid":{"rendered":"http:\/\/cavagiro.com\/?post_type=product&#038;p=1775"},"modified":"2025-11-24T07:36:28","modified_gmt":"2025-11-24T06:36:28","slug":"grandal-gran-reserva-sucio","status":"publish","type":"product","link":"https:\/\/cavagiro.com\/es\/comprar-online\/grandalla-gran-reserva-brut\/","title":{"rendered":"GRANDALLA GRAN RESERVA"},"content":{"rendered":"<p>GRANDALLA GRAN RESERVA<br \/>\n<strong>GRAN RESERVA BRUTO 2020<\/strong><br \/>\nCON ESTUCHE INDIVIDUAL<br \/>\n<strong>Diploma de Oro Z\u00dcRICH 2018<\/strong><\/p>\n<p>40% Xarello, 40% Parellada, 10% Chardonnay, 10% Pinot Noir<\/p>\n<p>En a\u00f1os excepcionales, cuando la naturaleza nos ofrece su mejor expresi\u00f3n, nace <b>Grandalla Gran Reserva<\/b>. Esta versi\u00f3n m\u00e1s joven de la nuestra <b>Grandalla de Lujo<\/b> conserva su esencia floral y elegante, pero con un car\u00e1cter m\u00e1s fresco y vibrante, capaz de competir con los mejores champagnes vintage.<\/p>\n<p>Su burbuja fina y persistente forma delicadas cadenas que se elevan lentamente en la copa, mostrando su sofisticaci\u00f3n. Su color amarillo p\u00e1lido con reflejos dorados anticipa una experiencia sensorial compleja y equilibrada.<\/p>\n<p>En nariz, despliega una sutil combinaci\u00f3n de notas de crianza con aromas de flores blancas, c\u00edtricos maduros y almendras tostadas. En boca, sorprende por su estructura, frescura y armon\u00eda, con matices de fruta madura, frutos secos y un ligero fondo especiado que alarga su persistencia.<\/p>\n<p>Un cava creado para acompa\u00f1ar grandes eventos y cenas memorables, en las que cada brindis se convierte en una celebraci\u00f3n de la excelencia.<\/p>","protected":false},"excerpt":{"rendered":"<p>Brut<\/p>","protected":false},"featured_media":2655,"comment_status":"closed","ping_status":"closed","template":"","meta":{"site-sidebar-layout":"default","site-content-layout":"","ast-site-content-layout":"default","site-content-style":"default","site-sidebar-style":"default","ast-global-header-display":"","ast-banner-title-visibility":"","ast-main-header-display":"","ast-hfb-above-header-display":"","ast-hfb-below-header-display":"","ast-hfb-mobile-header-display":"","site-post-title":"","ast-breadcrumbs-content":"","ast-featured-img":"","footer-sml-layout":"","ast-disable-related-posts":"","theme-transparent-header-meta":"default","adv-header-id-meta":"","stick-header-meta":"","header-above-stick-meta":"","header-main-stick-meta":"","header-below-stick-meta":"","astra-migrate-meta-layouts":"set","ast-page-background-enabled":"default","ast-page-background-meta":{"desktop":{"background-color":"var(--ast-global-color-4)","background-image":"","background-repeat":"repeat","background-position":"center center","background-size":"auto","background-attachment":"scroll","background-type":"","background-media":"","overlay-type":"","overlay-color":"","overlay-opacity":"","overlay-gradient":""},"tablet":{"background-color":"","background-image":"","background-repeat":"repeat","background-position":"center center","background-size":"auto","background-attachment":"scroll","background-type":"","background-media":"","overlay-type":"","overlay-color":"","overlay-opacity":"","overlay-gradient":""},"mobile":{"background-color":"","background-image":"","background-repeat":"repeat","background-position":"center center","background-size":"auto","background-attachment":"scroll","background-type":"","background-media":"","overlay-type":"","overlay-color":"","overlay-opacity":"","overlay-gradient":""}},"ast-content-background-meta":{"desktop":{"background-color":"var(--ast-global-color-5)","background-image":"","background-repeat":"repeat","background-position":"center center","background-size":"auto","background-attachment":"scroll","background-type":"","background-media":"","overlay-type":"","overlay-color":"","overlay-opacity":"","overlay-gradient":""},"tablet":{"background-color":"var(--ast-global-color-5)","background-image":"","background-repeat":"repeat","background-position":"center center","background-size":"auto","background-attachment":"scroll","background-type":"","background-media":"","overlay-type":"","overlay-color":"","overlay-opacity":"","overlay-gradient":""},"mobile":{"background-color":"var(--ast-global-color-5)","background-image":"","background-repeat":"repeat","background-position":"center center","background-size":"auto","background-attachment":"scroll","background-type":"","background-media":"","overlay-type":"","overlay-color":"","overlay-opacity":"","overlay-gradient":""}}},"product_brand":[],"product_cat":[30,20],"product_tag":[],"class_list":{"0":"post-1775","1":"product","2":"type-product","3":"status-publish","4":"has-post-thumbnail","6":"product_cat-caves-gran-reserva","7":"product_cat-caves-especials","8":"desktop-align-center","9":"tablet-align-left","10":"mobile-align-left","12":"first","13":"instock","14":"shipping-taxable","15":"purchasable","16":"product-type-simple"},"_links":{"self":[{"href":"https:\/\/cavagiro.com\/es\/wp-json\/wp\/v2\/product\/1775","targetHints":{"allow":["GET"]}}],"collection":[{"href":"https:\/\/cavagiro.com\/es\/wp-json\/wp\/v2\/product"}],"about":[{"href":"https:\/\/cavagiro.com\/es\/wp-json\/wp\/v2\/types\/product"}],"replies":[{"embeddable":true,"href":"https:\/\/cavagiro.com\/es\/wp-json\/wp\/v2\/comments?post=1775"}],"wp:featuredmedia":[{"embeddable":true,"href":"https:\/\/cavagiro.com\/es\/wp-json\/wp\/v2\/media\/2655"}],"wp:attachment":[{"href":"https:\/\/cavagiro.com\/es\/wp-json\/wp\/v2\/media?parent=1775"}],"wp:term":[{"taxonomy":"product_brand","embeddable":true,"href":"https:\/\/cavagiro.com\/es\/wp-json\/wp\/v2\/product_brand?post=1775"},{"taxonomy":"product_cat","embeddable":true,"href":"https:\/\/cavagiro.com\/es\/wp-json\/wp\/v2\/product_cat?post=1775"},{"taxonomy":"product_tag","embeddable":true,"href":"https:\/\/cavagiro.com\/es\/wp-json\/wp\/v2\/product_tag?post=1775"}],"curies":[{"name":"wp","href":"https:\/\/api.w.org\/{rel}","templated":true}]}}