{"id":1779,"date":"2024-11-15T09:49:32","date_gmt":"2024-11-15T09:49:32","guid":{"rendered":"http:\/\/cavagiro.com\/?post_type=product&#038;p=1779"},"modified":"2025-07-29T11:31:35","modified_gmt":"2025-07-29T10:31:35","slug":"montanero-gran-reserva-brut-nature-agricultura-ecologica","status":"publish","type":"product","link":"https:\/\/cavagiro.com\/es\/comprar-online\/montaner-gran-reserva-brut-nature-agricultura-ecologica\/","title":{"rendered":"MONTANER"},"content":{"rendered":"<p>MONTANER GRAN RESERVA<br \/>\n<strong>GRAN RESERVA BRUT NATURE 2017<\/strong><br \/>\nAGRICULTURA ECOL\u00d3GICA<br \/>\n<strong>MEJOR ESCUMOSO \u201cGU\u00cdA DE VINOS GOURMET\u201d 2015<\/strong><\/p>\n<p><strong>Diploma plata Z\u00dcRICH 2018<\/strong><\/p>\n<p>40% Macabeo | 30% Parellada |<\/p>\n<p><b>El Caballero de Nuestros Cavas<\/b><\/p>\n<p>La elegancia en su m\u00e1xima expresi\u00f3n. Montaner 2018 es el cava m\u00e1s cl\u00e1sico que puede imaginarse, el aut\u00e9ntico caballero de nuestra colecci\u00f3n. Procedente de una de las mejores a\u00f1adas recientes, este Gran Reserva destaca por su sofisticaci\u00f3n y refinamiento.<\/p>\n<p>Presenta una exquisita efervescencia, con una fin\u00edsima burbuja que forma un rosario perfecto y un elegante color dorado p\u00e1lido. En nariz es extraordinariamente complejo, con matices de levaduras, melocot\u00f3n y fruta tropical madura como la pi\u00f1a, acompa\u00f1ados de un sutil toque c\u00edtrico que aporta frescura y distinci\u00f3n.<\/p>\n<p>En boca es seco y fresco pero con la profundidad y amplitud propia de un Gran Reserva de gran a\u00f1ada. El excelente equilibrio entre estructura y vivacidad culmina en un final largo y persistente, dejando una impronta memorable que se prolonga en el tiempo.<\/p>\n<p>Somos los \u00fanicos que incorporamos un term\u00f3metro en la contraetiqueta, para que siempre sepas cu\u00e1ndo tu cava est\u00e1 a la temperatura perfecta. Cuando el term\u00f3metro se ti\u00f1e de azul, significa que es el momento ideal para disfrutarlo al m\u00e1ximo. \u00a1As\u00ed de f\u00e1cil, as\u00ed de preciso!<\/p>\n<p>Montaner 2018 es algo m\u00e1s que un cava, es una declaraci\u00f3n de clase y distinci\u00f3n.<\/p>","protected":false},"excerpt":{"rendered":"<p>Brut Nature \u2013 Agricultura ecol\u00f3gica<\/p>","protected":false},"featured_media":1780,"comment_status":"closed","ping_status":"closed","template":"","meta":{"site-sidebar-layout":"default","site-content-layout":"","ast-site-content-layout":"default","site-content-style":"default","site-sidebar-style":"default","ast-global-header-display":"","ast-banner-title-visibility":"","ast-main-header-display":"","ast-hfb-above-header-display":"","ast-hfb-below-header-display":"","ast-hfb-mobile-header-display":"","site-post-title":"","ast-breadcrumbs-content":"","ast-featured-img":"","footer-sml-layout":"","ast-disable-related-posts":"","theme-transparent-header-meta":"default","adv-header-id-meta":"","stick-header-meta":"","header-above-stick-meta":"","header-main-stick-meta":"","header-below-stick-meta":"","astra-migrate-meta-layouts":"set","ast-page-background-enabled":"default","ast-page-background-meta":{"desktop":{"background-color":"var(--ast-global-color-4)","background-image":"","background-repeat":"repeat","background-position":"center center","background-size":"auto","background-attachment":"scroll","background-type":"","background-media":"","overlay-type":"","overlay-color":"","overlay-opacity":"","overlay-gradient":""},"tablet":{"background-color":"","background-image":"","background-repeat":"repeat","background-position":"center center","background-size":"auto","background-attachment":"scroll","background-type":"","background-media":"","overlay-type":"","overlay-color":"","overlay-opacity":"","overlay-gradient":""},"mobile":{"background-color":"","background-image":"","background-repeat":"repeat","background-position":"center center","background-size":"auto","background-attachment":"scroll","background-type":"","background-media":"","overlay-type":"","overlay-color":"","overlay-opacity":"","overlay-gradient":""}},"ast-content-background-meta":{"desktop":{"background-color":"var(--ast-global-color-5)","background-image":"","background-repeat":"repeat","background-position":"center center","background-size":"auto","background-attachment":"scroll","background-type":"","background-media":"","overlay-type":"","overlay-color":"","overlay-opacity":"","overlay-gradient":""},"tablet":{"background-color":"var(--ast-global-color-5)","background-image":"","background-repeat":"repeat","background-position":"center center","background-size":"auto","background-attachment":"scroll","background-type":"","background-media":"","overlay-type":"","overlay-color":"","overlay-opacity":"","overlay-gradient":""},"mobile":{"background-color":"var(--ast-global-color-5)","background-image":"","background-repeat":"repeat","background-position":"center center","background-size":"auto","background-attachment":"scroll","background-type":"","background-media":"","overlay-type":"","overlay-color":"","overlay-opacity":"","overlay-gradient":""}}},"product_brand":[],"product_cat":[30],"product_tag":[34,33],"class_list":{"0":"post-1779","1":"product","2":"type-product","3":"status-publish","4":"has-post-thumbnail","6":"product_cat-caves-gran-reserva","7":"product_tag-agricultura-ecologica","8":"product_tag-brut-nature","9":"desktop-align-center","10":"tablet-align-left","11":"mobile-align-left","13":"first","14":"instock","15":"shipping-taxable","16":"purchasable","17":"product-type-simple"},"_links":{"self":[{"href":"https:\/\/cavagiro.com\/es\/wp-json\/wp\/v2\/product\/1779","targetHints":{"allow":["GET"]}}],"collection":[{"href":"https:\/\/cavagiro.com\/es\/wp-json\/wp\/v2\/product"}],"about":[{"href":"https:\/\/cavagiro.com\/es\/wp-json\/wp\/v2\/types\/product"}],"replies":[{"embeddable":true,"href":"https:\/\/cavagiro.com\/es\/wp-json\/wp\/v2\/comments?post=1779"}],"wp:featuredmedia":[{"embeddable":true,"href":"https:\/\/cavagiro.com\/es\/wp-json\/wp\/v2\/media\/1780"}],"wp:attachment":[{"href":"https:\/\/cavagiro.com\/es\/wp-json\/wp\/v2\/media?parent=1779"}],"wp:term":[{"taxonomy":"product_brand","embeddable":true,"href":"https:\/\/cavagiro.com\/es\/wp-json\/wp\/v2\/product_brand?post=1779"},{"taxonomy":"product_cat","embeddable":true,"href":"https:\/\/cavagiro.com\/es\/wp-json\/wp\/v2\/product_cat?post=1779"},{"taxonomy":"product_tag","embeddable":true,"href":"https:\/\/cavagiro.com\/es\/wp-json\/wp\/v2\/product_tag?post=1779"}],"curies":[{"name":"wp","href":"https:\/\/api.w.org\/{rel}","templated":true}]}}