{"id":1781,"date":"2024-11-15T09:50:35","date_gmt":"2024-11-15T09:50:35","guid":{"rendered":"http:\/\/cavagiro.com\/?post_type=product&#038;p=1781"},"modified":"2025-07-10T07:22:40","modified_gmt":"2025-07-10T06:22:40","slug":"magnum-xarel%c2%b7lo-100-reserva-brut-nature-agricultura-ecologica-1-5l","status":"publish","type":"product","link":"https:\/\/cavagiro.com\/es\/comprar-online\/magnum-xarel%c2%b7lo-100-reserva-brut-nature-agricultura-ecologica-1-5l\/","title":{"rendered":"MAGNUM XAREL\u00b7LO"},"content":{"rendered":"<p>MAGNUM XAREL\u00b7LO<br \/>\nGRAN RESERVA 2019<br \/>\nBRUT NATURE<br \/>\nAGRICULTURA ECOL\u00d3GICA<\/p>\n<p>100% Xarello<\/p>\n<p><b>Xarel\u00b7lo Magnum \u2013 La expresi\u00f3n suprema del Xarel\u00b7lo<\/b><\/p>\n<p>Un cava singular, puro y aut\u00e9ntico. <b>Xarel\u00b7lo Magnum<\/b> representa la m\u00e1xima expresi\u00f3n de esta variedad en su formato m\u00e1s noble, permitiendo una evoluci\u00f3n m\u00e1s equilibrada y armoniosa gracias a las ventajas de la botella Magnum.<\/p>\n<p>Su fina y persistente efervescencia se despliega en un color amarillo p\u00e1lido con reflejos verdosos, que reflejan su frescura natural. En nariz, destaca con claridad la identidad del Xarel\u00b7lo: intensas notas de albaricoque y lim\u00f3n, acompa\u00f1adas de un sutil toque mineral.<\/p>\n<p>En boca es seco y estructurado, con una acidez vibrante que aporta tensi\u00f3n y energ\u00eda. Su car\u00e1cter austero y firme se expresa sin artificios, con una pureza que cautiva. La larga crianza en botella Magnum permite una evoluci\u00f3n m\u00e1s pausada y refinada, intensificando su profundidad y textura aterciopelada, con un final complejo y persistente que se mantiene elegante a lo largo del tiempo.<\/p>\n<p>El <b>formato Magnum<\/b> es ideal para la crianza de cavas de alta calidad, ya que su mayor volumen permite una evoluci\u00f3n m\u00e1s lenta y equilibrada, garantizando una estabilidad y longevidad superiores. La menor proporci\u00f3n de ox\u00edgeno en relaci\u00f3n con el vino en la botella favorece su conservaci\u00f3n y el desarrollo \u00f3ptimo de sus cualidades organol\u00e9pticas, potenciando la finura y la complejidad del mismo <b>Reserva<\/b>.<\/p>\n<p>M\u00e1s all\u00e1 de su excelencia enol\u00f3gica, <b>Xarel\u00b7lo Magnum<\/b> es tambi\u00e9n un homenaje al arte y la inclusi\u00f3n. Su etiqueta ha sido dise\u00f1ada por <b>La Casa de Carlota<\/b> en colaboraci\u00f3n con un joven caballero con s\u00edndrome de Down, aportando una visi\u00f3n \u00fanica y aut\u00e9ntica a esta obra.<\/p>\n<p>Una elecci\u00f3n perfecta para aquellos que buscan la m\u00e1xima expresi\u00f3n del Xarel\u00b7lo en un formato que exalta su grandeza.<\/p>","protected":false},"excerpt":{"rendered":"<p>Brut Nature \u2013 Agricultura ecol\u00f3gica<\/p>","protected":false},"featured_media":1782,"comment_status":"closed","ping_status":"closed","template":"","meta":{"site-sidebar-layout":"default","site-content-layout":"","ast-site-content-layout":"default","site-content-style":"default","site-sidebar-style":"default","ast-global-header-display":"","ast-banner-title-visibility":"","ast-main-header-display":"","ast-hfb-above-header-display":"","ast-hfb-below-header-display":"","ast-hfb-mobile-header-display":"","site-post-title":"","ast-breadcrumbs-content":"","ast-featured-img":"","footer-sml-layout":"","ast-disable-related-posts":"","theme-transparent-header-meta":"default","adv-header-id-meta":"","stick-header-meta":"","header-above-stick-meta":"","header-main-stick-meta":"","header-below-stick-meta":"","astra-migrate-meta-layouts":"set","ast-page-background-enabled":"default","ast-page-background-meta":{"desktop":{"background-color":"var(--ast-global-color-4)","background-image":"","background-repeat":"repeat","background-position":"center center","background-size":"auto","background-attachment":"scroll","background-type":"","background-media":"","overlay-type":"","overlay-color":"","overlay-opacity":"","overlay-gradient":""},"tablet":{"background-color":"","background-image":"","background-repeat":"repeat","background-position":"center center","background-size":"auto","background-attachment":"scroll","background-type":"","background-media":"","overlay-type":"","overlay-color":"","overlay-opacity":"","overlay-gradient":""},"mobile":{"background-color":"","background-image":"","background-repeat":"repeat","background-position":"center center","background-size":"auto","background-attachment":"scroll","background-type":"","background-media":"","overlay-type":"","overlay-color":"","overlay-opacity":"","overlay-gradient":""}},"ast-content-background-meta":{"desktop":{"background-color":"var(--ast-global-color-5)","background-image":"","background-repeat":"repeat","background-position":"center center","background-size":"auto","background-attachment":"scroll","background-type":"","background-media":"","overlay-type":"","overlay-color":"","overlay-opacity":"","overlay-gradient":""},"tablet":{"background-color":"var(--ast-global-color-5)","background-image":"","background-repeat":"repeat","background-position":"center center","background-size":"auto","background-attachment":"scroll","background-type":"","background-media":"","overlay-type":"","overlay-color":"","overlay-opacity":"","overlay-gradient":""},"mobile":{"background-color":"var(--ast-global-color-5)","background-image":"","background-repeat":"repeat","background-position":"center center","background-size":"auto","background-attachment":"scroll","background-type":"","background-media":"","overlay-type":"","overlay-color":"","overlay-opacity":"","overlay-gradient":""}}},"product_brand":[],"product_cat":[31,20,21],"product_tag":[],"class_list":{"0":"post-1781","1":"product","2":"type-product","3":"status-publish","4":"has-post-thumbnail","6":"product_cat-cava-reserva","7":"product_cat-caves-especials","8":"product_cat-caves-magnums","9":"desktop-align-center","10":"tablet-align-left","11":"mobile-align-left","13":"first","14":"instock","15":"shipping-taxable","16":"purchasable","17":"product-type-simple"},"_links":{"self":[{"href":"https:\/\/cavagiro.com\/es\/wp-json\/wp\/v2\/product\/1781","targetHints":{"allow":["GET"]}}],"collection":[{"href":"https:\/\/cavagiro.com\/es\/wp-json\/wp\/v2\/product"}],"about":[{"href":"https:\/\/cavagiro.com\/es\/wp-json\/wp\/v2\/types\/product"}],"replies":[{"embeddable":true,"href":"https:\/\/cavagiro.com\/es\/wp-json\/wp\/v2\/comments?post=1781"}],"wp:featuredmedia":[{"embeddable":true,"href":"https:\/\/cavagiro.com\/es\/wp-json\/wp\/v2\/media\/1782"}],"wp:attachment":[{"href":"https:\/\/cavagiro.com\/es\/wp-json\/wp\/v2\/media?parent=1781"}],"wp:term":[{"taxonomy":"product_brand","embeddable":true,"href":"https:\/\/cavagiro.com\/es\/wp-json\/wp\/v2\/product_brand?post=1781"},{"taxonomy":"product_cat","embeddable":true,"href":"https:\/\/cavagiro.com\/es\/wp-json\/wp\/v2\/product_cat?post=1781"},{"taxonomy":"product_tag","embeddable":true,"href":"https:\/\/cavagiro.com\/es\/wp-json\/wp\/v2\/product_tag?post=1781"}],"curies":[{"name":"wp","href":"https:\/\/api.w.org\/{rel}","templated":true}]}}