{"id":1787,"date":"2024-11-15T09:53:29","date_gmt":"2024-11-15T09:53:29","guid":{"rendered":"http:\/\/cavagiro.com\/?post_type=product&#038;p=1787"},"modified":"2025-06-20T11:09:32","modified_gmt":"2025-06-20T10:09:32","slug":"maravilloso-reserva-brut-nature-100-ecologic","status":"publish","type":"product","link":"https:\/\/cavagiro.com\/es\/comprar-online\/meravellous-reserva-brut-nature-100-ecologic\/","title":{"rendered":"MERAVELLOUS"},"content":{"rendered":"<p>MERAVELLOUS<\/p>\n<p>Reserva Brut Nature 2018<\/p>\n<p>30% Xarello, 30% Parellada, 30% Macabeo, 10% Chardonnay<\/p>\n<p><b>Meravellous<\/b> es la expresi\u00f3n m\u00e1xima de la frescura y la elegancia. Su fina y constante efervescencia da lugar a un cava de amarillo p\u00e1lido con sutiles reflejos verdosos, que reflejan su vitalidad y juventud.<\/p>\n<p>En nariz, brilla con un perfil floral y afrutado. Notas de manzana fresca, melocot\u00f3n y frutas tropicales, como la pi\u00f1a, se combinan con delicados matices c\u00edtricos y sutiles recuerdos de crianza, que aportan profundidad y complejidad.<\/p>\n<p>En boca, su car\u00e1cter seco y fresco se complementa con una textura cremosa y estructura bien definida. Su vibrante acidez acent\u00faa la sensaci\u00f3n de vivacidad y equilibrio, mientras la crianza como <b>Reserva<\/b> a\u00f1ade un final sofisticado, con matices persistentes que evolucionan en cada trago.<\/p>\n<p>M\u00e1s all\u00e1 de su excelencia enol\u00f3gica, <b>Meravellous<\/b> es un homenaje al dise\u00f1o y la creatividad. Su botella, visualmente impactante, ha sido creada por <b>La Casa de Carlota<\/b>, un estudio de dise\u00f1o \u00fanico en el mundo. Su equipo est\u00e1 formado por personas con capacidades intelectuales diversas, que trabajan en total armon\u00eda con j\u00f3venes dise\u00f1adores, creativos y directores de arte s\u00e9nior, fusionando talento, inclusi\u00f3n e innovaci\u00f3n en una obra tan excepcional como el cava que contiene.<\/p>\n<p>Un cava para aquellos que buscan una experiencia \u00fanica, tanto en el paladar como en la mirada.<\/p>","protected":false},"excerpt":{"rendered":"<p>Brut Nature \u2013 Agricultura ecol\u00f3gica<\/p>","protected":false},"featured_media":1788,"comment_status":"closed","ping_status":"closed","template":"","meta":{"site-sidebar-layout":"default","site-content-layout":"","ast-site-content-layout":"default","site-content-style":"default","site-sidebar-style":"default","ast-global-header-display":"","ast-banner-title-visibility":"","ast-main-header-display":"","ast-hfb-above-header-display":"","ast-hfb-below-header-display":"","ast-hfb-mobile-header-display":"","site-post-title":"","ast-breadcrumbs-content":"","ast-featured-img":"","footer-sml-layout":"","ast-disable-related-posts":"","theme-transparent-header-meta":"default","adv-header-id-meta":"","stick-header-meta":"","header-above-stick-meta":"","header-main-stick-meta":"","header-below-stick-meta":"","astra-migrate-meta-layouts":"set","ast-page-background-enabled":"default","ast-page-background-meta":{"desktop":{"background-color":"var(--ast-global-color-4)","background-image":"","background-repeat":"repeat","background-position":"center center","background-size":"auto","background-attachment":"scroll","background-type":"","background-media":"","overlay-type":"","overlay-color":"","overlay-opacity":"","overlay-gradient":""},"tablet":{"background-color":"","background-image":"","background-repeat":"repeat","background-position":"center center","background-size":"auto","background-attachment":"scroll","background-type":"","background-media":"","overlay-type":"","overlay-color":"","overlay-opacity":"","overlay-gradient":""},"mobile":{"background-color":"","background-image":"","background-repeat":"repeat","background-position":"center center","background-size":"auto","background-attachment":"scroll","background-type":"","background-media":"","overlay-type":"","overlay-color":"","overlay-opacity":"","overlay-gradient":""}},"ast-content-background-meta":{"desktop":{"background-color":"var(--ast-global-color-5)","background-image":"","background-repeat":"repeat","background-position":"center center","background-size":"auto","background-attachment":"scroll","background-type":"","background-media":"","overlay-type":"","overlay-color":"","overlay-opacity":"","overlay-gradient":""},"tablet":{"background-color":"var(--ast-global-color-5)","background-image":"","background-repeat":"repeat","background-position":"center center","background-size":"auto","background-attachment":"scroll","background-type":"","background-media":"","overlay-type":"","overlay-color":"","overlay-opacity":"","overlay-gradient":""},"mobile":{"background-color":"var(--ast-global-color-5)","background-image":"","background-repeat":"repeat","background-position":"center center","background-size":"auto","background-attachment":"scroll","background-type":"","background-media":"","overlay-type":"","overlay-color":"","overlay-opacity":"","overlay-gradient":""}}},"product_brand":[],"product_cat":[31,20],"product_tag":[34,33],"class_list":{"0":"post-1787","1":"product","2":"type-product","3":"status-publish","4":"has-post-thumbnail","6":"product_cat-cava-reserva","7":"product_cat-caves-especials","8":"product_tag-agricultura-ecologica","9":"product_tag-brut-nature","10":"desktop-align-center","11":"tablet-align-left","12":"mobile-align-left","14":"first","15":"instock","16":"shipping-taxable","17":"purchasable","18":"product-type-simple"},"_links":{"self":[{"href":"https:\/\/cavagiro.com\/es\/wp-json\/wp\/v2\/product\/1787","targetHints":{"allow":["GET"]}}],"collection":[{"href":"https:\/\/cavagiro.com\/es\/wp-json\/wp\/v2\/product"}],"about":[{"href":"https:\/\/cavagiro.com\/es\/wp-json\/wp\/v2\/types\/product"}],"replies":[{"embeddable":true,"href":"https:\/\/cavagiro.com\/es\/wp-json\/wp\/v2\/comments?post=1787"}],"wp:featuredmedia":[{"embeddable":true,"href":"https:\/\/cavagiro.com\/es\/wp-json\/wp\/v2\/media\/1788"}],"wp:attachment":[{"href":"https:\/\/cavagiro.com\/es\/wp-json\/wp\/v2\/media?parent=1787"}],"wp:term":[{"taxonomy":"product_brand","embeddable":true,"href":"https:\/\/cavagiro.com\/es\/wp-json\/wp\/v2\/product_brand?post=1787"},{"taxonomy":"product_cat","embeddable":true,"href":"https:\/\/cavagiro.com\/es\/wp-json\/wp\/v2\/product_cat?post=1787"},{"taxonomy":"product_tag","embeddable":true,"href":"https:\/\/cavagiro.com\/es\/wp-json\/wp\/v2\/product_tag?post=1787"}],"curies":[{"name":"wp","href":"https:\/\/api.w.org\/{rel}","templated":true}]}}