{"id":1791,"date":"2024-11-15T09:55:27","date_gmt":"2024-11-15T09:55:27","guid":{"rendered":"http:\/\/cavagiro.com\/?post_type=product&#038;p=1791"},"modified":"2025-06-20T11:11:27","modified_gmt":"2025-06-20T10:11:27","slug":"net-reserva-bruto-agricultura-ecologica","status":"publish","type":"product","link":"https:\/\/cavagiro.com\/es\/comprar-online\/net-reserva-brut-agricultura-ecologica\/","title":{"rendered":"NET"},"content":{"rendered":"<p>NET RESERVA BRUT 2019<br \/>\n<strong>BACCHUS SILVER 2013<\/strong><br \/>\n<strong>BACCHUS GOLD 2010<\/strong><br \/>\nAGRICULTURA ECOL\u00d3GICA<\/p>\n<p>40 % Xarel.lo, 30% Parellada, 20% Macabeo , 10% Chardonnay<\/p>\n<p>Con un buen desprendimiento de fin\u00edsimas burbujas, este cava se presenta con un elegante color amarillo con reflejos verdosos. En nariz es intensamente afrutado, con notas de manzana, melocot\u00f3n y frutas tropicales como la pi\u00f1a y los c\u00edtricos, aportando frescura y vitalidad.<\/p>\n<p>En boca es seco y fresco, armoniz\u00e1ndose perfectamente las sutiles notas \u00e1cidas con el toque justo de az\u00facar propio de los Bruts. Su crianza de Gran Reserva le confiere gran amplitud en boca y un equilibrio excepcional. Su final es largo y persistente, dejando una impronta elegante y memorable.<\/p>\n<p>Somos los \u00fanicos que incorporamos un term\u00f3metro en la contraetiqueta, para que siempre sepas cu\u00e1ndo tu cava est\u00e1 a la temperatura perfecta. Cuando el term\u00f3metro se ti\u00f1e de azul, significa que es el momento ideal para disfrutarlo al m\u00e1ximo. \u00a1As\u00ed de f\u00e1cil, as\u00ed de preciso!<\/p>","protected":false},"excerpt":{"rendered":"<p>Brut \u2013 Agricultura Ecol\u00f3gica<\/p>","protected":false},"featured_media":1792,"comment_status":"closed","ping_status":"closed","template":"","meta":{"site-sidebar-layout":"default","site-content-layout":"","ast-site-content-layout":"default","site-content-style":"default","site-sidebar-style":"default","ast-global-header-display":"","ast-banner-title-visibility":"","ast-main-header-display":"","ast-hfb-above-header-display":"","ast-hfb-below-header-display":"","ast-hfb-mobile-header-display":"","site-post-title":"","ast-breadcrumbs-content":"","ast-featured-img":"","footer-sml-layout":"","ast-disable-related-posts":"","theme-transparent-header-meta":"default","adv-header-id-meta":"","stick-header-meta":"","header-above-stick-meta":"","header-main-stick-meta":"","header-below-stick-meta":"","astra-migrate-meta-layouts":"set","ast-page-background-enabled":"default","ast-page-background-meta":{"desktop":{"background-color":"var(--ast-global-color-4)","background-image":"","background-repeat":"repeat","background-position":"center center","background-size":"auto","background-attachment":"scroll","background-type":"","background-media":"","overlay-type":"","overlay-color":"","overlay-opacity":"","overlay-gradient":""},"tablet":{"background-color":"","background-image":"","background-repeat":"repeat","background-position":"center center","background-size":"auto","background-attachment":"scroll","background-type":"","background-media":"","overlay-type":"","overlay-color":"","overlay-opacity":"","overlay-gradient":""},"mobile":{"background-color":"","background-image":"","background-repeat":"repeat","background-position":"center center","background-size":"auto","background-attachment":"scroll","background-type":"","background-media":"","overlay-type":"","overlay-color":"","overlay-opacity":"","overlay-gradient":""}},"ast-content-background-meta":{"desktop":{"background-color":"var(--ast-global-color-5)","background-image":"","background-repeat":"repeat","background-position":"center center","background-size":"auto","background-attachment":"scroll","background-type":"","background-media":"","overlay-type":"","overlay-color":"","overlay-opacity":"","overlay-gradient":""},"tablet":{"background-color":"var(--ast-global-color-5)","background-image":"","background-repeat":"repeat","background-position":"center center","background-size":"auto","background-attachment":"scroll","background-type":"","background-media":"","overlay-type":"","overlay-color":"","overlay-opacity":"","overlay-gradient":""},"mobile":{"background-color":"var(--ast-global-color-5)","background-image":"","background-repeat":"repeat","background-position":"center center","background-size":"auto","background-attachment":"scroll","background-type":"","background-media":"","overlay-type":"","overlay-color":"","overlay-opacity":"","overlay-gradient":""}}},"product_brand":[],"product_cat":[31],"product_tag":[],"class_list":{"0":"post-1791","1":"product","2":"type-product","3":"status-publish","4":"has-post-thumbnail","6":"product_cat-cava-reserva","7":"desktop-align-center","8":"tablet-align-left","9":"mobile-align-left","11":"first","12":"instock","13":"shipping-taxable","14":"purchasable","15":"product-type-simple"},"_links":{"self":[{"href":"https:\/\/cavagiro.com\/es\/wp-json\/wp\/v2\/product\/1791","targetHints":{"allow":["GET"]}}],"collection":[{"href":"https:\/\/cavagiro.com\/es\/wp-json\/wp\/v2\/product"}],"about":[{"href":"https:\/\/cavagiro.com\/es\/wp-json\/wp\/v2\/types\/product"}],"replies":[{"embeddable":true,"href":"https:\/\/cavagiro.com\/es\/wp-json\/wp\/v2\/comments?post=1791"}],"wp:featuredmedia":[{"embeddable":true,"href":"https:\/\/cavagiro.com\/es\/wp-json\/wp\/v2\/media\/1792"}],"wp:attachment":[{"href":"https:\/\/cavagiro.com\/es\/wp-json\/wp\/v2\/media?parent=1791"}],"wp:term":[{"taxonomy":"product_brand","embeddable":true,"href":"https:\/\/cavagiro.com\/es\/wp-json\/wp\/v2\/product_brand?post=1791"},{"taxonomy":"product_cat","embeddable":true,"href":"https:\/\/cavagiro.com\/es\/wp-json\/wp\/v2\/product_cat?post=1791"},{"taxonomy":"product_tag","embeddable":true,"href":"https:\/\/cavagiro.com\/es\/wp-json\/wp\/v2\/product_tag?post=1791"}],"curies":[{"name":"wp","href":"https:\/\/api.w.org\/{rel}","templated":true}]}}