{"id":1793,"date":"2024-11-15T09:56:36","date_gmt":"2024-11-15T09:56:36","guid":{"rendered":"http:\/\/cavagiro.com\/?post_type=product&#038;p=1793"},"modified":"2025-11-24T09:05:44","modified_gmt":"2025-11-24T08:05:44","slug":"elaboracion-artesana-reserva-brut-nature-agricultura-ecologica","status":"publish","type":"product","link":"https:\/\/cavagiro.com\/es\/comprar-online\/elaboracio-artesana-reserva-brut-nature-agricultura-ecologica\/","title":{"rendered":"ELABORACI\u00d3 ARTESANA"},"content":{"rendered":"<p>ELABORACI\u00d3N ARTESANA RESERVA<br \/>\n<strong>BRUT NATURE\u00a0<\/strong><\/p>\n<p>AGRICULTURA ECOL\u00d3GICA<\/p>\n<p><strong>VINARIO DE PLATA 2017<\/strong><\/p>\n<p style=\"font-weight: 400\"><strong>TOP WINE ORO 2021<\/strong><\/p>\n<p>50% Xarello, 25% Macabeo, 25% Parellada<\/p>\n<p>Con un excelente desprendimiento de fin\u00edsimas burbujas, este cava se presenta con un elegante tono verdoso con sutiles reflejos amarillentos. En nariz, destaca por su intensidad floral y afrutada, con notas de manzana, melocot\u00f3n y frutas tropicales como la pi\u00f1a y los c\u00edtricos, acompa\u00f1adas de un delicado toque de pl\u00e1tano.<\/p>\n<p>En boca es muy seco y fresco, con una textura cremosa y cuerpo. Su vibrante acidez le aporta una gran vivacidad y frescura, mientras que la crianza como Reserva le confiere una amplitud y redondez excepcionales. Sutiles matices tostados y un final sedoso y envolvente completan esta experiencia \u00fanica.<\/p>\n<p>Somos los \u00fanicos que incorporamos un term\u00f3metro en la contraetiqueta, para que siempre sepas cu\u00e1ndo tu cava est\u00e1 a la temperatura perfecta. Cuando el term\u00f3metro se ti\u00f1e de azul, significa que es el momento ideal para disfrutarlo al m\u00e1ximo. \u00a1As\u00ed de f\u00e1cil, as\u00ed de preciso!<\/p>","protected":false},"excerpt":{"rendered":"<p>Brut Nature \u2013 Agricultura ecol\u00f3gica<\/p>","protected":false},"featured_media":1794,"comment_status":"closed","ping_status":"closed","template":"","meta":{"site-sidebar-layout":"default","site-content-layout":"","ast-site-content-layout":"default","site-content-style":"default","site-sidebar-style":"default","ast-global-header-display":"","ast-banner-title-visibility":"","ast-main-header-display":"","ast-hfb-above-header-display":"","ast-hfb-below-header-display":"","ast-hfb-mobile-header-display":"","site-post-title":"","ast-breadcrumbs-content":"","ast-featured-img":"","footer-sml-layout":"","ast-disable-related-posts":"","theme-transparent-header-meta":"default","adv-header-id-meta":"","stick-header-meta":"","header-above-stick-meta":"","header-main-stick-meta":"","header-below-stick-meta":"","astra-migrate-meta-layouts":"set","ast-page-background-enabled":"default","ast-page-background-meta":{"desktop":{"background-color":"var(--ast-global-color-4)","background-image":"","background-repeat":"repeat","background-position":"center center","background-size":"auto","background-attachment":"scroll","background-type":"","background-media":"","overlay-type":"","overlay-color":"","overlay-opacity":"","overlay-gradient":""},"tablet":{"background-color":"","background-image":"","background-repeat":"repeat","background-position":"center center","background-size":"auto","background-attachment":"scroll","background-type":"","background-media":"","overlay-type":"","overlay-color":"","overlay-opacity":"","overlay-gradient":""},"mobile":{"background-color":"","background-image":"","background-repeat":"repeat","background-position":"center center","background-size":"auto","background-attachment":"scroll","background-type":"","background-media":"","overlay-type":"","overlay-color":"","overlay-opacity":"","overlay-gradient":""}},"ast-content-background-meta":{"desktop":{"background-color":"var(--ast-global-color-5)","background-image":"","background-repeat":"repeat","background-position":"center center","background-size":"auto","background-attachment":"scroll","background-type":"","background-media":"","overlay-type":"","overlay-color":"","overlay-opacity":"","overlay-gradient":""},"tablet":{"background-color":"var(--ast-global-color-5)","background-image":"","background-repeat":"repeat","background-position":"center center","background-size":"auto","background-attachment":"scroll","background-type":"","background-media":"","overlay-type":"","overlay-color":"","overlay-opacity":"","overlay-gradient":""},"mobile":{"background-color":"var(--ast-global-color-5)","background-image":"","background-repeat":"repeat","background-position":"center center","background-size":"auto","background-attachment":"scroll","background-type":"","background-media":"","overlay-type":"","overlay-color":"","overlay-opacity":"","overlay-gradient":""}}},"product_brand":[],"product_cat":[31],"product_tag":[],"class_list":{"0":"post-1793","1":"product","2":"type-product","3":"status-publish","4":"has-post-thumbnail","6":"product_cat-cava-reserva","7":"desktop-align-center","8":"tablet-align-left","9":"mobile-align-left","11":"first","12":"instock","13":"shipping-taxable","14":"purchasable","15":"product-type-simple"},"_links":{"self":[{"href":"https:\/\/cavagiro.com\/es\/wp-json\/wp\/v2\/product\/1793","targetHints":{"allow":["GET"]}}],"collection":[{"href":"https:\/\/cavagiro.com\/es\/wp-json\/wp\/v2\/product"}],"about":[{"href":"https:\/\/cavagiro.com\/es\/wp-json\/wp\/v2\/types\/product"}],"replies":[{"embeddable":true,"href":"https:\/\/cavagiro.com\/es\/wp-json\/wp\/v2\/comments?post=1793"}],"wp:featuredmedia":[{"embeddable":true,"href":"https:\/\/cavagiro.com\/es\/wp-json\/wp\/v2\/media\/1794"}],"wp:attachment":[{"href":"https:\/\/cavagiro.com\/es\/wp-json\/wp\/v2\/media?parent=1793"}],"wp:term":[{"taxonomy":"product_brand","embeddable":true,"href":"https:\/\/cavagiro.com\/es\/wp-json\/wp\/v2\/product_brand?post=1793"},{"taxonomy":"product_cat","embeddable":true,"href":"https:\/\/cavagiro.com\/es\/wp-json\/wp\/v2\/product_cat?post=1793"},{"taxonomy":"product_tag","embeddable":true,"href":"https:\/\/cavagiro.com\/es\/wp-json\/wp\/v2\/product_tag?post=1793"}],"curies":[{"name":"wp","href":"https:\/\/api.w.org\/{rel}","templated":true}]}}