{"id":1795,"date":"2024-11-15T09:57:14","date_gmt":"2024-11-15T09:57:14","guid":{"rendered":"http:\/\/cavagiro.com\/?post_type=product&#038;p=1795"},"modified":"2025-12-19T14:13:01","modified_gmt":"2025-12-19T13:13:01","slug":"charello-gran-reserva-brut-nature-agricultura-ecologica","status":"publish","type":"product","link":"https:\/\/cavagiro.com\/es\/comprar-online\/xarello-gran-reserva-brut-nature-agricultura-ecologica\/","title":{"rendered":"XAREL\u00b7LO"},"content":{"rendered":"<p>CHARELO 100%<br \/>\n<strong>GRAN RESERVA 2018 BRUT NATURE<\/strong><br \/>\nMEDALLA ORO VINARIO 2022 PLATA 2023<br \/>\nAGRICULTURA ECOL\u00d3GICA<\/p>\n<p>100% Xarello<\/p>\n<p>Un cava \u00fanico, puro y aut\u00e9ntico. <b>Xarelo<\/b> es la expresi\u00f3n m\u00e1s genuina de esta variedad, presentada en su m\u00e1xima esencia.<\/p>\n<p>Su fina y persistente efervescencia se despliega en un color amarillo p\u00e1lido con reflejos verdosos, que reflejan su frescura natural. En nariz, destaca la identidad del Xarel\u00b7lo: intensas notas de albaricoque y lim\u00f3n, acompa\u00f1adas de un sutil toque mineral.<\/p>\n<p>En boca, es seco y estructurado, con una vibrante acidez que le aporta tensi\u00f3n y energ\u00eda. Su car\u00e1cter austero y firme se manifiesta sin artificios, con una pureza que cautiva. La larga crianza le otorga amplitud y una textura aterciopelada, con un final complejo y persistente que evoluciona elegantemente en cada trago.<\/p>\n<p>M\u00e1s all\u00e1 de su excelencia enol\u00f3gica, <b>Xarelo<\/b> es tambi\u00e9n un homenaje al arte y la inclusi\u00f3n. Su etiqueta ha sido dise\u00f1ada por <b>La Casa de Carlota<\/b> en colaboraci\u00f3n con un joven caballero con s\u00edndrome de Down, aportando una visi\u00f3n \u00fanica y aut\u00e9ntica a esta obra. Un cava que celebra su pureza, car\u00e1cter y creatividad en su forma m\u00e1s honesta.<\/p>","protected":false},"excerpt":{"rendered":"<p>Brut Nature \u2013 Agricultura ecol\u00f3gica<\/p>","protected":false},"featured_media":1796,"comment_status":"closed","ping_status":"closed","template":"","meta":{"site-sidebar-layout":"default","site-content-layout":"","ast-site-content-layout":"default","site-content-style":"default","site-sidebar-style":"default","ast-global-header-display":"","ast-banner-title-visibility":"","ast-main-header-display":"","ast-hfb-above-header-display":"","ast-hfb-below-header-display":"","ast-hfb-mobile-header-display":"","site-post-title":"","ast-breadcrumbs-content":"","ast-featured-img":"","footer-sml-layout":"","ast-disable-related-posts":"","theme-transparent-header-meta":"default","adv-header-id-meta":"","stick-header-meta":"","header-above-stick-meta":"","header-main-stick-meta":"","header-below-stick-meta":"","astra-migrate-meta-layouts":"set","ast-page-background-enabled":"default","ast-page-background-meta":{"desktop":{"background-color":"var(--ast-global-color-4)","background-image":"","background-repeat":"repeat","background-position":"center center","background-size":"auto","background-attachment":"scroll","background-type":"","background-media":"","overlay-type":"","overlay-color":"","overlay-opacity":"","overlay-gradient":""},"tablet":{"background-color":"","background-image":"","background-repeat":"repeat","background-position":"center center","background-size":"auto","background-attachment":"scroll","background-type":"","background-media":"","overlay-type":"","overlay-color":"","overlay-opacity":"","overlay-gradient":""},"mobile":{"background-color":"","background-image":"","background-repeat":"repeat","background-position":"center center","background-size":"auto","background-attachment":"scroll","background-type":"","background-media":"","overlay-type":"","overlay-color":"","overlay-opacity":"","overlay-gradient":""}},"ast-content-background-meta":{"desktop":{"background-color":"var(--ast-global-color-5)","background-image":"","background-repeat":"repeat","background-position":"center center","background-size":"auto","background-attachment":"scroll","background-type":"","background-media":"","overlay-type":"","overlay-color":"","overlay-opacity":"","overlay-gradient":""},"tablet":{"background-color":"var(--ast-global-color-5)","background-image":"","background-repeat":"repeat","background-position":"center center","background-size":"auto","background-attachment":"scroll","background-type":"","background-media":"","overlay-type":"","overlay-color":"","overlay-opacity":"","overlay-gradient":""},"mobile":{"background-color":"var(--ast-global-color-5)","background-image":"","background-repeat":"repeat","background-position":"center center","background-size":"auto","background-attachment":"scroll","background-type":"","background-media":"","overlay-type":"","overlay-color":"","overlay-opacity":"","overlay-gradient":""}}},"product_brand":[],"product_cat":[30,20],"product_tag":[],"class_list":{"0":"post-1795","1":"product","2":"type-product","3":"status-publish","4":"has-post-thumbnail","6":"product_cat-caves-gran-reserva","7":"product_cat-caves-especials","8":"desktop-align-center","9":"tablet-align-left","10":"mobile-align-left","12":"first","13":"instock","14":"shipping-taxable","15":"purchasable","16":"product-type-simple"},"_links":{"self":[{"href":"https:\/\/cavagiro.com\/es\/wp-json\/wp\/v2\/product\/1795","targetHints":{"allow":["GET"]}}],"collection":[{"href":"https:\/\/cavagiro.com\/es\/wp-json\/wp\/v2\/product"}],"about":[{"href":"https:\/\/cavagiro.com\/es\/wp-json\/wp\/v2\/types\/product"}],"replies":[{"embeddable":true,"href":"https:\/\/cavagiro.com\/es\/wp-json\/wp\/v2\/comments?post=1795"}],"wp:featuredmedia":[{"embeddable":true,"href":"https:\/\/cavagiro.com\/es\/wp-json\/wp\/v2\/media\/1796"}],"wp:attachment":[{"href":"https:\/\/cavagiro.com\/es\/wp-json\/wp\/v2\/media?parent=1795"}],"wp:term":[{"taxonomy":"product_brand","embeddable":true,"href":"https:\/\/cavagiro.com\/es\/wp-json\/wp\/v2\/product_brand?post=1795"},{"taxonomy":"product_cat","embeddable":true,"href":"https:\/\/cavagiro.com\/es\/wp-json\/wp\/v2\/product_cat?post=1795"},{"taxonomy":"product_tag","embeddable":true,"href":"https:\/\/cavagiro.com\/es\/wp-json\/wp\/v2\/product_tag?post=1795"}],"curies":[{"name":"wp","href":"https:\/\/api.w.org\/{rel}","templated":true}]}}