{"id":1803,"date":"2024-11-15T10:00:57","date_gmt":"2024-11-15T10:00:57","guid":{"rendered":"http:\/\/cavagiro.com\/?post_type=product&#038;p=1803"},"modified":"2025-07-10T07:56:04","modified_gmt":"2025-07-10T06:56:04","slug":"semi-seco-reserva-1-2-dry-agricultura-ecologica","status":"publish","type":"product","link":"https:\/\/cavagiro.com\/es\/comprar-online\/semi-sec-reserva-1-2-dry-agricultura-ecologica\/","title":{"rendered":"1\/2 DRY CAVA"},"content":{"rendered":"<p>1\/2 DRY CAVA<br \/>\n<strong>RESERVA SEMISECO 2021<\/strong><br \/>\nAGRICULTURA ECOL\u00d3GICA<\/p>\n<p>40 % Xarel.lo, 10% Macabeo, 10% Parellada, 30% Chardonnay, 20% Pinot Noir<\/p>\n<p>Un Semi Seco de Gran Reserva excepcional. Pocas cavas se atreven a ofrecer un cava semi seco con tanta crianza, combinando la dulzura y la expresi\u00f3n afrutada con la profundidad y complejidad propias de un Gran Reserva.<\/p>\n<p>Con un buen desprendimiento de fin\u00edsimas burbujas, se presenta muy p\u00e1lido, con delicados reflejos amarillos y verdosos. En nariz es extraordinariamente floral y afrutado, con notas de manzana, melocot\u00f3n y frutas tropicales como la pi\u00f1a y los c\u00edtricos, acompa\u00f1adas de un sutil toque de pl\u00e1tano.<\/p>\n<p>En boca, su dulzura se fusiona con una frescura vibrante. Es cremoso y con cuerpo, con una ligera acidez que le aporta vivacidad. La crianza como Gran Reserva a\u00f1ade complejidad y redondez, d\u00e1ndole una elegancia \u00fanica y un final largo y persistente.<\/p>\n<p>Un cava para quienes buscan el equilibrio perfecto entre la frescura afrutada, un toque dulce y la sofisticaci\u00f3n de una larga crianza.<\/p>","protected":false},"excerpt":{"rendered":"<p>Semi Seco \u2013 Agricultura ecol\u00f3gica<\/p>","protected":false},"featured_media":1804,"comment_status":"closed","ping_status":"closed","template":"","meta":{"site-sidebar-layout":"default","site-content-layout":"","ast-site-content-layout":"default","site-content-style":"default","site-sidebar-style":"default","ast-global-header-display":"","ast-banner-title-visibility":"","ast-main-header-display":"","ast-hfb-above-header-display":"","ast-hfb-below-header-display":"","ast-hfb-mobile-header-display":"","site-post-title":"","ast-breadcrumbs-content":"","ast-featured-img":"","footer-sml-layout":"","ast-disable-related-posts":"","theme-transparent-header-meta":"default","adv-header-id-meta":"","stick-header-meta":"","header-above-stick-meta":"","header-main-stick-meta":"","header-below-stick-meta":"","astra-migrate-meta-layouts":"set","ast-page-background-enabled":"default","ast-page-background-meta":{"desktop":{"background-color":"var(--ast-global-color-4)","background-image":"","background-repeat":"repeat","background-position":"center center","background-size":"auto","background-attachment":"scroll","background-type":"","background-media":"","overlay-type":"","overlay-color":"","overlay-opacity":"","overlay-gradient":""},"tablet":{"background-color":"","background-image":"","background-repeat":"repeat","background-position":"center center","background-size":"auto","background-attachment":"scroll","background-type":"","background-media":"","overlay-type":"","overlay-color":"","overlay-opacity":"","overlay-gradient":""},"mobile":{"background-color":"","background-image":"","background-repeat":"repeat","background-position":"center center","background-size":"auto","background-attachment":"scroll","background-type":"","background-media":"","overlay-type":"","overlay-color":"","overlay-opacity":"","overlay-gradient":""}},"ast-content-background-meta":{"desktop":{"background-color":"var(--ast-global-color-5)","background-image":"","background-repeat":"repeat","background-position":"center center","background-size":"auto","background-attachment":"scroll","background-type":"","background-media":"","overlay-type":"","overlay-color":"","overlay-opacity":"","overlay-gradient":""},"tablet":{"background-color":"var(--ast-global-color-5)","background-image":"","background-repeat":"repeat","background-position":"center center","background-size":"auto","background-attachment":"scroll","background-type":"","background-media":"","overlay-type":"","overlay-color":"","overlay-opacity":"","overlay-gradient":""},"mobile":{"background-color":"var(--ast-global-color-5)","background-image":"","background-repeat":"repeat","background-position":"center center","background-size":"auto","background-attachment":"scroll","background-type":"","background-media":"","overlay-type":"","overlay-color":"","overlay-opacity":"","overlay-gradient":""}}},"product_brand":[],"product_cat":[31],"product_tag":[],"class_list":{"0":"post-1803","1":"product","2":"type-product","3":"status-publish","4":"has-post-thumbnail","6":"product_cat-cava-reserva","7":"desktop-align-center","8":"tablet-align-left","9":"mobile-align-left","11":"first","12":"instock","13":"shipping-taxable","14":"purchasable","15":"product-type-simple"},"_links":{"self":[{"href":"https:\/\/cavagiro.com\/es\/wp-json\/wp\/v2\/product\/1803","targetHints":{"allow":["GET"]}}],"collection":[{"href":"https:\/\/cavagiro.com\/es\/wp-json\/wp\/v2\/product"}],"about":[{"href":"https:\/\/cavagiro.com\/es\/wp-json\/wp\/v2\/types\/product"}],"replies":[{"embeddable":true,"href":"https:\/\/cavagiro.com\/es\/wp-json\/wp\/v2\/comments?post=1803"}],"wp:featuredmedia":[{"embeddable":true,"href":"https:\/\/cavagiro.com\/es\/wp-json\/wp\/v2\/media\/1804"}],"wp:attachment":[{"href":"https:\/\/cavagiro.com\/es\/wp-json\/wp\/v2\/media?parent=1803"}],"wp:term":[{"taxonomy":"product_brand","embeddable":true,"href":"https:\/\/cavagiro.com\/es\/wp-json\/wp\/v2\/product_brand?post=1803"},{"taxonomy":"product_cat","embeddable":true,"href":"https:\/\/cavagiro.com\/es\/wp-json\/wp\/v2\/product_cat?post=1803"},{"taxonomy":"product_tag","embeddable":true,"href":"https:\/\/cavagiro.com\/es\/wp-json\/wp\/v2\/product_tag?post=1803"}],"curies":[{"name":"wp","href":"https:\/\/api.w.org\/{rel}","templated":true}]}}